{"id":30343,"date":"2025-12-05T17:11:47","date_gmt":"2025-12-05T17:11:47","guid":{"rendered":"https:\/\/motokary-karting.sk\/?post_type=product&#038;p=30343"},"modified":"2026-02-11T10:07:23","modified_gmt":"2026-02-11T10:07:23","slug":"helma-bell-kc7-cmr-pro-lewis-hamilton-edition","status":"publish","type":"product","link":"https:\/\/motokary-karting.sk\/cz\/produkt\/bell-prilba-kc7-cmr-pro-lewis-hamilton-edition\/","title":{"rendered":"P\u0159ilba Bell KC7 CMR PRO Lewis Hamilton Edition"},"content":{"rendered":"<p>P\u0159ilba BELL KC7 CMR v jedine\u010dn\u00e9 edici Lewis Hamilton - design t\u00e9to p\u0159ilby je inspirov\u00e1n designem sedmin\u00e1sobn\u00e9ho mistra sv\u011bta Formule 1 Lewise Hamiltona. Robustn\u00ed, n\u00e1razuvzdorn\u00e1 a extr\u00e9mn\u011b lehk\u00e1 sko\u0159epina je vyrobena z kompozitn\u00edho lamin\u00e1tu karbonu, kevlaru a skeln\u00fdch vl\u00e1ken. \u010ctrn\u00e1ct v\u011btrac\u00edch kan\u00e1lk\u016f zaji\u0161\u0165uje vynikaj\u00edc\u00ed ventilaci, zat\u00edmco progresivn\u011b pohodln\u00e9 polstrov\u00e1n\u00ed se dokonale p\u0159izp\u016fsob\u00ed hlav\u011b - bez jak\u00fdchkoli tlakov\u00fdch bod\u016f.<\/p>\n<p>Standardn\u00ed v\u00fdbava zahrnuje kompletn\u00ed sadu spoiler\u016f, hled\u00ed helmy a kvalitn\u00ed pouzdro na helmu Bell.<\/p>\n<p>Homologace: SNELL CMR2016<\/p>\n<p>Motok\u00e1rov\u00e9 p\u0159ilby BELL<br \/>\nV motok\u00e1r\u00e1ch je Bell tak\u00e9 pr\u016fkopn\u00edkem v oblasti bezpe\u010dnosti a inovac\u00ed, proto\u017ee jako prvn\u00ed v\u00fdrobce splnil bezpe\u010dnostn\u00ed normu Snell FIA CMR pro d\u011btsk\u00e9 p\u0159ilby, kter\u00e1 byla zavedena v roce 2007. Ka\u017ed\u00e1 p\u0159ilba motok\u00e1rov\u00e9 \u0159ady, kter\u00e1 technicky i vzhledov\u011b vych\u00e1z\u00ed z motocyklov\u00fdch p\u0159ileb, je ru\u010dn\u011b vyrobena z karbonu a kevlaru a dal\u0161\u00edch speci\u00e1ln\u00edch vl\u00e1ken pro maxim\u00e1ln\u00ed absorpci energie. Krom\u011b nejvy\u0161\u0161\u00ed \u00farovn\u011b bezpe\u010dnosti v t\u00e9to kategorii dotv\u00e1\u0159\u00ed image motok\u00e1rov\u00fdch p\u0159ileb Bell dokonal\u00e1 aerodynamika, \u00fa\u010dinn\u00e1 koncepce ventilace a komfortn\u00ed prvky.<\/p>","protected":false},"excerpt":{"rendered":"<p>P\u0159ilba BELL KC7 CMR v jedine\u010dn\u00e9 edici Lewis Hamilton - design t\u00e9to p\u0159ilby je inspirov\u00e1n designem sedmin\u00e1sobn\u00e9ho mistra sv\u011bta Formule 1 Lewise Hamiltona. Robustn\u00ed, n\u00e1razuvzdorn\u00e1 p\u0159ilba...<\/p>","protected":false},"featured_media":30350,"template":"","meta":[],"product_brand":[],"product_cat":[962,21,18],"product_tag":[963,964,3423,969,3421,3419,978,965,975,142,1344,968,81],"class_list":{"0":"post-30343","1":"product","2":"type-product","3":"status-publish","4":"has-post-thumbnail","6":"product_cat-bell","7":"product_cat-prilby","8":"product_cat-vybava-pretekara","9":"product_tag-bell","10":"product_tag-bell-helmets","11":"product_tag-bell-kc7-lewis-hamilton","12":"product_tag-bell-kc7-cmr","13":"product_tag-bell-lando","14":"product_tag-bell-lando-norris","15":"product_tag-bell-lewis-hamilton","16":"product_tag-bell-prilba","17":"product_tag-carbon","18":"product_tag-karting","19":"product_tag-karting-shop","20":"product_tag-kc7-cmr","21":"product_tag-motokary","23":"first","24":"onbackorder","25":"taxable","26":"shipping-taxable","27":"purchasable","28":"product-type-variable","29":"customify-col","30":"product-has-gallery"},"aioseo_notices":[],"_links":{"self":[{"href":"https:\/\/motokary-karting.sk\/cz\/wp-json\/wp\/v2\/product\/30343","targetHints":{"allow":["GET"]}}],"collection":[{"href":"https:\/\/motokary-karting.sk\/cz\/wp-json\/wp\/v2\/product"}],"about":[{"href":"https:\/\/motokary-karting.sk\/cz\/wp-json\/wp\/v2\/types\/product"}],"wp:featuredmedia":[{"embeddable":true,"href":"https:\/\/motokary-karting.sk\/cz\/wp-json\/wp\/v2\/media\/30350"}],"wp:attachment":[{"href":"https:\/\/motokary-karting.sk\/cz\/wp-json\/wp\/v2\/media?parent=30343"}],"wp:term":[{"taxonomy":"product_brand","embeddable":true,"href":"https:\/\/motokary-karting.sk\/cz\/wp-json\/wp\/v2\/product_brand?post=30343"},{"taxonomy":"product_cat","embeddable":true,"href":"https:\/\/motokary-karting.sk\/cz\/wp-json\/wp\/v2\/product_cat?post=30343"},{"taxonomy":"product_tag","embeddable":true,"href":"https:\/\/motokary-karting.sk\/cz\/wp-json\/wp\/v2\/product_tag?post=30343"}],"curies":[{"name":"wp","href":"https:\/\/api.w.org\/{rel}","templated":true}]}}