{"id":30359,"date":"2025-12-05T17:22:16","date_gmt":"2025-12-05T17:22:16","guid":{"rendered":"https:\/\/motokary-karting.sk\/?post_type=product&#038;p=30359"},"modified":"2026-02-11T10:24:34","modified_gmt":"2026-02-11T10:24:34","slug":"prilba-sparco-stealth-cmr","status":"publish","type":"product","link":"https:\/\/motokary-karting.sk\/cz\/produkt\/sparco-prilba-stealth-cmr\/","title":{"rendered":"P\u0159ilba Sparco Stealth-CMR"},"content":{"rendered":"<p>Tato extr\u00e9mn\u011b lehk\u00e1 d\u011btsk\u00e1 motok\u00e1rov\u00e1 p\u0159ilba je schv\u00e1lena CIK\/FIA pro d\u011bti a ml\u00e1de\u017e do 15 let. Jej\u00ed robustn\u00ed konstrukce sko\u0159epiny ze skeln\u00fdch vl\u00e1ken nab\u00edz\u00ed maxim\u00e1ln\u00ed bezpe\u010dnost p\u0159i minim\u00e1ln\u00ed hmotnosti. Deset aerodynamicky integrovan\u00fdch v\u011btrac\u00edch otvor\u016f v oblasti \u010dela, \u00fast a zadn\u00ed \u010d\u00e1sti hlavy zaji\u0161\u0165uje optim\u00e1ln\u00ed chlazen\u00ed a p\u0159\u00edvod \u010derstv\u00e9ho vzduchu. Nov\u00fd, u\u017eivatelsky p\u0159\u00edv\u011btiv\u00fd syst\u00e9m uzamyk\u00e1n\u00ed hled\u00ed umo\u017e\u0148uje snadn\u00e9 a bezpe\u010dn\u00e9 ovl\u00e1d\u00e1n\u00ed, zat\u00edmco velkorys\u00e9 zorn\u00e9 pole zaru\u010duje vynikaj\u00edc\u00ed viditelnost a maxim\u00e1ln\u00ed soust\u0159ed\u011bn\u00ed na tra\u0165.<\/p>\n<p>Schv\u00e1leno podle Snell CMR2016<\/p>","protected":false},"excerpt":{"rendered":"<p>Tato extr\u00e9mn\u011b lehk\u00e1 d\u011btsk\u00e1 motok\u00e1rov\u00e1 p\u0159ilba je schv\u00e1lena CIK\/FIA pro d\u011bti a ml\u00e1de\u017e do 15 let. Jej\u00ed robustn\u00ed sko\u0159epina z kompozitn\u00edch skeln\u00fdch vl\u00e1ken nab\u00edz\u00ed maxim\u00e1ln\u00ed odolnost....<\/p>","protected":false},"featured_media":30372,"template":"","meta":[],"product_brand":[],"product_cat":[21,986,158,18],"product_tag":[142,1344,984,81,985,987,3303,26,988],"class_list":{"0":"post-30359","1":"product","2":"type-product","3":"status-publish","4":"has-post-thumbnail","6":"product_cat-prilby","7":"product_cat-sparco-prilby","8":"product_cat-tip-na-darcek","9":"product_cat-vybava-pretekara","10":"product_tag-karting","11":"product_tag-karting-shop","12":"product_tag-motokarova-prilba","13":"product_tag-motokary","14":"product_tag-prilba-na-motokary","15":"product_tag-prilba-sparco","16":"product_tag-prilba-sparcox-pro","17":"product_tag-sparco","18":"product_tag-sparco-prilba","20":"first","21":"onbackorder","22":"taxable","23":"shipping-taxable","24":"purchasable","25":"product-type-variable","26":"customify-col","27":"product-has-gallery"},"aioseo_notices":[],"_links":{"self":[{"href":"https:\/\/motokary-karting.sk\/cz\/wp-json\/wp\/v2\/product\/30359","targetHints":{"allow":["GET"]}}],"collection":[{"href":"https:\/\/motokary-karting.sk\/cz\/wp-json\/wp\/v2\/product"}],"about":[{"href":"https:\/\/motokary-karting.sk\/cz\/wp-json\/wp\/v2\/types\/product"}],"wp:featuredmedia":[{"embeddable":true,"href":"https:\/\/motokary-karting.sk\/cz\/wp-json\/wp\/v2\/media\/30372"}],"wp:attachment":[{"href":"https:\/\/motokary-karting.sk\/cz\/wp-json\/wp\/v2\/media?parent=30359"}],"wp:term":[{"taxonomy":"product_brand","embeddable":true,"href":"https:\/\/motokary-karting.sk\/cz\/wp-json\/wp\/v2\/product_brand?post=30359"},{"taxonomy":"product_cat","embeddable":true,"href":"https:\/\/motokary-karting.sk\/cz\/wp-json\/wp\/v2\/product_cat?post=30359"},{"taxonomy":"product_tag","embeddable":true,"href":"https:\/\/motokary-karting.sk\/cz\/wp-json\/wp\/v2\/product_tag?post=30359"}],"curies":[{"name":"wp","href":"https:\/\/api.w.org\/{rel}","templated":true}]}}