{"id":30391,"date":"2025-12-08T10:51:05","date_gmt":"2025-12-08T10:51:05","guid":{"rendered":"https:\/\/motokary-karting.sk\/?post_type=product&#038;p=30391"},"modified":"2026-02-11T10:56:23","modified_gmt":"2026-02-11T10:56:23","slug":"sparco-shoes-k-rapid-wp-vodotesny-zatahovaci-system","status":"publish","type":"product","link":"https:\/\/motokary-karting.sk\/cz\/produkt\/sparco-topanky-k-rapid-wp-waterproof-zatahovaci-system\/","title":{"rendered":"Vodot\u011bsn\u00e9 boty Sparco K-Rapid WP (zatahovac\u00ed syst\u00e9m)"},"content":{"rendered":"<p>Motok\u00e1rov\u00e1 obuv Sparco K-Rapid WP, homologovan\u00e1 podle normy FIA 8877-2022, m\u00e1 vodoodpudivou membr\u00e1nu, kter\u00e1 udr\u017euje nohy v\u011bt\u0161inou v suchu. Tenk\u00fd svr\u0161ek z mikrovl\u00e1kna a prody\u0161n\u00e1 pod\u0161\u00edvka ze s\u00ed\u0165oviny nab\u00edzej\u00ed v\u00fdjime\u010dnou lehkost, optim\u00e1ln\u00ed p\u0159izp\u016fsoben\u00ed a vynikaj\u00edc\u00ed pohodl\u00ed. Zap\u00edn\u00e1n\u00ed na kole\u010dka a syst\u00e9m k\u0159\u00ed\u017eov\u00e9ho \u0161n\u011brov\u00e1n\u00ed umo\u017e\u0148uj\u00ed mikro\u00fapravy, kter\u00e9 zaji\u0161\u0165uj\u00ed bleskurychl\u00e9 dokonal\u00e9 padnut\u00ed. Robustn\u00ed podr\u00e1\u017eka z p\u0159\u00edrodn\u00edho kau\u010duku poskytuje maxim\u00e1ln\u00ed p\u0159ilnavost a vynikaj\u00edc\u00ed pocit p\u0159i \u0161lap\u00e1n\u00ed, a to i na mokr\u00e9m nebo mastn\u00e9m povrchu.<\/p>","protected":false},"excerpt":{"rendered":"<p>Motok\u00e1rov\u00e1 obuv Sparco K-Rapid WP, homologovan\u00e1 podle normy FIA 8877-2022, m\u00e1 vodoodpudivou membr\u00e1nu, kter\u00e1 udr\u017euje nohy v\u011bt\u0161inou v suchu. Tenk\u00fd svr\u0161ek z mikrovl\u00e1kna a prody\u0161n\u00e1 pod\u0161\u00edvka ze s\u00ed\u0165oviny...<\/p>","protected":false},"featured_media":30541,"template":"","meta":[],"product_brand":[],"product_cat":[95,28,18],"product_tag":[937,142,940,81,938,26,3324,87,939],"class_list":{"0":"post-30391","1":"product","2":"type-product","3":"status-publish","4":"has-post-thumbnail","6":"product_cat-sparco-topanky","7":"product_cat-topanky","8":"product_cat-vybava-pretekara","9":"product_tag-jazdecke-topanky","10":"product_tag-karting","11":"product_tag-motokarove-topanky","12":"product_tag-motokary","13":"product_tag-pretekarske-topanky","14":"product_tag-sparco","15":"product_tag-sparco-k-prime","16":"product_tag-topanky","17":"product_tag-topanky-na-motokary","19":"first","20":"onbackorder","21":"taxable","22":"shipping-taxable","23":"purchasable","24":"product-type-variable","25":"customify-col","26":"product-has-gallery"},"aioseo_notices":[],"_links":{"self":[{"href":"https:\/\/motokary-karting.sk\/cz\/wp-json\/wp\/v2\/product\/30391","targetHints":{"allow":["GET"]}}],"collection":[{"href":"https:\/\/motokary-karting.sk\/cz\/wp-json\/wp\/v2\/product"}],"about":[{"href":"https:\/\/motokary-karting.sk\/cz\/wp-json\/wp\/v2\/types\/product"}],"wp:featuredmedia":[{"embeddable":true,"href":"https:\/\/motokary-karting.sk\/cz\/wp-json\/wp\/v2\/media\/30541"}],"wp:attachment":[{"href":"https:\/\/motokary-karting.sk\/cz\/wp-json\/wp\/v2\/media?parent=30391"}],"wp:term":[{"taxonomy":"product_brand","embeddable":true,"href":"https:\/\/motokary-karting.sk\/cz\/wp-json\/wp\/v2\/product_brand?post=30391"},{"taxonomy":"product_cat","embeddable":true,"href":"https:\/\/motokary-karting.sk\/cz\/wp-json\/wp\/v2\/product_cat?post=30391"},{"taxonomy":"product_tag","embeddable":true,"href":"https:\/\/motokary-karting.sk\/cz\/wp-json\/wp\/v2\/product_tag?post=30391"}],"curies":[{"name":"wp","href":"https:\/\/api.w.org\/{rel}","templated":true}]}}