{"id":3050,"date":"2024-08-27T21:54:29","date_gmt":"2024-08-27T21:54:29","guid":{"rendered":"https:\/\/motokary-karting.sk\/?post_type=product&#038;p=3050"},"modified":"2026-01-31T17:20:31","modified_gmt":"2026-01-31T17:20:31","slug":"kreslo-sparco-paddock","status":"publish","type":"product","link":"https:\/\/motokary-karting.sk\/cz\/produkt\/sparco-paddock-chair\/","title":{"rendered":"Sparco PADDOCK CHAIR"},"content":{"rendered":"<p>Perfektn\u00ed lehk\u00e1 hlin\u00edkov\u00e1 skl\u00e1dac\u00ed \u017eidle vhodn\u00e1 do depa\/stanu do auta, na z\u00e1vody atd..... Nebo doma na terase \u010di v gar\u00e1\u017ei \ud83d\ude42<\/p>","protected":false},"excerpt":{"rendered":"<p>Perfektn\u00ed lehk\u00e1 hlin\u00edkov\u00e1 skl\u00e1dac\u00ed \u017eidle vhodn\u00e1 do depa\/stanu do auta, na z\u00e1vody atd..... Nebo doma na terase \u010di v gar\u00e1\u017ei \ud83d\ude42<\/p>","protected":false},"featured_media":32601,"template":"","meta":[],"product_brand":[],"product_cat":[32,742,3360,158,58],"product_tag":[142,1344,954,960,945,959,26,946,2305,961,955,2304,2306],"class_list":{"0":"post-3050","1":"product","2":"type-product","3":"status-publish","4":"has-post-thumbnail","6":"product_cat-lifestyle-oblecenie-a-produkty-na-volny-cas","7":"product_cat-ostatne-lifestyloblecenieadoplnky","8":"product_cat-ostatne-vybava-do-garaze","9":"product_cat-tip-na-darcek","10":"product_cat-vybava-do-garaze","11":"product_tag-karting","12":"product_tag-karting-shop","13":"product_tag-motokar","14":"product_tag-paddock-chair","15":"product_tag-predajna-sparco","16":"product_tag-skoba-na-kluce","17":"product_tag-sparco","18":"product_tag-sparco-dealer","19":"product_tag-sparco-kreslo","20":"product_tag-sparco-paddock-chair","21":"product_tag-sparco-predajna","22":"product_tag-sparco-stolicka","23":"product_tag-stolicka-sparco","25":"first","26":"instock","27":"sale","28":"taxable","29":"shipping-taxable","30":"purchasable","31":"product-type-simple","32":"customify-col","33":"product-has-gallery"},"aioseo_notices":[],"_links":{"self":[{"href":"https:\/\/motokary-karting.sk\/cz\/wp-json\/wp\/v2\/product\/3050","targetHints":{"allow":["GET"]}}],"collection":[{"href":"https:\/\/motokary-karting.sk\/cz\/wp-json\/wp\/v2\/product"}],"about":[{"href":"https:\/\/motokary-karting.sk\/cz\/wp-json\/wp\/v2\/types\/product"}],"wp:featuredmedia":[{"embeddable":true,"href":"https:\/\/motokary-karting.sk\/cz\/wp-json\/wp\/v2\/media\/32601"}],"wp:attachment":[{"href":"https:\/\/motokary-karting.sk\/cz\/wp-json\/wp\/v2\/media?parent=3050"}],"wp:term":[{"taxonomy":"product_brand","embeddable":true,"href":"https:\/\/motokary-karting.sk\/cz\/wp-json\/wp\/v2\/product_brand?post=3050"},{"taxonomy":"product_cat","embeddable":true,"href":"https:\/\/motokary-karting.sk\/cz\/wp-json\/wp\/v2\/product_cat?post=3050"},{"taxonomy":"product_tag","embeddable":true,"href":"https:\/\/motokary-karting.sk\/cz\/wp-json\/wp\/v2\/product_tag?post=3050"}],"curies":[{"name":"wp","href":"https:\/\/api.w.org\/{rel}","templated":true}]}}