{"id":3062,"date":"2020-12-21T22:25:36","date_gmt":"2020-12-21T22:25:36","guid":{"rendered":"https:\/\/motokary-karting.sk\/?post_type=product&#038;p=3062"},"modified":"2026-02-11T10:22:45","modified_gmt":"2026-02-11T10:22:45","slug":"bell-kc7-cmr-carbon","status":"publish","type":"product","link":"https:\/\/motokary-karting.sk\/cz\/produkt\/bell-kc7-cmr-carbon\/","title":{"rendered":"Bell KC7-CMR CARBON"},"content":{"rendered":"<p>Vysoce v\u00fdkonn\u00e1 d\u011btsk\u00e1 motok\u00e1rov\u00e1 p\u0159ilba s p\u0159esv\u011bd\u010div\u00fdm tvarem, homologovan\u00e1 podle Snell CMR2016 - p\u0159edepsan\u00e1 CIK\/FIA pro d\u011bti a ml\u00e1de\u017e do 15 let, schv\u00e1len\u00e1 pro jezdce do 18 let. Stejn\u00fd, aerodynamicky optimalizovan\u00fd tvar sko\u0159epiny jako u \u0161pi\u010dkov\u00e9ho modelu HP7 spole\u010dnosti Bell.<\/p>\n<p>D\u00edky ultralehk\u00e9 karbonov\u00e9 vn\u011bj\u0161\u00ed sko\u0159epin\u011b je KC7 CMR Carbon p\u0159ibli\u017en\u011b o 100 gram\u016f leh\u010d\u00ed ne\u017e verze ze skeln\u00fdch vl\u00e1ken. 14 sm\u011brov\u00fdch v\u011btrac\u00edch otvor\u016f zaji\u0161\u0165uje vynikaj\u00edc\u00ed ventilaci, zat\u00edmco progresivn\u011b pohodln\u00e9 polstrov\u00e1n\u00ed se dokonale p\u0159izp\u016fsob\u00ed hlav\u011b - bez tlakov\u00fdch bod\u016f. Roz\u0161\u00ed\u0159en\u00ed o r\u016fzn\u00e9 spoilery a dal\u0161\u00ed ventila\u010dn\u00ed vlo\u017eky je snadno mo\u017en\u00e9. Mlhov\u00fd \u0161t\u00edt s dvojitou vnit\u0159n\u00ed v\u00fdstelkou je sou\u010d\u00e1st\u00ed standardn\u00ed v\u00fdbavy.<\/p>","protected":false},"excerpt":{"rendered":"<p>Vysoce v\u00fdkonn\u00e1 d\u011btsk\u00e1 motok\u00e1rov\u00e1 p\u0159ilba s p\u0159esv\u011bd\u010div\u00fdm tvarem, homologovan\u00e1 podle Snell CMR2016 - p\u0159edepsan\u00e1 CIK \/ FIA pro d\u011bti a ml\u00e1de\u017e do 15 let, schv\u00e1len\u00e1...<\/p>","protected":false},"featured_media":3063,"template":"","meta":[],"product_brand":[],"product_cat":[962,21,18],"product_tag":[963,964,2016,969,976,965,1676,1818,975,1728,142,1344,968,2017,81,2015,1698,1680],"class_list":{"0":"post-3062","1":"product","2":"type-product","3":"status-publish","4":"has-post-thumbnail","6":"product_cat-bell","7":"product_cat-prilby","8":"product_cat-vybava-pretekara","9":"product_tag-bell","10":"product_tag-bell-helmets","11":"product_tag-bell-helmy","12":"product_tag-bell-kc7-cmr","13":"product_tag-bell-kc7-cmr-carbon","14":"product_tag-bell-prilba","15":"product_tag-bell-prilby","16":"product_tag-bell-shop","17":"product_tag-carbon","18":"product_tag-kart-shop","19":"product_tag-karting","20":"product_tag-karting-shop","21":"product_tag-kc7-cmr","22":"product_tag-motokarove-prilby-bell","23":"product_tag-motokary","24":"product_tag-predaj-prilieb-bell","25":"product_tag-predajna-motokar","26":"product_tag-prilba-na-motokaru","28":"first","29":"onbackorder","30":"taxable","31":"shipping-taxable","32":"purchasable","33":"product-type-variable","34":"customify-col","35":"product-has-gallery"},"aioseo_notices":[],"_links":{"self":[{"href":"https:\/\/motokary-karting.sk\/cz\/wp-json\/wp\/v2\/product\/3062","targetHints":{"allow":["GET"]}}],"collection":[{"href":"https:\/\/motokary-karting.sk\/cz\/wp-json\/wp\/v2\/product"}],"about":[{"href":"https:\/\/motokary-karting.sk\/cz\/wp-json\/wp\/v2\/types\/product"}],"wp:featuredmedia":[{"embeddable":true,"href":"https:\/\/motokary-karting.sk\/cz\/wp-json\/wp\/v2\/media\/3063"}],"wp:attachment":[{"href":"https:\/\/motokary-karting.sk\/cz\/wp-json\/wp\/v2\/media?parent=3062"}],"wp:term":[{"taxonomy":"product_brand","embeddable":true,"href":"https:\/\/motokary-karting.sk\/cz\/wp-json\/wp\/v2\/product_brand?post=3062"},{"taxonomy":"product_cat","embeddable":true,"href":"https:\/\/motokary-karting.sk\/cz\/wp-json\/wp\/v2\/product_cat?post=3062"},{"taxonomy":"product_tag","embeddable":true,"href":"https:\/\/motokary-karting.sk\/cz\/wp-json\/wp\/v2\/product_tag?post=3062"}],"curies":[{"name":"wp","href":"https:\/\/api.w.org\/{rel}","templated":true}]}}