{"id":30639,"date":"2025-12-08T12:15:45","date_gmt":"2025-12-08T12:15:45","guid":{"rendered":"https:\/\/motokary-karting.sk\/?post_type=product&#038;p=30639"},"modified":"2026-01-29T19:07:07","modified_gmt":"2026-01-29T19:07:07","slug":"ram-bundy-sparco-martini-racing","status":"publish","type":"product","link":"https:\/\/motokary-karting.sk\/cz\/produkt\/sparco-bunda-frame-martini-racing\/","title":{"rendered":"R\u00e1m bundy Sparco MARTINI RACING"},"content":{"rendered":"<p>Lehk\u00e1 pro\u0161\u00edvan\u00e1 bunda Sparco v ikonick\u00e9m designu MARTINI RACING, vyroben\u00e1 z v\u011btruodoln\u00e9ho a vod\u011bodoln\u00e9ho materi\u00e1lu s pleten\u00fdmi softshellov\u00fdmi bo\u010dn\u00edmi panely a membr\u00e1nou TPU pro spolehlivou ochranu p\u0159ed nep\u0159\u00edzn\u00ed po\u010das\u00ed. M\u00e1 vod\u011bodoln\u00fd WR zip pro v\u011bt\u0161\u00ed pohodl\u00ed a funk\u010dnost.<\/p>\n<p>100 % OPACO polyester<\/p>","protected":false},"excerpt":{"rendered":"<p>Lehk\u00e1 pro\u0161\u00edvan\u00e1 bunda Sparco v ikonick\u00e9m designu MARTINI RACING, vyroben\u00e1 z v\u011btruodoln\u00e9ho a nepromokav\u00e9ho materi\u00e1lu s pleten\u00fdmi softshellov\u00fdmi bo\u010dn\u00edmi panely a membr\u00e1nou TPU pro...<\/p>","protected":false},"featured_media":30654,"template":"","meta":[],"product_brand":[],"product_cat":[2916,32,1458],"product_tag":[3073,3059,3061,3058,1728,142,213,1421,3078,81,26,1419,1418,3057,3060,1420,1755,3080,3079],"class_list":{"0":"post-30639","1":"product","2":"type-product","3":"status-publish","4":"has-post-thumbnail","6":"product_cat-bundy","7":"product_cat-lifestyle-oblecenie-a-produkty-na-volny-cas","8":"product_cat-martini-racing","9":"product_tag-bunda-martini-racing","10":"product_tag-bunda-na-zips","11":"product_tag-bunda-na-zips-sparco","12":"product_tag-bunda-sparco","13":"product_tag-kart-shop","14":"product_tag-karting","15":"product_tag-lifestyle","16":"product_tag-martini-racing","17":"product_tag-martini-racing-bunda","18":"product_tag-motokary","19":"product_tag-sparco","20":"product_tag-sparco-bomber","21":"product_tag-sparco-bomber-bunda","22":"product_tag-sparco-bunda","23":"product_tag-sparco-bunda-na-zips","24":"product_tag-sparco-martini-racing","25":"product_tag-sparco-shop","26":"product_tag-sparco-vetrovka","27":"product_tag-vetrovka-sparco","29":"first","30":"onbackorder","31":"taxable","32":"shipping-taxable","33":"purchasable","34":"product-type-variable","35":"customify-col","36":"product-has-gallery"},"aioseo_notices":[],"_links":{"self":[{"href":"https:\/\/motokary-karting.sk\/cz\/wp-json\/wp\/v2\/product\/30639","targetHints":{"allow":["GET"]}}],"collection":[{"href":"https:\/\/motokary-karting.sk\/cz\/wp-json\/wp\/v2\/product"}],"about":[{"href":"https:\/\/motokary-karting.sk\/cz\/wp-json\/wp\/v2\/types\/product"}],"wp:featuredmedia":[{"embeddable":true,"href":"https:\/\/motokary-karting.sk\/cz\/wp-json\/wp\/v2\/media\/30654"}],"wp:attachment":[{"href":"https:\/\/motokary-karting.sk\/cz\/wp-json\/wp\/v2\/media?parent=30639"}],"wp:term":[{"taxonomy":"product_brand","embeddable":true,"href":"https:\/\/motokary-karting.sk\/cz\/wp-json\/wp\/v2\/product_brand?post=30639"},{"taxonomy":"product_cat","embeddable":true,"href":"https:\/\/motokary-karting.sk\/cz\/wp-json\/wp\/v2\/product_cat?post=30639"},{"taxonomy":"product_tag","embeddable":true,"href":"https:\/\/motokary-karting.sk\/cz\/wp-json\/wp\/v2\/product_tag?post=30639"}],"curies":[{"name":"wp","href":"https:\/\/api.w.org\/{rel}","templated":true}]}}