{"id":30665,"date":"2025-12-08T12:34:30","date_gmt":"2025-12-08T12:34:30","guid":{"rendered":"https:\/\/motokary-karting.sk\/?post_type=product&#038;p=30665"},"modified":"2026-01-30T10:49:56","modified_gmt":"2026-01-30T10:49:56","slug":"sparco-tricko-sim-racing","status":"publish","type":"product","link":"https:\/\/motokary-karting.sk\/cz\/produkt\/sparco-tricko-sim-racing\/","title":{"rendered":"Tri\u010dko Sparco SIM RACING"},"content":{"rendered":"<p>Pohodln\u00e9 tri\u010dko Sparco s jemn\u00fdm sublimovan\u00fdm grafick\u00fdm designem v charakteristick\u00e9m stylu Sparco. Na vy\u017e\u00e1d\u00e1n\u00ed lze p\u0159izp\u016fsobit.<\/p>\n<p>100 % polyester<\/p>","protected":false},"excerpt":{"rendered":"<p>Pohodln\u00e9 tri\u010dko Sparco s jemn\u00fdm sublimovan\u00fdm grafick\u00fdm designem v charakteristick\u00e9m stylu Sparco. Na vy\u017e\u00e1d\u00e1n\u00ed lze p\u0159izp\u016fsobit. 100 polyester %<\/p>","protected":false},"featured_media":30722,"template":"","meta":[],"product_brand":[],"product_cat":[32,158,655],"product_tag":[1728,142,1344,81,945,26,1041,1755,993,261,466],"class_list":{"0":"post-30665","1":"product","2":"type-product","3":"status-publish","4":"has-post-thumbnail","6":"product_cat-lifestyle-oblecenie-a-produkty-na-volny-cas","7":"product_cat-tip-na-darcek","8":"product_cat-tricka","9":"product_tag-kart-shop","10":"product_tag-karting","11":"product_tag-karting-shop","12":"product_tag-motokary","13":"product_tag-predajna-sparco","14":"product_tag-sparco","15":"product_tag-sparco-rookie","16":"product_tag-sparco-shop","17":"product_tag-sparco-tricko","18":"product_tag-tricko","19":"product_tag-tricko-sparco","21":"first","22":"onbackorder","23":"taxable","24":"shipping-taxable","25":"purchasable","26":"product-type-variable","27":"customify-col","28":"product-has-gallery"},"aioseo_notices":[],"_links":{"self":[{"href":"https:\/\/motokary-karting.sk\/cz\/wp-json\/wp\/v2\/product\/30665","targetHints":{"allow":["GET"]}}],"collection":[{"href":"https:\/\/motokary-karting.sk\/cz\/wp-json\/wp\/v2\/product"}],"about":[{"href":"https:\/\/motokary-karting.sk\/cz\/wp-json\/wp\/v2\/types\/product"}],"wp:featuredmedia":[{"embeddable":true,"href":"https:\/\/motokary-karting.sk\/cz\/wp-json\/wp\/v2\/media\/30722"}],"wp:attachment":[{"href":"https:\/\/motokary-karting.sk\/cz\/wp-json\/wp\/v2\/media?parent=30665"}],"wp:term":[{"taxonomy":"product_brand","embeddable":true,"href":"https:\/\/motokary-karting.sk\/cz\/wp-json\/wp\/v2\/product_brand?post=30665"},{"taxonomy":"product_cat","embeddable":true,"href":"https:\/\/motokary-karting.sk\/cz\/wp-json\/wp\/v2\/product_cat?post=30665"},{"taxonomy":"product_tag","embeddable":true,"href":"https:\/\/motokary-karting.sk\/cz\/wp-json\/wp\/v2\/product_tag?post=30665"}],"curies":[{"name":"wp","href":"https:\/\/api.w.org\/{rel}","templated":true}]}}