{"id":3073,"date":"2024-12-12T10:47:41","date_gmt":"2024-12-12T10:47:41","guid":{"rendered":"https:\/\/motokary-karting.sk\/?post_type=product&#038;p=3073"},"modified":"2026-04-07T09:32:35","modified_gmt":"2026-04-07T09:32:35","slug":"zvon-rs7-cmr-bily","status":"publish","type":"product","link":"https:\/\/motokary-karting.sk\/cz\/produkt\/bell-rs7-cmr-biela\/","title":{"rendered":"P\u0159ilba Bell KC7 CMR Pro"},"content":{"rendered":"<p>Motok\u00e1rov\u00e1 verze \u0161pi\u010dkov\u00e9ho modelu HP7, pou\u017e\u00edvan\u00e9ho mimo jin\u00e9 ve Formuli 1, homologovan\u00e1 podle normy Snell-FIA CMH (d\u011btsk\u00e1 motocyklov\u00e1 p\u0159ilba). P\u0159ilby vyroben\u00e9 podle t\u00e9to n\u00e1ro\u010dn\u00e9 normy jsou speci\u00e1ln\u011b navr\u017eeny tak, aby se p\u0159izp\u016fsobily tvaru hlavy d\u011bt\u00ed a dosp\u00edvaj\u00edc\u00edch. Navzdory sv\u00e9 extr\u00e9mn\u00ed odolnosti jsou extr\u00e9mn\u011b lehk\u00e9, \u010d\u00edm\u017e v\u00fdrazn\u011b zvy\u0161uj\u00ed bezpe\u010dnost v d\u011btsk\u00fdch a ml\u00e1de\u017enick\u00fdch motok\u00e1r\u00e1ch.<\/p>\n<p>Po\u017eadov\u00e1no CIK\/FIA pro d\u011bti a ml\u00e1de\u017e do 15 let - schv\u00e1leno pro \u0159idi\u010de do 18 let. Robustn\u00ed, n\u00e1razuvzdorn\u00e1 a extr\u00e9mn\u011b lehk\u00e1 sko\u0159epina p\u0159ilby je vyrobena z kompozitn\u00edho lamin\u00e1tu karbonu, kevlaru a skeln\u00fdch vl\u00e1ken. \u010ctrn\u00e1ct v\u011btrac\u00edch kan\u00e1lk\u016f zaji\u0161\u0165uje vynikaj\u00edc\u00ed ventilaci, zat\u00edmco progresivn\u00ed komfortn\u00ed polstrov\u00e1n\u00ed se dokonale p\u0159izp\u016fsob\u00ed hlav\u011b - bez tlakov\u00fdch bod\u016f. Vylep\u0161en\u00ed pomoc\u00ed r\u016fzn\u00fdch spoiler\u016f a dal\u0161\u00edch ventila\u010dn\u00edch vlo\u017eek je snadno mo\u017en\u00e9. Dvouvrstv\u00fd \u0161t\u00edt proti zaml\u017eov\u00e1n\u00ed je sou\u010d\u00e1st\u00ed standardn\u00ed v\u00fdbavy.<\/p>\n<p>Homologace: SNELL CMR2016<\/p>\n<p>P\u0159ilby BELL Kart<br \/>\nV motok\u00e1r\u00e1ch je spole\u010dnost Bell pr\u016fkopn\u00edkem v oblasti bezpe\u010dnosti a inovac\u00ed, nebo\u0165 jako prvn\u00ed v\u00fdrobce splnila bezpe\u010dnostn\u00ed normu Snell FIA CMR pro d\u011btsk\u00e9 p\u0159ilby, kter\u00e1 byla zavedena v roce 2007. Ka\u017ed\u00e1 p\u0159ilba motok\u00e1rov\u00e9 \u0159ady, kter\u00e1 technicky i vzhledov\u011b vych\u00e1z\u00ed z motocyklov\u00fdch p\u0159ileb, je ru\u010dn\u011b vyrobena z uhl\u00edkov\u00fdch vl\u00e1ken, kevlaru a dal\u0161\u00edch speci\u00e1ln\u00edch vl\u00e1ken pro maxim\u00e1ln\u00ed absorpci energie. Krom\u011b nejvy\u0161\u0161\u00ed \u00farovn\u011b bezpe\u010dnosti v t\u00e9to kategorii se helmy Bell Kart vyzna\u010duj\u00ed vynikaj\u00edc\u00ed aerodynamikou, \u00fa\u010dinn\u00fdm syst\u00e9mem ventilace a komfortn\u00edmi prvky.<\/p>","protected":false},"excerpt":{"rendered":"<p>Motok\u00e1rov\u00e1 verze \u0161pi\u010dkov\u00e9ho modelu HP7, pou\u017e\u00edvan\u00e9ho mimo jin\u00e9 ve Formuli 1, homologovan\u00e1 podle normy Snell-FIA CMH (d\u011btsk\u00e1 motocyklov\u00e1 p\u0159ilba). P\u0159ilby vyroben\u00e9 podle t\u00e9to n\u00e1ro\u010dn\u00e9...<\/p>","protected":false},"featured_media":29424,"template":"","meta":[],"product_brand":[],"product_cat":[962,21,18],"product_tag":[963,1677,964,969,965,1676,980,1728,142,1344,954,981,1675],"class_list":{"0":"post-3073","1":"product","2":"type-product","3":"status-publish","4":"has-post-thumbnail","6":"product_cat-bell","7":"product_cat-prilby","8":"product_cat-vybava-pretekara","9":"product_tag-bell","10":"product_tag-bell-helmet-kc7-cmr","11":"product_tag-bell-helmets","12":"product_tag-bell-kc7-cmr","13":"product_tag-bell-prilba","14":"product_tag-bell-prilby","15":"product_tag-bell-rs7","16":"product_tag-kart-shop","17":"product_tag-karting","18":"product_tag-karting-shop","19":"product_tag-motokar","20":"product_tag-prilba-bell-rs-k","21":"product_tag-prilby-bell","23":"first","24":"instock","25":"taxable","26":"shipping-taxable","27":"purchasable","28":"product-type-variable","29":"customify-col","30":"product-has-gallery"},"aioseo_notices":[],"_links":{"self":[{"href":"https:\/\/motokary-karting.sk\/cz\/wp-json\/wp\/v2\/product\/3073","targetHints":{"allow":["GET"]}}],"collection":[{"href":"https:\/\/motokary-karting.sk\/cz\/wp-json\/wp\/v2\/product"}],"about":[{"href":"https:\/\/motokary-karting.sk\/cz\/wp-json\/wp\/v2\/types\/product"}],"wp:featuredmedia":[{"embeddable":true,"href":"https:\/\/motokary-karting.sk\/cz\/wp-json\/wp\/v2\/media\/29424"}],"wp:attachment":[{"href":"https:\/\/motokary-karting.sk\/cz\/wp-json\/wp\/v2\/media?parent=3073"}],"wp:term":[{"taxonomy":"product_brand","embeddable":true,"href":"https:\/\/motokary-karting.sk\/cz\/wp-json\/wp\/v2\/product_brand?post=3073"},{"taxonomy":"product_cat","embeddable":true,"href":"https:\/\/motokary-karting.sk\/cz\/wp-json\/wp\/v2\/product_cat?post=3073"},{"taxonomy":"product_tag","embeddable":true,"href":"https:\/\/motokary-karting.sk\/cz\/wp-json\/wp\/v2\/product_tag?post=3073"}],"curies":[{"name":"wp","href":"https:\/\/api.w.org\/{rel}","templated":true}]}}