{"id":30749,"date":"2025-12-12T08:31:15","date_gmt":"2025-12-12T08:31:15","guid":{"rendered":"https:\/\/motokary-karting.sk\/?post_type=product&#038;p=30749"},"modified":"2026-03-30T09:27:03","modified_gmt":"2026-03-30T09:27:03","slug":"benzinova-hadice-25-m-zelena-6x9-mm","status":"publish","type":"product","link":"https:\/\/motokary-karting.sk\/cz\/produkt\/benzinova-hadica-25-m-zelena-6x9-mm\/","title":{"rendered":"Benz\u00ednov\u00e1 (palivov\u00e1) hadice - 2,5 m zelen\u00e1 6\u00d79 mm"},"content":{"rendered":"","protected":false},"excerpt":{"rendered":"<p>Zbo\u017e\u00ed na sklad\u011b je expedov\u00e1no okam\u017eit\u011b<\/p>","protected":false},"featured_media":30750,"template":"","meta":[],"product_brand":[],"product_cat":[271,276,371],"product_tag":[376,142,81,377],"class_list":{"0":"post-30749","1":"product","2":"type-product","3":"status-publish","4":"has-post-thumbnail","6":"product_cat-nahradne-diely-na-podvozky","7":"product_cat-ostatne","8":"product_cat-ostatne-prislusenstvokmotorom","9":"product_tag-benzinova-hadica","10":"product_tag-karting","11":"product_tag-motokary","12":"product_tag-palivova-hadica","14":"first","15":"instock","16":"sale","17":"taxable","18":"shipping-taxable","19":"purchasable","20":"product-type-simple","21":"customify-col"},"aioseo_notices":[],"_links":{"self":[{"href":"https:\/\/motokary-karting.sk\/cz\/wp-json\/wp\/v2\/product\/30749","targetHints":{"allow":["GET"]}}],"collection":[{"href":"https:\/\/motokary-karting.sk\/cz\/wp-json\/wp\/v2\/product"}],"about":[{"href":"https:\/\/motokary-karting.sk\/cz\/wp-json\/wp\/v2\/types\/product"}],"wp:featuredmedia":[{"embeddable":true,"href":"https:\/\/motokary-karting.sk\/cz\/wp-json\/wp\/v2\/media\/30750"}],"wp:attachment":[{"href":"https:\/\/motokary-karting.sk\/cz\/wp-json\/wp\/v2\/media?parent=30749"}],"wp:term":[{"taxonomy":"product_brand","embeddable":true,"href":"https:\/\/motokary-karting.sk\/cz\/wp-json\/wp\/v2\/product_brand?post=30749"},{"taxonomy":"product_cat","embeddable":true,"href":"https:\/\/motokary-karting.sk\/cz\/wp-json\/wp\/v2\/product_cat?post=30749"},{"taxonomy":"product_tag","embeddable":true,"href":"https:\/\/motokary-karting.sk\/cz\/wp-json\/wp\/v2\/product_tag?post=30749"}],"curies":[{"name":"wp","href":"https:\/\/api.w.org\/{rel}","templated":true}]}}