{"id":30752,"date":"2025-12-12T08:44:14","date_gmt":"2025-12-12T08:44:14","guid":{"rendered":"https:\/\/motokary-karting.sk\/?post_type=product&#038;p=30752"},"modified":"2026-02-11T10:58:56","modified_gmt":"2026-02-11T10:58:56","slug":"alpinestars-boty-supertech-k","status":"publish","type":"product","link":"https:\/\/motokary-karting.sk\/cz\/produkt\/alpinestars-boty-supertech-k\/","title":{"rendered":"Boty Alpinestars SuperTech K"},"content":{"rendered":"<p>Motok\u00e1rov\u00e1 obuv Alpinestars Supertech K m\u00e1 ultralehk\u00fd, pln\u011b pleten\u00fd svr\u0161ek pro dokonal\u00e9 padnut\u00ed, maxim\u00e1ln\u00ed pohodl\u00ed a vynikaj\u00edc\u00ed prody\u0161nost.<\/p>\n<p>Tepeln\u011b tvarovan\u00e1 patn\u00ed \u010d\u00e1st z TPU zaji\u0161\u0165uje bezpe\u010dn\u00e9 uchycen\u00ed, zat\u00edmco tvarovan\u00e1 mezipode\u0161ev kombinuje m\u011bkk\u00e9 odpru\u017een\u00ed s maxim\u00e1ln\u00ed stabilitou. Pam\u011b\u0165ov\u00e1 p\u011bna v pat\u011b sni\u017euje vibrace a zvy\u0161uje pohodl\u00ed a ultratenk\u00e1 pry\u017eov\u00e1 podr\u00e1\u017eka inspirovan\u00e1 formul\u00ed 1 poskytuje p\u0159esn\u00fd cit pro ped\u00e1l a optim\u00e1ln\u00ed p\u0159ilnavost - i na mokr\u00e9m nebo mastn\u00e9m povrchu. P\u0159ilo\u017een\u00e9 elastick\u00e9 tkani\u010dky umo\u017e\u0148uj\u00ed rychl\u00e9 a snadn\u00e9 nazouv\u00e1n\u00ed a vyzouv\u00e1n\u00ed a tak\u00e9 p\u0159izp\u016fsoben\u00ed na m\u00edru.<\/p>","protected":false},"excerpt":{"rendered":"<p>Motok\u00e1rov\u00e1 obuv Alpinestars Supertech K m\u00e1 ultralehk\u00fd, pln\u011b pleten\u00fd svr\u0161ek pro dokonal\u00e9 padnut\u00ed, maxim\u00e1ln\u00ed pohodl\u00ed a vynikaj\u00edc\u00ed prody\u0161nost. Tepeln\u011b tvarovan\u00e1 patn\u00ed \u010d\u00e1st z TPU poskytuje...<\/p>","protected":false},"featured_media":30873,"template":"","meta":[],"product_brand":[],"product_cat":[86,28,18],"product_tag":[79,3424,1581,1486,1728,142,1344,1727,940,1582,81,87],"class_list":{"0":"post-30752","1":"product","2":"type-product","3":"status-publish","4":"has-post-thumbnail","6":"product_cat-alpinestars-topanky","7":"product_cat-topanky","8":"product_cat-vybava-pretekara","9":"product_tag-alpinestars","10":"product_tag-alpinestars-supertech-k","11":"product_tag-alpinestars-topanky-na-motokary","12":"product_tag-detske-topanky-na-motokary","13":"product_tag-kart-shop","14":"product_tag-karting","15":"product_tag-karting-shop","16":"product_tag-kartingove-topanky","17":"product_tag-motokarove-topanky","18":"product_tag-motokarove-topanky-alpinestars","19":"product_tag-motokary","20":"product_tag-topanky","22":"first","23":"onbackorder","24":"taxable","25":"shipping-taxable","26":"purchasable","27":"product-type-variable","28":"customify-col","29":"product-has-gallery"},"aioseo_notices":[],"_links":{"self":[{"href":"https:\/\/motokary-karting.sk\/cz\/wp-json\/wp\/v2\/product\/30752","targetHints":{"allow":["GET"]}}],"collection":[{"href":"https:\/\/motokary-karting.sk\/cz\/wp-json\/wp\/v2\/product"}],"about":[{"href":"https:\/\/motokary-karting.sk\/cz\/wp-json\/wp\/v2\/types\/product"}],"wp:featuredmedia":[{"embeddable":true,"href":"https:\/\/motokary-karting.sk\/cz\/wp-json\/wp\/v2\/media\/30873"}],"wp:attachment":[{"href":"https:\/\/motokary-karting.sk\/cz\/wp-json\/wp\/v2\/media?parent=30752"}],"wp:term":[{"taxonomy":"product_brand","embeddable":true,"href":"https:\/\/motokary-karting.sk\/cz\/wp-json\/wp\/v2\/product_brand?post=30752"},{"taxonomy":"product_cat","embeddable":true,"href":"https:\/\/motokary-karting.sk\/cz\/wp-json\/wp\/v2\/product_cat?post=30752"},{"taxonomy":"product_tag","embeddable":true,"href":"https:\/\/motokary-karting.sk\/cz\/wp-json\/wp\/v2\/product_tag?post=30752"}],"curies":[{"name":"wp","href":"https:\/\/api.w.org\/{rel}","templated":true}]}}