{"id":30887,"date":"2025-12-12T09:24:06","date_gmt":"2025-12-12T09:24:06","guid":{"rendered":"https:\/\/motokary-karting.sk\/?post_type=product&#038;p=30887"},"modified":"2026-04-14T09:21:04","modified_gmt":"2026-04-14T09:21:04","slug":"omp-boty-ks-3-2","status":"publish","type":"product","link":"https:\/\/motokary-karting.sk\/cz\/produkt\/omp-topanky-ks-3-2\/","title":{"rendered":"Boty OMP KS-3"},"content":{"rendered":"<p>OMP KS-3 je stylov\u00e1 motok\u00e1rov\u00e1 obuv za dostupnou cenu, vyroben\u00e1 z m\u011bkk\u00e9ho semi\u0161e.<\/p>\n<p>Elegantn\u00ed, podp\u016frn\u00e1 konstrukce a m\u011bkk\u00e1 pod\u0161\u00edvka zaji\u0161\u0165uj\u00ed pohodln\u00e9 no\u0161en\u00ed, zat\u00edmco polstrovan\u00fd jazyk se s\u00ed\u0165ovanou vlo\u017ekou poskytuje dodate\u010dn\u00e9 v\u011btr\u00e1n\u00ed. Strategicky um\u00edst\u011bn\u00e9 mikroperforace zvy\u0161uj\u00ed prody\u0161nost a pru\u017en\u00e9 zpevn\u011bn\u00ed paty zvy\u0161uje pohodl\u00ed p\u0159i ka\u017ed\u00e9m pohybu. Robustn\u00ed v\u00fdztuhy \u0161pi\u010dky a paty zvy\u0161uj\u00ed odolnost a poskytuj\u00ed spolehlivou ochranu.<\/p>","protected":false},"excerpt":{"rendered":"<p>OMP KS-3 je stylov\u00e1 motok\u00e1rov\u00e1 obuv za dostupnou cenu, vyroben\u00e1 z m\u011bkk\u00e9ho semi\u0161e. Elegantn\u00ed, podp\u016frn\u00e1 konstrukce a m\u011bkk\u00e1 pod\u0161\u00edvka zaji\u0161\u0165uj\u00ed pohodln\u00e9 no\u0161en\u00ed, zat\u00edmco polstrovan\u00e9...<\/p>","protected":false},"featured_media":31065,"template":"","meta":[],"product_brand":[],"product_cat":[92,28,18],"product_tag":[1728,142,1344,1727,235,940,81,1586,25,1826,1828,1587,1825,1076,87,1585,1827],"class_list":{"0":"post-30887","1":"product","2":"type-product","3":"status-publish","4":"has-post-thumbnail","6":"product_cat-omp-topanky","7":"product_cat-topanky","8":"product_cat-vybava-pretekara","9":"product_tag-kart-shop","10":"product_tag-karting","11":"product_tag-karting-shop","12":"product_tag-kartingove-topanky","13":"product_tag-ks-3","14":"product_tag-motokarove-topanky","15":"product_tag-motokary","16":"product_tag-obuv-na-motokaru","17":"product_tag-omp","18":"product_tag-omp-dealer","19":"product_tag-omp-ks-3","20":"product_tag-omp-motokara","21":"product_tag-omp-shop","22":"product_tag-omp-topanky","23":"product_tag-topanky","24":"product_tag-topanky-na-motokaru","25":"product_tag-topanky-omp","27":"first","28":"instock","29":"taxable","30":"shipping-taxable","31":"purchasable","32":"product-type-variable","33":"customify-col","34":"product-has-gallery"},"aioseo_notices":[],"_links":{"self":[{"href":"https:\/\/motokary-karting.sk\/cz\/wp-json\/wp\/v2\/product\/30887","targetHints":{"allow":["GET"]}}],"collection":[{"href":"https:\/\/motokary-karting.sk\/cz\/wp-json\/wp\/v2\/product"}],"about":[{"href":"https:\/\/motokary-karting.sk\/cz\/wp-json\/wp\/v2\/types\/product"}],"wp:featuredmedia":[{"embeddable":true,"href":"https:\/\/motokary-karting.sk\/cz\/wp-json\/wp\/v2\/media\/31065"}],"wp:attachment":[{"href":"https:\/\/motokary-karting.sk\/cz\/wp-json\/wp\/v2\/media?parent=30887"}],"wp:term":[{"taxonomy":"product_brand","embeddable":true,"href":"https:\/\/motokary-karting.sk\/cz\/wp-json\/wp\/v2\/product_brand?post=30887"},{"taxonomy":"product_cat","embeddable":true,"href":"https:\/\/motokary-karting.sk\/cz\/wp-json\/wp\/v2\/product_cat?post=30887"},{"taxonomy":"product_tag","embeddable":true,"href":"https:\/\/motokary-karting.sk\/cz\/wp-json\/wp\/v2\/product_tag?post=30887"}],"curies":[{"name":"wp","href":"https:\/\/api.w.org\/{rel}","templated":true}]}}