{"id":31075,"date":"2025-12-12T09:48:50","date_gmt":"2025-12-12T09:48:50","guid":{"rendered":"https:\/\/motokary-karting.sk\/?post_type=product&#038;p=31075"},"modified":"2026-05-03T07:53:34","modified_gmt":"2026-05-03T07:53:34","slug":"omp-boty-2x-fia","status":"publish","type":"product","link":"https:\/\/motokary-karting.sk\/cz\/produkt\/omp-topanky-ks-2x-fia\/","title":{"rendered":"Boty OMP KS-2X"},"content":{"rendered":"<p>OMP KS-2X je sportovn\u00ed, vysoce kvalitn\u00ed motok\u00e1rov\u00e1 obuv vyroben\u00e1 z lehk\u00e9ho, vysoce odoln\u00e9ho svr\u0161ku. Pohodln\u00e1 m\u011bkk\u00e1 pod\u0161\u00edvka a tenk\u00fd jazyk se s\u00ed\u0165ovanou st\u00e9lkou zaji\u0161\u0165uj\u00ed optim\u00e1ln\u00ed odezvu a vynikaj\u00edc\u00ed ventilaci. Strategicky um\u00edst\u011bn\u00e9 mikroperforace d\u00e1le zvy\u0161uj\u00ed prody\u0161nost, zat\u00edmco pru\u017en\u00fd patn\u00ed m\u011bch zvy\u0161uje pohodl\u00ed.<\/p>\n<p>Zes\u00edlen\u00ed na \u0161pi\u010dce a pat\u011b poskytuje dodate\u010dnou ochranu a vnit\u0159n\u00ed such\u00fd zip na kotn\u00edku zabra\u0148uje zachycen\u00ed v kritick\u00fdch oblastech. Dvoubarevn\u00e1 podr\u00e1\u017eka, speci\u00e1ln\u011b vyvinut\u00e1 pro motok\u00e1ry, maximalizuje j\u00edzdn\u00ed v\u00fdkon a je k dispozici v n\u011bkolika barevn\u011b slad\u011bn\u00fdch variant\u00e1ch.<\/p>\n<p>Schv\u00e1leno podle nejnov\u011bj\u0161\u00edho standardu FIA 8877-2022 pro motok\u00e1ry.<\/p>","protected":false},"excerpt":{"rendered":"<p>OMP KS-2X je sportovn\u00ed, vysoce kvalitn\u00ed motok\u00e1rov\u00e1 obuv vyroben\u00e1 z lehk\u00e9ho, vysoce odoln\u00e9ho svr\u0161ku. Pohodln\u00e1 m\u011bkk\u00e1 pod\u0161\u00edvka a tenk\u00fd jazyk se s\u00ed\u0165ovanou st\u00e9lkou zaji\u0161\u0165uj\u00ed optim\u00e1ln\u00ed...<\/p>","protected":false},"featured_media":31344,"template":"","meta":[],"product_brand":[],"product_cat":[92,28,18],"product_tag":[1728,142,1344,1727,940,81,1586,25,1826,3426,1587,1825,1076,3425,87,1585,1827],"class_list":{"0":"post-31075","1":"product","2":"type-product","3":"status-publish","4":"has-post-thumbnail","6":"product_cat-omp-topanky","7":"product_cat-topanky","8":"product_cat-vybava-pretekara","9":"product_tag-kart-shop","10":"product_tag-karting","11":"product_tag-karting-shop","12":"product_tag-kartingove-topanky","13":"product_tag-motokarove-topanky","14":"product_tag-motokary","15":"product_tag-obuv-na-motokaru","16":"product_tag-omp","17":"product_tag-omp-dealer","18":"product_tag-omp-ks-2x","19":"product_tag-omp-motokara","20":"product_tag-omp-shop","21":"product_tag-omp-topanky","22":"product_tag-omp-topanky-ks2x","23":"product_tag-topanky","24":"product_tag-topanky-na-motokaru","25":"product_tag-topanky-omp","27":"first","28":"instock","29":"taxable","30":"shipping-taxable","31":"purchasable","32":"product-type-variable","33":"customify-col","34":"product-has-gallery"},"aioseo_notices":[],"_links":{"self":[{"href":"https:\/\/motokary-karting.sk\/cz\/wp-json\/wp\/v2\/product\/31075","targetHints":{"allow":["GET"]}}],"collection":[{"href":"https:\/\/motokary-karting.sk\/cz\/wp-json\/wp\/v2\/product"}],"about":[{"href":"https:\/\/motokary-karting.sk\/cz\/wp-json\/wp\/v2\/types\/product"}],"wp:featuredmedia":[{"embeddable":true,"href":"https:\/\/motokary-karting.sk\/cz\/wp-json\/wp\/v2\/media\/31344"}],"wp:attachment":[{"href":"https:\/\/motokary-karting.sk\/cz\/wp-json\/wp\/v2\/media?parent=31075"}],"wp:term":[{"taxonomy":"product_brand","embeddable":true,"href":"https:\/\/motokary-karting.sk\/cz\/wp-json\/wp\/v2\/product_brand?post=31075"},{"taxonomy":"product_cat","embeddable":true,"href":"https:\/\/motokary-karting.sk\/cz\/wp-json\/wp\/v2\/product_cat?post=31075"},{"taxonomy":"product_tag","embeddable":true,"href":"https:\/\/motokary-karting.sk\/cz\/wp-json\/wp\/v2\/product_tag?post=31075"}],"curies":[{"name":"wp","href":"https:\/\/api.w.org\/{rel}","templated":true}]}}