{"id":31354,"date":"2025-12-12T12:07:01","date_gmt":"2025-12-12T12:07:01","guid":{"rendered":"https:\/\/motokary-karting.sk\/?post_type=product&#038;p=31354"},"modified":"2026-01-29T19:19:35","modified_gmt":"2026-01-29T19:19:35","slug":"ponozky-sparco-martini-racing-iconic-design-2","status":"publish","type":"product","link":"https:\/\/motokary-karting.sk\/cz\/produkt\/sparco-ponozky-martini-racing-ikonicky-dizajn-2\/","title":{"rendered":"Pono\u017eky Sparco MARTINI RACING - ikonick\u00fd design"},"content":{"rendered":"<p>Sportovn\u00ed a z\u00e1rove\u0148 elegantn\u00ed pono\u017eky Sparco z bavln\u011bn\u00e9 sm\u011bsi, dostupn\u00e9 v r\u016fzn\u00fdch barv\u00e1ch - inspirovan\u00e9 origin\u00e1ln\u00edm pruhem MARTINI RACING. Beze\u0161v\u00fd design pro maxim\u00e1ln\u00ed pohodl\u00ed.<\/p>\n<p>80 % \u010desan\u00e1 bavlna, 17 % polyamid, 3 % elastan.<\/p>","protected":false},"excerpt":{"rendered":"<p>Sportovn\u00ed a z\u00e1rove\u0148 elegantn\u00ed pono\u017eky Sparco z bavln\u011bn\u00e9 sm\u011bsi, dostupn\u00e9 v r\u016fzn\u00fdch barv\u00e1ch - inspirovan\u00e9 origin\u00e1ln\u00edm pruhem MARTINI RACING. Beze\u0161v\u00fd design pro maxim\u00e1ln\u00ed pohodl\u00ed. Materi\u00e1l.<\/p>","protected":false},"featured_media":31361,"template":"","meta":[],"product_brand":[],"product_cat":[32,1458,742,158],"product_tag":[142,81,3335,945,959,26,1425,946,1428,3336,955],"class_list":{"0":"post-31354","1":"product","2":"type-product","3":"status-publish","4":"has-post-thumbnail","6":"product_cat-lifestyle-oblecenie-a-produkty-na-volny-cas","7":"product_cat-martini-racing","8":"product_cat-ostatne-lifestyloblecenieadoplnky","9":"product_cat-tip-na-darcek","10":"product_tag-karting","11":"product_tag-motokary","12":"product_tag-ponozky-sparco","13":"product_tag-predajna-sparco","14":"product_tag-skoba-na-kluce","15":"product_tag-sparco","16":"product_tag-sparco-dazdnik","17":"product_tag-sparco-dealer","18":"product_tag-sparco-flasa","19":"product_tag-sparco-ponozky","20":"product_tag-sparco-predajna","22":"first","23":"onbackorder","24":"taxable","25":"shipping-taxable","26":"purchasable","27":"product-type-variable","28":"customify-col","29":"product-has-gallery"},"aioseo_notices":[],"_links":{"self":[{"href":"https:\/\/motokary-karting.sk\/cz\/wp-json\/wp\/v2\/product\/31354","targetHints":{"allow":["GET"]}}],"collection":[{"href":"https:\/\/motokary-karting.sk\/cz\/wp-json\/wp\/v2\/product"}],"about":[{"href":"https:\/\/motokary-karting.sk\/cz\/wp-json\/wp\/v2\/types\/product"}],"wp:featuredmedia":[{"embeddable":true,"href":"https:\/\/motokary-karting.sk\/cz\/wp-json\/wp\/v2\/media\/31361"}],"wp:attachment":[{"href":"https:\/\/motokary-karting.sk\/cz\/wp-json\/wp\/v2\/media?parent=31354"}],"wp:term":[{"taxonomy":"product_brand","embeddable":true,"href":"https:\/\/motokary-karting.sk\/cz\/wp-json\/wp\/v2\/product_brand?post=31354"},{"taxonomy":"product_cat","embeddable":true,"href":"https:\/\/motokary-karting.sk\/cz\/wp-json\/wp\/v2\/product_cat?post=31354"},{"taxonomy":"product_tag","embeddable":true,"href":"https:\/\/motokary-karting.sk\/cz\/wp-json\/wp\/v2\/product_tag?post=31354"}],"curies":[{"name":"wp","href":"https:\/\/api.w.org\/{rel}","templated":true}]}}