{"id":31366,"date":"2025-12-12T12:28:34","date_gmt":"2025-12-12T12:28:34","guid":{"rendered":"https:\/\/motokary-karting.sk\/?post_type=product&#038;p=31366"},"modified":"2026-01-26T15:16:03","modified_gmt":"2026-01-26T15:16:03","slug":"silnicni-vychazkova-obuv-sparco","status":"publish","type":"product","link":"https:\/\/motokary-karting.sk\/cz\/produkt\/sparco-vychadzkova-obuv-s-road\/","title":{"rendered":"Vych\u00e1zkov\u00e1 obuv SPARCO S-Road"},"content":{"rendered":"<p>Tenisky Sparco S-ROAD jsou inspirov\u00e1ny kultovn\u00ed b\u011b\u017eeckou obuv\u00ed z 80. let a kombinuj\u00ed retro design s modern\u00edm pohodl\u00edm. Viditeln\u00e9 pro\u0161\u00edv\u00e1n\u00ed, pru\u017en\u00fd semi\u0161ov\u00fd svr\u0161ek a mikro p\u0159ezka na pat\u011b jim dod\u00e1vaj\u00ed klasick\u00fd b\u011b\u017eeck\u00fd vzhled, zat\u00edmco prody\u0161n\u00e1 s\u00ed\u0165ovina a nov\u00e1 pohodln\u00e1 st\u00e9lka zaji\u0161\u0165uj\u00ed sv\u011b\u017e\u00ed pocit. Mezipode\u0161ev z materi\u00e1lu EVA s pol\u0161t\u00e1\u0159kem na pat\u011b poskytuje vynikaj\u00edc\u00ed pohodl\u00ed - ide\u00e1ln\u00ed pro stylov\u00fd vzhled na trati i ve voln\u00e9m \u010dase.<\/p>","protected":false},"excerpt":{"rendered":"<p>Tenisky Sparco S-ROAD jsou inspirov\u00e1ny kultovn\u00ed b\u011b\u017eeckou obuv\u00ed z 80. let a kombinuj\u00ed retro design s modern\u00edm pohodl\u00edm. Viditeln\u00e9 pro\u0161\u00edv\u00e1n\u00ed, pru\u017en\u00fd semi\u0161ov\u00fd svr\u0161ek a mikro...<\/p>","protected":false},"featured_media":31430,"template":"","meta":[],"product_brand":[],"product_cat":[32,1458,1066],"product_tag":[142,1421,1423,81,1073,945,26,1420,1068,1069,1067,1070,941,1071,1424,1072],"class_list":{"0":"post-31366","1":"product","2":"type-product","3":"status-publish","4":"has-post-thumbnail","6":"product_cat-lifestyle-oblecenie-a-produkty-na-volny-cas","7":"product_cat-martini-racing","8":"product_cat-tenisky-a-topanky","9":"product_tag-karting","10":"product_tag-martini-racing","11":"product_tag-martini-racing-colection","12":"product_tag-motokary","13":"product_tag-panske-tenisky","14":"product_tag-predajna-sparco","15":"product_tag-sparco","16":"product_tag-sparco-martini-racing","17":"product_tag-sparco-sl-17","18":"product_tag-sparco-sl17","19":"product_tag-sparco-tenisky","20":"product_tag-sparco-tenisky-sl-17","21":"product_tag-sparco-topanky","22":"product_tag-sparco-vychadzkova-obuv","23":"product_tag-sparco-vychadzkova-obuv-sl-17-martini-racing","24":"product_tag-tenisky","26":"first","27":"onbackorder","28":"taxable","29":"shipping-taxable","30":"purchasable","31":"product-type-variable","32":"customify-col","33":"product-has-gallery"},"aioseo_notices":[],"_links":{"self":[{"href":"https:\/\/motokary-karting.sk\/cz\/wp-json\/wp\/v2\/product\/31366","targetHints":{"allow":["GET"]}}],"collection":[{"href":"https:\/\/motokary-karting.sk\/cz\/wp-json\/wp\/v2\/product"}],"about":[{"href":"https:\/\/motokary-karting.sk\/cz\/wp-json\/wp\/v2\/types\/product"}],"wp:featuredmedia":[{"embeddable":true,"href":"https:\/\/motokary-karting.sk\/cz\/wp-json\/wp\/v2\/media\/31430"}],"wp:attachment":[{"href":"https:\/\/motokary-karting.sk\/cz\/wp-json\/wp\/v2\/media?parent=31366"}],"wp:term":[{"taxonomy":"product_brand","embeddable":true,"href":"https:\/\/motokary-karting.sk\/cz\/wp-json\/wp\/v2\/product_brand?post=31366"},{"taxonomy":"product_cat","embeddable":true,"href":"https:\/\/motokary-karting.sk\/cz\/wp-json\/wp\/v2\/product_cat?post=31366"},{"taxonomy":"product_tag","embeddable":true,"href":"https:\/\/motokary-karting.sk\/cz\/wp-json\/wp\/v2\/product_tag?post=31366"}],"curies":[{"name":"wp","href":"https:\/\/api.w.org\/{rel}","templated":true}]}}