{"id":31765,"date":"2026-01-19T17:12:57","date_gmt":"2026-01-19T17:12:57","guid":{"rendered":"https:\/\/motokary-karting.sk\/?post_type=product&#038;p=31765"},"modified":"2026-02-03T09:10:48","modified_gmt":"2026-02-03T09:10:48","slug":"sada-2-horcikovych-zadnich-kotoucu-210-mm","status":"publish","type":"product","link":"https:\/\/motokary-karting.sk\/cz\/produkt\/sada-2ks-disky-magnezium-zadne-210mm\/","title":{"rendered":"SET 2ks ho\u0159\u010d\u00edkov\u00fdch kotou\u010d\u016f zadn\u00edch 210mm"},"content":{"rendered":"<p>Profesion\u00e1ln\u00ed technick\u00fd produkt ur\u010den\u00fd pro z\u00e1vod\u011bn\u00ed<\/p>\n<p>Dod\u00e1v\u00e1 se s pojistn\u00fdmi \u0161rouby a ventilem<\/p>","protected":false},"excerpt":{"rendered":"<p>Profesion\u00e1ln\u00ed technick\u00fd v\u00fdrobek ur\u010den\u00fd pro z\u00e1vodn\u00ed pou\u017eit\u00ed Dod\u00e1v\u00e1 se s pojistn\u00fdmi \u0161rouby a ventilem.<\/p>","protected":false},"featured_media":31761,"template":"","meta":[],"product_brand":[],"product_cat":[209,271,1465],"product_tag":[210,211,1467,142,1344,1468,81,2072,2073],"class_list":{"0":"post-31765","1":"product","2":"type-product","3":"status-publish","4":"has-post-thumbnail","6":"product_cat-disky-prislusenstvo","7":"product_cat-nahradne-diely-na-podvozky","8":"product_cat-zadne","9":"product_tag-disk","10":"product_tag-disk-predny","11":"product_tag-hlinikovy-disk-na-motokaru","12":"product_tag-karting","13":"product_tag-karting-shop","14":"product_tag-motokarove-disky","15":"product_tag-motokary","16":"product_tag-predne-disky-125cc","17":"product_tag-predny-disk-kz","19":"first","20":"onbackorder","21":"taxable","22":"shipping-taxable","23":"purchasable","24":"product-type-simple","25":"customify-col"},"aioseo_notices":[],"_links":{"self":[{"href":"https:\/\/motokary-karting.sk\/cz\/wp-json\/wp\/v2\/product\/31765","targetHints":{"allow":["GET"]}}],"collection":[{"href":"https:\/\/motokary-karting.sk\/cz\/wp-json\/wp\/v2\/product"}],"about":[{"href":"https:\/\/motokary-karting.sk\/cz\/wp-json\/wp\/v2\/types\/product"}],"wp:featuredmedia":[{"embeddable":true,"href":"https:\/\/motokary-karting.sk\/cz\/wp-json\/wp\/v2\/media\/31761"}],"wp:attachment":[{"href":"https:\/\/motokary-karting.sk\/cz\/wp-json\/wp\/v2\/media?parent=31765"}],"wp:term":[{"taxonomy":"product_brand","embeddable":true,"href":"https:\/\/motokary-karting.sk\/cz\/wp-json\/wp\/v2\/product_brand?post=31765"},{"taxonomy":"product_cat","embeddable":true,"href":"https:\/\/motokary-karting.sk\/cz\/wp-json\/wp\/v2\/product_cat?post=31765"},{"taxonomy":"product_tag","embeddable":true,"href":"https:\/\/motokary-karting.sk\/cz\/wp-json\/wp\/v2\/product_tag?post=31765"}],"curies":[{"name":"wp","href":"https:\/\/api.w.org\/{rel}","templated":true}]}}