{"id":31776,"date":"2026-01-20T17:51:22","date_gmt":"2026-01-20T17:51:22","guid":{"rendered":"https:\/\/motokary-karting.sk\/?post_type=product&#038;p=31776"},"modified":"2026-02-06T16:53:19","modified_gmt":"2026-02-06T16:53:19","slug":"sparco-helma-x-pro-gulf","status":"publish","type":"product","link":"https:\/\/motokary-karting.sk\/cz\/produkt\/sparco-prilba-x-pro-gulf\/","title":{"rendered":"P\u0159ilba Sparco X-Pro GULF edition"},"content":{"rendered":"<p>Univerz\u00e1ln\u00ed model vhodn\u00fd pro za\u010d\u00e1te\u010dn\u00edky s integrovan\u00fdm ventila\u010dn\u00edm syst\u00e9mem. Velk\u00e9 zorn\u00e9 pole pro lep\u0161\u00ed viditelnost a orientaci v ka\u017ed\u00e9 situaci.<\/p>","protected":false},"excerpt":{"rendered":"<p>Univerz\u00e1ln\u00ed model vhodn\u00fd pro za\u010d\u00e1te\u010dn\u00edky s integrovan\u00fdm ventila\u010dn\u00edm syst\u00e9mem. Velk\u00e9 zorn\u00e9 pole pro lep\u0161\u00ed viditelnost a orientaci v ka\u017ed\u00e9 situaci.<\/p>","protected":false},"featured_media":31797,"template":"","meta":[],"product_brand":[],"product_cat":[21,986,18],"product_tag":[142,1344,984,81,985,987,3303,26,988,3302,3304],"class_list":{"0":"post-31776","1":"product","2":"type-product","3":"status-publish","4":"has-post-thumbnail","6":"product_cat-prilby","7":"product_cat-sparco-prilby","8":"product_cat-vybava-pretekara","9":"product_tag-karting","10":"product_tag-karting-shop","11":"product_tag-motokarova-prilba","12":"product_tag-motokary","13":"product_tag-prilba-na-motokary","14":"product_tag-prilba-sparco","15":"product_tag-prilba-sparcox-pro","16":"product_tag-sparco","17":"product_tag-sparco-prilba","18":"product_tag-sparco-x-pro","19":"product_tag-sparco-x-pro-prilba","21":"first","22":"onbackorder","23":"taxable","24":"shipping-taxable","25":"purchasable","26":"product-type-variable","27":"customify-col","28":"product-has-gallery"},"aioseo_notices":[],"_links":{"self":[{"href":"https:\/\/motokary-karting.sk\/cz\/wp-json\/wp\/v2\/product\/31776","targetHints":{"allow":["GET"]}}],"collection":[{"href":"https:\/\/motokary-karting.sk\/cz\/wp-json\/wp\/v2\/product"}],"about":[{"href":"https:\/\/motokary-karting.sk\/cz\/wp-json\/wp\/v2\/types\/product"}],"wp:featuredmedia":[{"embeddable":true,"href":"https:\/\/motokary-karting.sk\/cz\/wp-json\/wp\/v2\/media\/31797"}],"wp:attachment":[{"href":"https:\/\/motokary-karting.sk\/cz\/wp-json\/wp\/v2\/media?parent=31776"}],"wp:term":[{"taxonomy":"product_brand","embeddable":true,"href":"https:\/\/motokary-karting.sk\/cz\/wp-json\/wp\/v2\/product_brand?post=31776"},{"taxonomy":"product_cat","embeddable":true,"href":"https:\/\/motokary-karting.sk\/cz\/wp-json\/wp\/v2\/product_cat?post=31776"},{"taxonomy":"product_tag","embeddable":true,"href":"https:\/\/motokary-karting.sk\/cz\/wp-json\/wp\/v2\/product_tag?post=31776"}],"curies":[{"name":"wp","href":"https:\/\/api.w.org\/{rel}","templated":true}]}}