{"id":31884,"date":"2026-01-21T13:41:34","date_gmt":"2026-01-21T13:41:34","guid":{"rendered":"https:\/\/motokary-karting.sk\/?post_type=product&#038;p=31884"},"modified":"2026-02-11T12:14:07","modified_gmt":"2026-02-11T12:14:07","slug":"omp-chranic-zeber-ks-stit","status":"publish","type":"product","link":"https:\/\/motokary-karting.sk\/cz\/produkt\/omp-rebrovy-chranic-ks-shield\/","title":{"rendered":"Chr\u00e1ni\u010d \u017eeber OMP KS Shield"},"content":{"rendered":"<p>Vynikaj\u00edc\u00ed ochrann\u00e1 vesta OMP pro za\u010d\u00e1te\u010dn\u00edky, vhodn\u00e1 i pro ambici\u00f3zn\u00ed jezdce.<\/p>\n<p>Pru\u017en\u00e1 p\u011bna tlum\u00edc\u00ed n\u00e1razy.<\/p>\n<p>Vn\u011bj\u0161\u00ed materi\u00e1l: 100 % polyester.<\/p>","protected":false},"excerpt":{"rendered":"<p>Vynikaj\u00edc\u00ed ochrann\u00e1 vesta OMP pro za\u010d\u00e1te\u010dn\u00edky, vhodn\u00e1 i pro ambici\u00f3zn\u00ed jezdce. Elastick\u00e1 a n\u00e1razy tlum\u00edc\u00ed p\u011bna. Vn\u011bj\u0161\u00ed materi\u00e1l: 100 % polyester.<\/p>","protected":false},"featured_media":31892,"template":"","meta":[],"product_brand":[],"product_cat":[88,18],"product_tag":[1243,721,1244,1728,142,1344,2049,81,3430,1030],"class_list":{"0":"post-31884","1":"product","2":"type-product","3":"status-publish","4":"has-post-thumbnail","6":"product_cat-ochrana-rebier","7":"product_cat-vybava-pretekara","8":"product_tag-chranic-na-rebra","9":"product_tag-chranic-rebier","10":"product_tag-chranic-rebier-na-motokary","11":"product_tag-kart-shop","12":"product_tag-karting","13":"product_tag-karting-shop","14":"product_tag-motokarovy-chranic-rebeier","15":"product_tag-motokary","16":"product_tag-omp-chranic-rebier","17":"product_tag-rebrovy-chranic","19":"first","20":"onbackorder","21":"taxable","22":"shipping-taxable","23":"purchasable","24":"product-type-variable","25":"customify-col"},"aioseo_notices":[],"_links":{"self":[{"href":"https:\/\/motokary-karting.sk\/cz\/wp-json\/wp\/v2\/product\/31884","targetHints":{"allow":["GET"]}}],"collection":[{"href":"https:\/\/motokary-karting.sk\/cz\/wp-json\/wp\/v2\/product"}],"about":[{"href":"https:\/\/motokary-karting.sk\/cz\/wp-json\/wp\/v2\/types\/product"}],"wp:featuredmedia":[{"embeddable":true,"href":"https:\/\/motokary-karting.sk\/cz\/wp-json\/wp\/v2\/media\/31892"}],"wp:attachment":[{"href":"https:\/\/motokary-karting.sk\/cz\/wp-json\/wp\/v2\/media?parent=31884"}],"wp:term":[{"taxonomy":"product_brand","embeddable":true,"href":"https:\/\/motokary-karting.sk\/cz\/wp-json\/wp\/v2\/product_brand?post=31884"},{"taxonomy":"product_cat","embeddable":true,"href":"https:\/\/motokary-karting.sk\/cz\/wp-json\/wp\/v2\/product_cat?post=31884"},{"taxonomy":"product_tag","embeddable":true,"href":"https:\/\/motokary-karting.sk\/cz\/wp-json\/wp\/v2\/product_tag?post=31884"}],"curies":[{"name":"wp","href":"https:\/\/api.w.org\/{rel}","templated":true}]}}