{"id":31921,"date":"2026-01-21T14:53:25","date_gmt":"2026-01-21T14:53:25","guid":{"rendered":"https:\/\/motokary-karting.sk\/?post_type=product&#038;p=31921"},"modified":"2026-01-21T15:03:04","modified_gmt":"2026-01-21T15:03:04","slug":"sedadlo-jecko-silver-closedge","status":"publish","type":"product","link":"https:\/\/motokary-karting.sk\/cz\/produkt\/sedadlo-jecko-silver-closedge\/","title":{"rendered":"Sedadlo JECKO Silver closedge"},"content":{"rendered":"<p>Pou\u017eijte pros\u00edm tabulku velikost\u00ed ve fotogalerii.<\/p>\n<p>&nbsp;<\/p>\n<p>Sedadlo JECKO Silver Closedge<\/p>\n<p>Z hlediska technologie a designu p\u0159edstavuj\u00ed z\u00e1vodn\u00ed seda\u010dky Jecko ve sv\u011bt\u011b motok\u00e1r avantgardn\u00ed produkt.<\/p>\n<p>Krytka hrany vytv\u00e1\u0159\u00ed strukturu, kter\u00e1 zlep\u0161uje vzhled motok\u00e1ry, zat\u00edmco jej\u00ed tuhost sni\u017euje vibrace a optimalizuje pohodl\u00ed a bezpe\u010dnost \u0159idi\u010de. Speci\u00e1ln\u00edho tvaru sedadla bylo dosa\u017eeno po d\u016fkladn\u00e9 studii ergonomie a vysok\u00e9 \u00farovn\u011b nap\u011bt\u00ed\/n\u00e1mahy poch\u00e1zej\u00edc\u00ed z modern\u00edch motok\u00e1r.<\/p>","protected":false},"excerpt":{"rendered":"<p>Pou\u017eijte pros\u00edm tabulku velikost\u00ed ve fotogalerii.   JECKO Silver Closedge Seat Z\u00e1vodn\u00ed seda\u010dky Jecko p\u0159edstavuj\u00ed avantgardn\u00ed produkt z hlediska technologie a designu ve sv\u011bt\u011b z\u00e1vodn\u00edch seda\u010dek....<\/p>","protected":false},"featured_media":31939,"template":"","meta":[],"product_brand":[],"product_cat":[2159,279],"product_tag":[2160,2161,2162,2164,2166,2069,142,2070,1344,1250,81,2071,177,1248,2163,176,1249,2165,1390,277,278],"class_list":{"0":"post-31921","1":"product","2":"type-product","3":"status-publish","4":"has-post-thumbnail","6":"product_cat-jecko","7":"product_cat-sedadla-prislusenstvo","8":"product_tag-jecko","9":"product_tag-jecko-seat","10":"product_tag-jecko-seats","11":"product_tag-jecko-sedacky","12":"product_tag-jecko-sedadlo","13":"product_tag-kart-seat","14":"product_tag-karting","15":"product_tag-karting-seat","16":"product_tag-karting-shop","17":"product_tag-motokarove-sedadlo","18":"product_tag-motokary","19":"product_tag-seat-kart","20":"product_tag-sedacka","21":"product_tag-sedacka-na-motokaru","22":"product_tag-sedacky-jecko","23":"product_tag-sedadlo","24":"product_tag-sedadlo-do-motokary","25":"product_tag-sedadlo-jecko","26":"product_tag-sedadlo-na-motokaru","27":"product_tag-xseat","28":"product_tag-xseats","30":"first","31":"onbackorder","32":"taxable","33":"shipping-taxable","34":"purchasable","35":"product-type-variable","36":"customify-col","37":"product-has-gallery"},"aioseo_notices":[],"_links":{"self":[{"href":"https:\/\/motokary-karting.sk\/cz\/wp-json\/wp\/v2\/product\/31921","targetHints":{"allow":["GET"]}}],"collection":[{"href":"https:\/\/motokary-karting.sk\/cz\/wp-json\/wp\/v2\/product"}],"about":[{"href":"https:\/\/motokary-karting.sk\/cz\/wp-json\/wp\/v2\/types\/product"}],"wp:featuredmedia":[{"embeddable":true,"href":"https:\/\/motokary-karting.sk\/cz\/wp-json\/wp\/v2\/media\/31939"}],"wp:attachment":[{"href":"https:\/\/motokary-karting.sk\/cz\/wp-json\/wp\/v2\/media?parent=31921"}],"wp:term":[{"taxonomy":"product_brand","embeddable":true,"href":"https:\/\/motokary-karting.sk\/cz\/wp-json\/wp\/v2\/product_brand?post=31921"},{"taxonomy":"product_cat","embeddable":true,"href":"https:\/\/motokary-karting.sk\/cz\/wp-json\/wp\/v2\/product_cat?post=31921"},{"taxonomy":"product_tag","embeddable":true,"href":"https:\/\/motokary-karting.sk\/cz\/wp-json\/wp\/v2\/product_tag?post=31921"}],"curies":[{"name":"wp","href":"https:\/\/api.w.org\/{rel}","templated":true}]}}