{"id":31963,"date":"2026-01-21T15:15:35","date_gmt":"2026-01-21T15:15:35","guid":{"rendered":"https:\/\/motokary-karting.sk\/?post_type=product&#038;p=31963"},"modified":"2026-03-05T05:47:56","modified_gmt":"2026-03-05T05:47:56","slug":"sedadlo-jecko-white-soft","status":"publish","type":"product","link":"https:\/\/motokary-karting.sk\/cz\/produkt\/sedadlo-jecko-white-soft\/","title":{"rendered":"Sedadlo JECKO White Soft"},"content":{"rendered":"<p>Pou\u017eijte pros\u00edm tabulku velikost\u00ed ve fotogalerii.<\/p>\n<p>&nbsp;<\/p>\n<p>Z\u00e1vodn\u00ed seda\u010dky Jecko p\u0159edstavuj\u00ed ve sv\u011bt\u011b motok\u00e1r avantgardn\u00ed produkt, a to jak z hlediska technologie, tak i designu.<\/p>\n<p>Uzav\u0159en\u00ed hran vytv\u00e1\u0159\u00ed strukturu, kter\u00e1 zlep\u0161uje vzhled motok\u00e1ry, zat\u00edmco tuhost sni\u017euje vibrace a optimalizuje pohodl\u00ed a bezpe\u010dnost \u0159idi\u010de. Speci\u00e1ln\u00edho tvaru sedla bylo dosa\u017eeno po pe\u010dliv\u00e9m studiu ergonomie a vysok\u00e9 \u00farovn\u011b nam\u00e1h\u00e1n\u00ed\/odtahu poch\u00e1zej\u00edc\u00edho z modern\u00edch motok\u00e1r.<\/p>\n<p>P\u0159ilo\u017een\u00e1 tabulka velikost\u00ed<\/p>","protected":false},"excerpt":{"rendered":"<p>Pou\u017eijte pros\u00edm tabulku velikost\u00ed ve fotogalerii.   Z\u00e1vodn\u00ed seda\u010dky Jecko p\u0159edstavuj\u00ed ve sv\u011bt\u011b motok\u00e1r avantgardn\u00ed produkt, a to jak z hlediska technologie, tak i z hlediska...<\/p>","protected":false},"featured_media":33188,"template":"","meta":[],"product_brand":[],"product_cat":[2159,279],"product_tag":[2160,2161,2162,2164,2166,2069,142,2070,1344,1250,81,2071,177,1248,2163,176,1249,2165,1390,277,278],"class_list":{"0":"post-31963","1":"product","2":"type-product","3":"status-publish","4":"has-post-thumbnail","6":"product_cat-jecko","7":"product_cat-sedadla-prislusenstvo","8":"product_tag-jecko","9":"product_tag-jecko-seat","10":"product_tag-jecko-seats","11":"product_tag-jecko-sedacky","12":"product_tag-jecko-sedadlo","13":"product_tag-kart-seat","14":"product_tag-karting","15":"product_tag-karting-seat","16":"product_tag-karting-shop","17":"product_tag-motokarove-sedadlo","18":"product_tag-motokary","19":"product_tag-seat-kart","20":"product_tag-sedacka","21":"product_tag-sedacka-na-motokaru","22":"product_tag-sedacky-jecko","23":"product_tag-sedadlo","24":"product_tag-sedadlo-do-motokary","25":"product_tag-sedadlo-jecko","26":"product_tag-sedadlo-na-motokaru","27":"product_tag-xseat","28":"product_tag-xseats","30":"first","31":"instock","32":"taxable","33":"shipping-taxable","34":"purchasable","35":"product-type-variable","36":"customify-col","37":"product-has-gallery"},"aioseo_notices":[],"_links":{"self":[{"href":"https:\/\/motokary-karting.sk\/cz\/wp-json\/wp\/v2\/product\/31963","targetHints":{"allow":["GET"]}}],"collection":[{"href":"https:\/\/motokary-karting.sk\/cz\/wp-json\/wp\/v2\/product"}],"about":[{"href":"https:\/\/motokary-karting.sk\/cz\/wp-json\/wp\/v2\/types\/product"}],"wp:featuredmedia":[{"embeddable":true,"href":"https:\/\/motokary-karting.sk\/cz\/wp-json\/wp\/v2\/media\/33188"}],"wp:attachment":[{"href":"https:\/\/motokary-karting.sk\/cz\/wp-json\/wp\/v2\/media?parent=31963"}],"wp:term":[{"taxonomy":"product_brand","embeddable":true,"href":"https:\/\/motokary-karting.sk\/cz\/wp-json\/wp\/v2\/product_brand?post=31963"},{"taxonomy":"product_cat","embeddable":true,"href":"https:\/\/motokary-karting.sk\/cz\/wp-json\/wp\/v2\/product_cat?post=31963"},{"taxonomy":"product_tag","embeddable":true,"href":"https:\/\/motokary-karting.sk\/cz\/wp-json\/wp\/v2\/product_tag?post=31963"}],"curies":[{"name":"wp","href":"https:\/\/api.w.org\/{rel}","templated":true}]}}