{"id":32018,"date":"2026-01-23T13:52:09","date_gmt":"2026-01-23T13:52:09","guid":{"rendered":"https:\/\/motokary-karting.sk\/?post_type=product&#038;p=32018"},"modified":"2026-02-20T13:58:42","modified_gmt":"2026-02-20T13:58:42","slug":"sada-pedalu-big-ok-complete-370mm","status":"publish","type":"product","link":"https:\/\/motokary-karting.sk\/cz\/produkt\/sada-pedalov-velka-ok-komplet-370mm\/","title":{"rendered":"Sada ped\u00e1l\u016f velk\u00e1 (OK) kompletn\u00ed | 370mm"},"content":{"rendered":"","protected":false},"excerpt":{"rendered":"","protected":false},"featured_media":32019,"template":"","meta":[],"product_brand":[],"product_cat":[271,276],"product_tag":[142,1344,81,3195,1336,3194,3193],"class_list":{"0":"post-32018","1":"product","2":"type-product","3":"status-publish","4":"has-post-thumbnail","6":"product_cat-nahradne-diely-na-podvozky","7":"product_cat-ostatne","8":"product_tag-karting","9":"product_tag-karting-shop","10":"product_tag-motokary","11":"product_tag-nadstavec-na-pedale","12":"product_tag-nahradne-diely-na-motokary","13":"product_tag-predlzenie-na-pedale","14":"product_tag-predlzenie-pedalov","16":"first","17":"onbackorder","18":"taxable","19":"shipping-taxable","20":"purchasable","21":"product-type-simple","22":"customify-col"},"aioseo_notices":[],"_links":{"self":[{"href":"https:\/\/motokary-karting.sk\/cz\/wp-json\/wp\/v2\/product\/32018","targetHints":{"allow":["GET"]}}],"collection":[{"href":"https:\/\/motokary-karting.sk\/cz\/wp-json\/wp\/v2\/product"}],"about":[{"href":"https:\/\/motokary-karting.sk\/cz\/wp-json\/wp\/v2\/types\/product"}],"wp:featuredmedia":[{"embeddable":true,"href":"https:\/\/motokary-karting.sk\/cz\/wp-json\/wp\/v2\/media\/32019"}],"wp:attachment":[{"href":"https:\/\/motokary-karting.sk\/cz\/wp-json\/wp\/v2\/media?parent=32018"}],"wp:term":[{"taxonomy":"product_brand","embeddable":true,"href":"https:\/\/motokary-karting.sk\/cz\/wp-json\/wp\/v2\/product_brand?post=32018"},{"taxonomy":"product_cat","embeddable":true,"href":"https:\/\/motokary-karting.sk\/cz\/wp-json\/wp\/v2\/product_cat?post=32018"},{"taxonomy":"product_tag","embeddable":true,"href":"https:\/\/motokary-karting.sk\/cz\/wp-json\/wp\/v2\/product_tag?post=32018"}],"curies":[{"name":"wp","href":"https:\/\/api.w.org\/{rel}","templated":true}]}}