{"id":32300,"date":"2026-01-28T14:53:55","date_gmt":"2026-01-28T14:53:55","guid":{"rendered":"https:\/\/motokary-karting.sk\/?post_type=product&#038;p=32300"},"modified":"2026-04-05T18:35:37","modified_gmt":"2026-04-05T18:35:37","slug":"32five-unleash-rukavice","status":"publish","type":"product","link":"https:\/\/motokary-karting.sk\/cz\/produkt\/32five-rukavice-unleash\/","title":{"rendered":"32Five Rukavice UNLEASH"},"content":{"rendered":"<p>P\u0159edstavujeme zcela novou kolekci <strong>UNLEASH<\/strong> od 32Five - kde se osobit\u00fd design snoub\u00ed s v\u00fdkonem p\u0159ipraven\u00fdm na z\u00e1vody. Tyto pr\u00e9miov\u00e9 rukavice, vytvo\u0159en\u00e9 pro motok\u00e1rov\u00e9 nad\u0161ence a profesion\u00e1ln\u00ed z\u00e1vodn\u00edky, poskytuj\u00ed maxim\u00e1ln\u00ed p\u0159ilnavost, pohodl\u00ed a prody\u0161nost a dodaj\u00ed v\u00e1m jistotu, \u017ee budete moci v ka\u017ed\u00e9m kole jet na maximum.<\/p>\n<p>D\u00edky vn\u011bj\u0161\u00edm \u0161v\u016fm, ergonomick\u00e9mu st\u0159ihu a charakteristick\u00e9 \u010derven\u00e9 \u0161pi\u010dce, kter\u00e1 charakterizuje model 32Five, je ka\u017ed\u00fd p\u00e1r vyroben tak, aby fungoval a vynikal. Lehk\u00fd a prody\u0161n\u00fd svr\u0161ek udr\u017euje ruce v pohod\u011b i pod tlakem, zat\u00edmco pokro\u010dil\u00e1 technologie dlan\u011b DriveSkin zaji\u0161\u0165uje bezkonkuren\u010dn\u00ed cit pro \u0159\u00edzen\u00ed, p\u0159esnost a odolnost.<\/p>\n<p>Rukavice 32Five se zrodila z v\u00e1\u0161n\u011b a byla zdokonalena v\u00fdkonem a stala se symbolem ve sv\u011bt\u011b motok\u00e1r - a UNLEASH jde je\u0161t\u011b o krok d\u00e1l.<\/p>\n<p>Vn\u011bj\u0161\u00ed \u0161vy - Minimalizuj\u00ed t\u0159en\u00ed a tlakov\u00e9 body pro vynikaj\u00edc\u00ed pohodl\u00ed a dlouhou \u017eivotnost.<br \/>\nPrody\u0161n\u00e1 svrchn\u00ed tkanina - Lehk\u00e1, m\u011bkk\u00e1 a odv\u011btran\u00e1 pro celodenn\u00ed pohodl\u00ed a \u017eiv\u00e9, v\u00fdrazn\u00e9 barvy.<br \/>\nTechnologie DriveSkin na dlani - Pokro\u010dil\u00e1 p\u0159ilnavost a hmatov\u00e1 kontrola, navr\u017een\u00e1 pro motok\u00e1ry s vysokou intenzitou.<br \/>\nP\u0159edem zak\u0159iven\u00fd ergonomick\u00fd tvar - Podporuje p\u0159irozen\u00fd pohyb ruky pro lep\u0161\u00ed p\u0159esnost a soust\u0159ed\u011bn\u00ed za volantem.<br \/>\n<strong>K dispozici ve velikostech XXXS a\u017e L.<\/strong><br \/>\nPr\u00e9miov\u00e9 motok\u00e1rov\u00e9 rukavice 32Five UNLEASH jsou ur\u010deny pro z\u00e1vodn\u00edky, kte\u0159\u00ed vy\u017eaduj\u00ed kontrolu, pohodl\u00ed a nezam\u011bniteln\u00fd styl, od ikonick\u00e9ho \u010derven\u00e9ho zakon\u010den\u00ed prst\u016f a\u017e po ka\u017ed\u00fd pe\u010dliv\u011b zpracovan\u00fd detail.<\/p>\n<p>Sledujte \u010dervenou barvu. Jezd\u011bte s 32Five.<\/p>","protected":false},"excerpt":{"rendered":"<p>P\u0159edstavujeme zcela novou kolekci UNLEASH od 32Five - kde se odv\u00e1\u017en\u00fd design snoub\u00ed s v\u00fdkonem p\u0159ipraven\u00fdm na z\u00e1vody. Tyto pr\u00e9miov\u00e9 rukavice, vytvo\u0159en\u00e9 pro motok\u00e1rov\u00e9 nad\u0161ence, jsou...<\/p>","protected":false},"featured_media":32317,"template":"","meta":[],"product_brand":[],"product_cat":[3433,15,18],"product_tag":[142,1344,1084,81,97,83,1083,472,1086,2095,26,3365,1081,2096],"class_list":{"0":"post-32300","1":"product","2":"type-product","3":"status-publish","4":"has-post-thumbnail","6":"product_cat-32five","7":"product_cat-rukavice","8":"product_cat-vybava-pretekara","9":"product_tag-karting","10":"product_tag-karting-shop","11":"product_tag-motokarove-rukavice","12":"product_tag-motokary","13":"product_tag-record","14":"product_tag-rukavice","15":"product_tag-rukavice-na-motokary","16":"product_tag-rukavice-sparco","17":"product_tag-rukavice-sparco-record","18":"product_tag-rukavice-sparco-roceord","19":"product_tag-sparco","20":"product_tag-sparco-k-attack","21":"product_tag-sparco-record","22":"product_tag-sparco-record-rukavice","24":"first","25":"instock","26":"sale","27":"taxable","28":"shipping-taxable","29":"purchasable","30":"product-type-variable","31":"customify-col","32":"product-has-gallery"},"aioseo_notices":[],"_links":{"self":[{"href":"https:\/\/motokary-karting.sk\/cz\/wp-json\/wp\/v2\/product\/32300","targetHints":{"allow":["GET"]}}],"collection":[{"href":"https:\/\/motokary-karting.sk\/cz\/wp-json\/wp\/v2\/product"}],"about":[{"href":"https:\/\/motokary-karting.sk\/cz\/wp-json\/wp\/v2\/types\/product"}],"wp:featuredmedia":[{"embeddable":true,"href":"https:\/\/motokary-karting.sk\/cz\/wp-json\/wp\/v2\/media\/32317"}],"wp:attachment":[{"href":"https:\/\/motokary-karting.sk\/cz\/wp-json\/wp\/v2\/media?parent=32300"}],"wp:term":[{"taxonomy":"product_brand","embeddable":true,"href":"https:\/\/motokary-karting.sk\/cz\/wp-json\/wp\/v2\/product_brand?post=32300"},{"taxonomy":"product_cat","embeddable":true,"href":"https:\/\/motokary-karting.sk\/cz\/wp-json\/wp\/v2\/product_cat?post=32300"},{"taxonomy":"product_tag","embeddable":true,"href":"https:\/\/motokary-karting.sk\/cz\/wp-json\/wp\/v2\/product_tag?post=32300"}],"curies":[{"name":"wp","href":"https:\/\/api.w.org\/{rel}","templated":true}]}}