{"id":32326,"date":"2026-01-28T16:19:22","date_gmt":"2026-01-28T16:19:22","guid":{"rendered":"https:\/\/motokary-karting.sk\/?post_type=product&#038;p=32326"},"modified":"2026-04-05T18:27:27","modified_gmt":"2026-04-05T18:27:27","slug":"32five-rukavice-usmev-vyhrat","status":"publish","type":"product","link":"https:\/\/motokary-karting.sk\/cz\/produkt\/32five-rukavice-smile-to-win\/","title":{"rendered":"32Five Rukavice SMILE TO WIN"},"content":{"rendered":"<p>Objevte zbrusu novou kolekci <strong>\u00dasm\u011bvem k v\u00edt\u011bzstv\u00ed<\/strong> od 32Five - odv\u00e1\u017en\u00e1 kombinace v\u00fdkonu, pohodl\u00ed a osobitosti vytvo\u0159en\u00e1 pro z\u00e1vodn\u00edky, kte\u0159\u00ed od sv\u00e9ho vybaven\u00ed vy\u017eaduj\u00ed v\u00edce. Tyto pr\u00e9miov\u00e9 z\u00e1vodn\u00ed rukavice, ur\u010den\u00e9 pro profesion\u00e1ln\u00ed jezdce i motok\u00e1rov\u00e9 nad\u0161ence, kombinuj\u00ed nejmodern\u011bj\u0161\u00ed materi\u00e1ly s nezam\u011bniteln\u00fdm stylem zna\u010dky 32Five.<\/p>\n<p>Ka\u017ed\u00fd p\u00e1r m\u00e1 v\u00fdrazn\u00e9 \u010derven\u00e9 \u0161pi\u010dky, p\u0159esn\u00e9 vn\u011bj\u0161\u00ed \u0161vy a ergonomick\u00fd p\u0159edtvarovan\u00fd st\u0159ih pro vynikaj\u00edc\u00ed pohodl\u00ed a kontrolu. Prody\u0161n\u00e1 svrchn\u00ed tkanina udr\u017euje ruce chladn\u00e9 i pod tlakem, zat\u00edmco pokro\u010dil\u00e1 technologie DriveSkin na dlani zaji\u0161\u0165uje bezkonkuren\u010dn\u00ed p\u0159ilnavost, cit a odolnost na volantu.<\/p>\n<p>A\u0165 u\u017e usilujete o um\u00edst\u011bn\u00ed na stupn\u00edch v\u00edt\u011bz\u016f, nebo zdokonalujete sv\u00e9 linie, rukavice 32Five jsou vyrobeny pro v\u00fdkon, aby vynikly a vydr\u017eely.<\/p>\n<p>Vn\u011bj\u0161\u00ed \u0161vy - sn\u00ed\u017een\u00ed tlakov\u00fdch bod\u016f a t\u0159en\u00ed pro maxim\u00e1ln\u00ed pohodl\u00ed a odolnost.<br \/>\nPrody\u0161n\u00e1 svrchn\u00ed tkanina - Lehk\u00e1, m\u011bkk\u00e1 a chladiv\u00e1 s v\u00fdrazn\u00fdmi barvami, kter\u00e9 zanechaj\u00ed dojem.<br \/>\nTechnologie DriveSkin na dlani - Vylep\u0161en\u00e1 p\u0159ilnavost, citlivost p\u0159i \u0159\u00edzen\u00ed a odolnost proti opot\u0159eben\u00ed pro maxim\u00e1ln\u00ed kontrolu.<br \/>\nP\u0159edem zak\u0159iven\u00fd ergonomick\u00fd tvar - Podporuje p\u0159irozenou polohu ruky pro p\u0159esnost a soust\u0159ed\u011bn\u00ed v ka\u017ed\u00e9m kole.<br \/>\n<strong>K dispozici ve velikostech XXXSmall a\u017e L.<\/strong><br \/>\n\u00dasm\u011bv. Z\u00e1vo\u010fte tvrd\u011b. Vyhrajte s 32Five.<\/p>\n<p>Materi\u00e1lov\u00e9 slo\u017een\u00ed:<br \/>\n- Rukavice: 95 % polyester \/ 5 % polyuretan<br \/>\n- Obal: 100 % EVA<\/p>\n<p>Pokyny pro \u00fadr\u017ebu: <strong>Pouze ru\u010dn\u00ed pran\u00ed<\/strong><\/p>","protected":false},"excerpt":{"rendered":"<p>Objevte zbrusu novou kolekci Smile to Win od 32Five - odv\u00e1\u017enou kombinaci v\u00fdkonu, pohodl\u00ed a osobitosti vytvo\u0159enou pro z\u00e1vodn\u00edky, kte\u0159\u00ed od sv\u00e9ho vybaven\u00ed vy\u017eaduj\u00ed v\u00edc.....<\/p>","protected":false},"featured_media":32341,"template":"","meta":[],"product_brand":[],"product_cat":[3433,15,18],"product_tag":[142,1344,1084,81,97,83,1083,472,1086,2095,26,3365,1081,2096],"class_list":{"0":"post-32326","1":"product","2":"type-product","3":"status-publish","4":"has-post-thumbnail","6":"product_cat-32five","7":"product_cat-rukavice","8":"product_cat-vybava-pretekara","9":"product_tag-karting","10":"product_tag-karting-shop","11":"product_tag-motokarove-rukavice","12":"product_tag-motokary","13":"product_tag-record","14":"product_tag-rukavice","15":"product_tag-rukavice-na-motokary","16":"product_tag-rukavice-sparco","17":"product_tag-rukavice-sparco-record","18":"product_tag-rukavice-sparco-roceord","19":"product_tag-sparco","20":"product_tag-sparco-k-attack","21":"product_tag-sparco-record","22":"product_tag-sparco-record-rukavice","24":"first","25":"onbackorder","26":"sale","27":"taxable","28":"shipping-taxable","29":"purchasable","30":"product-type-variable","31":"customify-col","32":"product-has-gallery"},"aioseo_notices":[],"_links":{"self":[{"href":"https:\/\/motokary-karting.sk\/cz\/wp-json\/wp\/v2\/product\/32326","targetHints":{"allow":["GET"]}}],"collection":[{"href":"https:\/\/motokary-karting.sk\/cz\/wp-json\/wp\/v2\/product"}],"about":[{"href":"https:\/\/motokary-karting.sk\/cz\/wp-json\/wp\/v2\/types\/product"}],"wp:featuredmedia":[{"embeddable":true,"href":"https:\/\/motokary-karting.sk\/cz\/wp-json\/wp\/v2\/media\/32341"}],"wp:attachment":[{"href":"https:\/\/motokary-karting.sk\/cz\/wp-json\/wp\/v2\/media?parent=32326"}],"wp:term":[{"taxonomy":"product_brand","embeddable":true,"href":"https:\/\/motokary-karting.sk\/cz\/wp-json\/wp\/v2\/product_brand?post=32326"},{"taxonomy":"product_cat","embeddable":true,"href":"https:\/\/motokary-karting.sk\/cz\/wp-json\/wp\/v2\/product_cat?post=32326"},{"taxonomy":"product_tag","embeddable":true,"href":"https:\/\/motokary-karting.sk\/cz\/wp-json\/wp\/v2\/product_tag?post=32326"}],"curies":[{"name":"wp","href":"https:\/\/api.w.org\/{rel}","templated":true}]}}