{"id":32362,"date":"2026-01-28T16:42:39","date_gmt":"2026-01-28T16:42:39","guid":{"rendered":"https:\/\/motokary-karting.sk\/?post_type=product&#038;p=32362"},"modified":"2026-04-05T18:32:42","modified_gmt":"2026-04-05T18:32:42","slug":"32five-rukavice-push-your-limit-fia-8877-2022","status":"publish","type":"product","link":"https:\/\/motokary-karting.sk\/cz\/produkt\/32five-rukavice-push-your-limit-fia-8877-2022\/","title":{"rendered":"32Five Rukavice PUSH YOUR LIMIT FIA 8877-2022"},"content":{"rendered":"<p>Seznamte se s motok\u00e1rov\u00fdmi rukavicemi 32Five <strong>PLUS F - POSUNOUT SV\u016eJ LIMIT<\/strong>, prvn\u00ed rukavice zna\u010dky pln\u011b certifikovan\u00e9 FIA, ur\u010den\u00e9 pro z\u00e1vodn\u00ed jezdce motok\u00e1r, kte\u0159\u00ed vy\u017eaduj\u00ed certifikovanou ochranu, ani\u017e by ob\u011btovali j\u00edzdn\u00ed vlastnosti, st\u0159ih nebo vizu\u00e1ln\u00ed dojem.<\/p>\n<p>\u0158ada PLUS F, schv\u00e1len\u00e1 podle normy FIA 8877-2022, p\u0159edstavuje pro model 32Five v\u00fdznamn\u00fd v\u00fdvoj a spojuje bezpe\u010dnost na z\u00e1vodn\u00ed \u00farovni s vyt\u0159\u00edben\u00fdm komfortem a nezam\u011bniteln\u00fdm designem. Barevn\u00e1 kombinace PUSH YOUR LIMIT se vyzna\u010duje v\u00fdraznou povrchovou \u00fapravou BLACK &amp; NEON FIRE, kter\u00e1 zaji\u0161\u0165uje \u010dist\u00fd, ale agresivn\u00ed vzhled, jen\u017e se na startovn\u00edm ro\u0161tu bude vyj\u00edmat.<\/p>\n<p>Rukavice PLUS F jsou vyrobeny speci\u00e1ln\u011b pro motok\u00e1ry s vysokou intenzitou a up\u0159ednost\u0148uj\u00ed kontrolu, odolnost a pohodl\u00ed b\u011bhem dlouh\u00fdch tr\u00e9nink\u016f. <strong>spl\u0148uj\u00ed nejnov\u011bj\u0161\u00ed p\u0159edpisy FIA<\/strong>.<\/p>\n<p>P\u0159ehled kl\u00ed\u010dov\u00fdch funkc\u00ed<br \/>\n<strong>Homologace FIA 8877-2022<\/strong><br \/>\nJsou schv\u00e1leny pro z\u00e1vodn\u00ed motok\u00e1ry a poskytuj\u00ed jistotu a konzistenci na klubov\u00e9 i mistrovsk\u00e9 \u00farovni.<\/p>\n<p>Konstrukce vn\u011bj\u0161\u00edch steh\u016f<br \/>\n\u0160vy um\u00edst\u011bn\u00e9 na vn\u011bj\u0161\u00ed stran\u011b minimalizuj\u00ed vnit\u0159n\u00ed tlakov\u00e9 body a sni\u017euj\u00ed t\u0159en\u00ed, co\u017e zvy\u0161uje pohodl\u00ed p\u0159i dlouhodob\u00e9m pou\u017e\u00edv\u00e1n\u00ed.<\/p>\n<p>Lehk\u00fd prody\u0161n\u00fd svr\u0161ek<br \/>\nVysp\u011bl\u00e1 tkanina podporuje proud\u011bn\u00ed vzduchu, aby ruce z\u016fstaly chladn\u00e9, a z\u00e1rove\u0148 si zachov\u00e1v\u00e1 m\u011bkkost a pru\u017enost.<\/p>\n<p>Chr\u00e1ni\u010d dlan\u011b DriveSkin\u2122<br \/>\nVysoce v\u00fdkonn\u00fd materi\u00e1l dlan\u011b navr\u017een\u00fd pro p\u0159esnou zp\u011btnou vazbu p\u0159i \u0159\u00edzen\u00ed, siln\u00fd \u00fachop a vynikaj\u00edc\u00ed odolnost proti opot\u0159eben\u00ed.<\/p>\n<p>P\u0159edem zak\u0159iven\u00fd ergonomick\u00fd tvar<br \/>\nNavr\u017eeno tak, aby kop\u00edrovalo p\u0159irozenou polohu ruky, co\u017e sni\u017euje \u00fanavu a zlep\u0161uje kontrolu b\u011bhem z\u00e1vodu.<\/p>\n<p>Ka\u017ed\u00fd prvek - od v\u00fdrazn\u00e9 \u010derven\u00e9 \u0161pi\u010dky prstu a\u017e po precizn\u00ed pro\u0161\u00edv\u00e1n\u00ed - odr\u00e1\u017e\u00ed d\u016fraz na dlouhou \u017eivotnost, v\u00fdkon a spojen\u00ed s \u0159idi\u010dem. Jsou to motok\u00e1rov\u00e9 rukavice vyroben\u00e9 pro z\u00e1vodn\u00edky, kte\u0159\u00ed jezd\u00ed na hranici sv\u00fdch mo\u017enost\u00ed a o\u010dek\u00e1vaj\u00ed, \u017ee jejich vybaven\u00ed bude d\u011blat tot\u00e9\u017e.<\/p>\n<p><strong>P\u0159ipraveno na sout\u011b\u017e. Schv\u00e1leno FIA<\/strong>. Jednozna\u010dn\u011b 32Five.<\/p>","protected":false},"excerpt":{"rendered":"<p>Seznamte se s motok\u00e1rov\u00fdmi rukavicemi 32Five PLUS F - PUSH YOUR LIMIT, prvn\u00edmi pln\u011b certifikovan\u00fdmi rukavicemi zna\u010dky FIA ur\u010den\u00fdmi pro z\u00e1vodn\u00ed motok\u00e1rov\u00e9 jezdce,...<\/p>","protected":false},"featured_media":32379,"template":"","meta":[],"product_brand":[],"product_cat":[3433,15,18],"product_tag":[142,1344,1084,81,97,83,1083,472,1086,2095,26,3365,1081,2096],"class_list":{"0":"post-32362","1":"product","2":"type-product","3":"status-publish","4":"has-post-thumbnail","6":"product_cat-32five","7":"product_cat-rukavice","8":"product_cat-vybava-pretekara","9":"product_tag-karting","10":"product_tag-karting-shop","11":"product_tag-motokarove-rukavice","12":"product_tag-motokary","13":"product_tag-record","14":"product_tag-rukavice","15":"product_tag-rukavice-na-motokary","16":"product_tag-rukavice-sparco","17":"product_tag-rukavice-sparco-record","18":"product_tag-rukavice-sparco-roceord","19":"product_tag-sparco","20":"product_tag-sparco-k-attack","21":"product_tag-sparco-record","22":"product_tag-sparco-record-rukavice","24":"first","25":"onbackorder","26":"sale","27":"taxable","28":"shipping-taxable","29":"purchasable","30":"product-type-variable","31":"customify-col","32":"product-has-gallery"},"aioseo_notices":[],"_links":{"self":[{"href":"https:\/\/motokary-karting.sk\/cz\/wp-json\/wp\/v2\/product\/32362","targetHints":{"allow":["GET"]}}],"collection":[{"href":"https:\/\/motokary-karting.sk\/cz\/wp-json\/wp\/v2\/product"}],"about":[{"href":"https:\/\/motokary-karting.sk\/cz\/wp-json\/wp\/v2\/types\/product"}],"wp:featuredmedia":[{"embeddable":true,"href":"https:\/\/motokary-karting.sk\/cz\/wp-json\/wp\/v2\/media\/32379"}],"wp:attachment":[{"href":"https:\/\/motokary-karting.sk\/cz\/wp-json\/wp\/v2\/media?parent=32362"}],"wp:term":[{"taxonomy":"product_brand","embeddable":true,"href":"https:\/\/motokary-karting.sk\/cz\/wp-json\/wp\/v2\/product_brand?post=32362"},{"taxonomy":"product_cat","embeddable":true,"href":"https:\/\/motokary-karting.sk\/cz\/wp-json\/wp\/v2\/product_cat?post=32362"},{"taxonomy":"product_tag","embeddable":true,"href":"https:\/\/motokary-karting.sk\/cz\/wp-json\/wp\/v2\/product_tag?post=32362"}],"curies":[{"name":"wp","href":"https:\/\/api.w.org\/{rel}","templated":true}]}}