{"id":32848,"date":"2026-02-11T11:12:41","date_gmt":"2026-02-11T11:12:41","guid":{"rendered":"https:\/\/motokary-karting.sk\/?post_type=product&#038;p=32848"},"modified":"2026-02-11T11:19:17","modified_gmt":"2026-02-11T11:19:17","slug":"prilba-schuberth-sk1-hybrid","status":"publish","type":"product","link":"https:\/\/motokary-karting.sk\/cz\/produkt\/schuberth-prilba-sk1-hybrid\/","title":{"rendered":"P\u0159ilba Schuberth SK1 Hybrid"},"content":{"rendered":"<p>SK1 HYBRID je prvn\u00ed hybridn\u00ed p\u0159ilba Schuberth s homologac\u00ed CMR2016, kter\u00e1 kombinuje nejmodern\u011bj\u0161\u00ed v\u00fdrobn\u00ed technologii s p\u0159edem p\u0159ipraven\u00fdmi materi\u00e1ly z uhl\u00edkov\u00fdch vl\u00e1ken a skeln\u00fdch vl\u00e1ken. D\u00edky stejn\u00e9mu aerodynamicky optimalizovan\u00e9mu tvaru sko\u0159epiny jako \u0161pi\u010dkov\u00fd model SF3, kter\u00fd pou\u017e\u00edv\u00e1 mimo jin\u00e9 Max Verstappen ve Formuli 1, nab\u00edz\u00ed SK1 HYBRID prvot\u0159\u00eddn\u00ed v\u00fdkon a bezpe\u010dnost.<\/p>\n<p>Dvan\u00e1ct vzduchov\u00fdch kan\u00e1lk\u016f integrovan\u00fdch do EPS vlo\u017eky zaji\u0161\u0165uje optim\u00e1ln\u00ed ventilaci, zat\u00edmco 3 mm siln\u00fd, 3D vst\u0159ikovan\u00fd \u0161t\u00edt Pinlock poskytuje vynikaj\u00edc\u00ed ochranu proti zaml\u017een\u00ed. Inovativn\u00ed dvoustup\u0148ov\u00fd uzamykac\u00ed mechanismus \u0161t\u00edtu zaji\u0161\u0165uje snadn\u00e9 a bezpe\u010dn\u00e9 ovl\u00e1d\u00e1n\u00ed.<\/p>\n<p>Stejn\u011b jako v\u0161echny p\u0159ilby SCHUBERTH se i SK1 HYBRID m\u016f\u017ee pochlubit plnou kompatibilitou a lze ji individu\u00e1ln\u011b p\u0159izp\u016fsobit pomoc\u00ed \u0161irok\u00e9 \u0161k\u00e1ly dopl\u0148k\u016f tak, aby vyhovovala pot\u0159eb\u00e1m mlad\u00fdch jezdc\u016f z hlediska pohodl\u00ed, aerodynamiky a estetiky.<\/p>\n<p>Hmotnost*: 1 090 g (XXS - S) \/ 1 190 g (M - L\/XL)<\/p>\n<p>*+\/- 30 g<\/p>","protected":false},"excerpt":{"rendered":"<p>SK1 HYBRID je prvn\u00ed hybridn\u00ed p\u0159ilba Schuberth schv\u00e1len\u00e1 podle CMR2016, kter\u00e1 kombinuje nejmodern\u011bj\u0161\u00ed v\u00fdrobn\u00ed technologii s p\u0159edp\u0159ipraven\u00fdmi materi\u00e1ly z uhl\u00edkov\u00fdch vl\u00e1ken a skeln\u00fdch vl\u00e1ken.....<\/p>","protected":false},"featured_media":32855,"template":"","meta":[],"product_brand":[],"product_cat":[21,3316,18],"product_tag":[1344,3314,954,3312,3313,3315,3311,3310],"class_list":{"0":"post-32848","1":"product","2":"type-product","3":"status-publish","4":"has-post-thumbnail","6":"product_cat-prilby","7":"product_cat-schuberth","8":"product_cat-vybava-pretekara","9":"product_tag-karting-shop","10":"product_tag-mokokarova-prilba-schuberth","11":"product_tag-motokar","12":"product_tag-prilba-schuberth","13":"product_tag-prilba-schuberth-karting","14":"product_tag-schuberth-ccarbon-helmet","15":"product_tag-schuberth-prilba","16":"product_tag-schuberth-prilba-sk1-carbon-karting","18":"first","19":"onbackorder","20":"taxable","21":"shipping-taxable","22":"purchasable","23":"product-type-variable","24":"customify-col","25":"product-has-gallery"},"aioseo_notices":[],"_links":{"self":[{"href":"https:\/\/motokary-karting.sk\/cz\/wp-json\/wp\/v2\/product\/32848","targetHints":{"allow":["GET"]}}],"collection":[{"href":"https:\/\/motokary-karting.sk\/cz\/wp-json\/wp\/v2\/product"}],"about":[{"href":"https:\/\/motokary-karting.sk\/cz\/wp-json\/wp\/v2\/types\/product"}],"wp:featuredmedia":[{"embeddable":true,"href":"https:\/\/motokary-karting.sk\/cz\/wp-json\/wp\/v2\/media\/32855"}],"wp:attachment":[{"href":"https:\/\/motokary-karting.sk\/cz\/wp-json\/wp\/v2\/media?parent=32848"}],"wp:term":[{"taxonomy":"product_brand","embeddable":true,"href":"https:\/\/motokary-karting.sk\/cz\/wp-json\/wp\/v2\/product_brand?post=32848"},{"taxonomy":"product_cat","embeddable":true,"href":"https:\/\/motokary-karting.sk\/cz\/wp-json\/wp\/v2\/product_cat?post=32848"},{"taxonomy":"product_tag","embeddable":true,"href":"https:\/\/motokary-karting.sk\/cz\/wp-json\/wp\/v2\/product_tag?post=32848"}],"curies":[{"name":"wp","href":"https:\/\/api.w.org\/{rel}","templated":true}]}}