{"id":32923,"date":"2026-02-20T14:10:17","date_gmt":"2026-02-20T14:10:17","guid":{"rendered":"https:\/\/motokary-karting.sk\/?post_type=product&#038;p=32923"},"modified":"2026-02-20T14:31:23","modified_gmt":"2026-02-20T14:31:23","slug":"sada-2ks-horcikovych-cernych-zadnich-kotoucu-dwt-typ-vlv-212mm-se-srouby","status":"publish","type":"product","link":"https:\/\/motokary-karting.sk\/cz\/produkt\/sada-2ks-disky-magnesium-cierne-zadne-dwt-typ-vlv-212mm-so-skrutkami\/","title":{"rendered":"Sada 2ks zadn\u00edch kotou\u010d\u016f DWT \u010dern\u00e9 barvy | Typ VLV - 212mm se \u0161rouby"},"content":{"rendered":"","protected":false},"excerpt":{"rendered":"","protected":false},"featured_media":32934,"template":"","meta":[],"product_brand":[],"product_cat":[209,271,1465],"product_tag":[1602,1603,210,211,1605,1606,1607,1467,142,1604,1468,81],"class_list":{"0":"post-32923","1":"product","2":"type-product","3":"status-publish","4":"has-post-thumbnail","6":"product_cat-disky-prislusenstvo","7":"product_cat-nahradne-diely-na-podvozky","8":"product_cat-zadne","9":"product_tag-cierne-disky-na-motokaru","10":"product_tag-cierne-motokarove-disky","11":"product_tag-disk","12":"product_tag-disk-predny","13":"product_tag-disky-magnezium","14":"product_tag-dwt","15":"product_tag-dwt-disky","16":"product_tag-hlinikovy-disk-na-motokaru","17":"product_tag-karting","18":"product_tag-magneziove-disky","19":"product_tag-motokarove-disky","20":"product_tag-motokary","22":"first","23":"onbackorder","24":"taxable","25":"shipping-taxable","26":"purchasable","27":"product-type-simple","28":"customify-col","29":"product-has-gallery"},"aioseo_notices":[],"_links":{"self":[{"href":"https:\/\/motokary-karting.sk\/cz\/wp-json\/wp\/v2\/product\/32923","targetHints":{"allow":["GET"]}}],"collection":[{"href":"https:\/\/motokary-karting.sk\/cz\/wp-json\/wp\/v2\/product"}],"about":[{"href":"https:\/\/motokary-karting.sk\/cz\/wp-json\/wp\/v2\/types\/product"}],"wp:featuredmedia":[{"embeddable":true,"href":"https:\/\/motokary-karting.sk\/cz\/wp-json\/wp\/v2\/media\/32934"}],"wp:attachment":[{"href":"https:\/\/motokary-karting.sk\/cz\/wp-json\/wp\/v2\/media?parent=32923"}],"wp:term":[{"taxonomy":"product_brand","embeddable":true,"href":"https:\/\/motokary-karting.sk\/cz\/wp-json\/wp\/v2\/product_brand?post=32923"},{"taxonomy":"product_cat","embeddable":true,"href":"https:\/\/motokary-karting.sk\/cz\/wp-json\/wp\/v2\/product_cat?post=32923"},{"taxonomy":"product_tag","embeddable":true,"href":"https:\/\/motokary-karting.sk\/cz\/wp-json\/wp\/v2\/product_tag?post=32923"}],"curies":[{"name":"wp","href":"https:\/\/api.w.org\/{rel}","templated":true}]}}