{"id":32997,"date":"2026-02-24T12:07:30","date_gmt":"2026-02-24T12:07:30","guid":{"rendered":"https:\/\/motokary-karting.sk\/?post_type=product&#038;p=32997"},"modified":"2026-02-25T15:48:49","modified_gmt":"2026-02-25T15:48:49","slug":"motokarovy-podvozek-crg-kz-road-rebel","status":"publish","type":"product","link":"https:\/\/motokary-karting.sk\/cz\/produkt\/motokara-podvozok-crg-kz-road-rebel\/","title":{"rendered":"Podvozek motok\u00e1ry CRG KZ - Road Rebel"},"content":{"rendered":"<p>Podvozek Road Rebel m\u00e1 r\u00e1m s chromovan\u00fdmi trubkami Moli \u00d832 s nov\u00fdm ulo\u017een\u00edm lo\u017eisek. U tohoto podvozku lze nastavit zadn\u00ed n\u00e1pravu, rozvor a \u010dep n\u00e1pravy; vp\u0159edu lze snadno nastavit odklon kol pomoc\u00ed exkluzivn\u00edho syst\u00e9mu Sniper. Cel\u00e1 \u0159ada z\u00e1vodn\u00edch kol se dod\u00e1v\u00e1 s brzdov\u00fdm syst\u00e9mem Ven11 nebo Ven13 v z\u00e1vislosti na zvolen\u00e9m brzdov\u00e9m syst\u00e9mu, pro 192 nebo 180 kotou\u010dov\u00fdch brzd. Podvozek se dod\u00e1v\u00e1 s plastovou karoseri\u00ed 507\/509 a novou sadou obtisk\u016f.<\/p>\n<p>&nbsp;<\/p>","protected":false},"excerpt":{"rendered":"<p>Podvozek Road Rebel m\u00e1 r\u00e1m s chromovan\u00fdmi trubkami Moli \u00d832 s nov\u00fdm ulo\u017een\u00edm lo\u017eisek. U tohoto podvozku lze nastavit zadn\u00ed n\u00e1pravu, rozvor a \u010dep...<\/p>","protected":false},"featured_media":33010,"template":"","meta":[],"product_brand":[],"product_cat":[3447,16],"product_tag":[3456,3459,3455,142,1344,2984,2388,34,3449,2386,3457,3458,3454,1698],"class_list":{"0":"post-32997","1":"product","2":"type-product","3":"status-publish","4":"has-post-thumbnail","6":"product_cat-crg","7":"product_cat-motokary","8":"product_tag-cerg-podvozok-kz","9":"product_tag-crg-kz-motokara","10":"product_tag-crg-road-rebel","11":"product_tag-karting","12":"product_tag-karting-shop","13":"product_tag-kartingshop","14":"product_tag-minikart","15":"product_tag-motokara","16":"product_tag-motokara-crg","17":"product_tag-nova-motokara-na-predaj","18":"product_tag-podvozok-crg-kz","19":"product_tag-podvozok-na-kz","20":"product_tag-predaj-podvozkov-crg","21":"product_tag-predajna-motokar","23":"first","24":"onbackorder","25":"sale","26":"taxable","27":"shipping-taxable","28":"purchasable","29":"product-type-variable","30":"customify-col","31":"product-has-gallery"},"aioseo_notices":[],"_links":{"self":[{"href":"https:\/\/motokary-karting.sk\/cz\/wp-json\/wp\/v2\/product\/32997","targetHints":{"allow":["GET"]}}],"collection":[{"href":"https:\/\/motokary-karting.sk\/cz\/wp-json\/wp\/v2\/product"}],"about":[{"href":"https:\/\/motokary-karting.sk\/cz\/wp-json\/wp\/v2\/types\/product"}],"wp:featuredmedia":[{"embeddable":true,"href":"https:\/\/motokary-karting.sk\/cz\/wp-json\/wp\/v2\/media\/33010"}],"wp:attachment":[{"href":"https:\/\/motokary-karting.sk\/cz\/wp-json\/wp\/v2\/media?parent=32997"}],"wp:term":[{"taxonomy":"product_brand","embeddable":true,"href":"https:\/\/motokary-karting.sk\/cz\/wp-json\/wp\/v2\/product_brand?post=32997"},{"taxonomy":"product_cat","embeddable":true,"href":"https:\/\/motokary-karting.sk\/cz\/wp-json\/wp\/v2\/product_cat?post=32997"},{"taxonomy":"product_tag","embeddable":true,"href":"https:\/\/motokary-karting.sk\/cz\/wp-json\/wp\/v2\/product_tag?post=32997"}],"curies":[{"name":"wp","href":"https:\/\/api.w.org\/{rel}","templated":true}]}}