{"id":33077,"date":"2026-02-25T15:48:56","date_gmt":"2026-02-25T15:48:56","guid":{"rendered":"https:\/\/motokary-karting.sk\/?post_type=product&#038;p=33077"},"modified":"2026-02-25T16:02:23","modified_gmt":"2026-02-25T16:02:23","slug":"podvozek-motokary-crg-kt5","status":"publish","type":"product","link":"https:\/\/motokary-karting.sk\/cz\/produkt\/motokara-podvozok-crg-kt5\/","title":{"rendered":"Podvozek motok\u00e1ry CRG KT5"},"content":{"rendered":"<p>Podvozek KT4 m\u00e1 r\u00e1m s chromovan\u00fdmi trubkami Moli \u00d830 na dlouh\u00e9m nosn\u00edku a p\u0159\u00ed\u010dn\u00edky a p\u0159edn\u00edmi trubkami \u00d832, nov\u00fd nosn\u00fd z\u00e1v\u011bs je zes\u00edlen\u00fd na stran\u011b brzd. U podvozku KT4 lze nastavit zadn\u00ed n\u00e1pravu a \u010dep n\u00e1pravy, vp\u0159edu lze snadno nastavit odklon kol pomoc\u00ed exkluzivn\u00edho syst\u00e9mu Sniper. Cel\u00e1 \u0159ada podvozk\u016f se dod\u00e1v\u00e1 s brzdov\u00fdm syst\u00e9mem Ven11 nebo Ven13 v z\u00e1vislosti na zvolen\u00e9m brzdov\u00e9m syst\u00e9mu, p\u0159i\u010dem\u017e jsou k dispozici dv\u011b varianty brzdov\u00fdch kotou\u010d\u016f 192 nebo 180. Podvozek se dod\u00e1v\u00e1 s plastovou karoseri\u00ed 507\/509 a novou sadou obtisk\u016f.<\/p>\n<p>&nbsp;<\/p>","protected":false},"excerpt":{"rendered":"<p>Podvozek KT4 m\u00e1 r\u00e1m s chromovan\u00fdmi trubkami Moli \u00d830 na dlouh\u00e9m nosn\u00edku a p\u0159\u00ed\u010dn\u00edky \u00d832 a p\u0159edn\u00edmi trubkami, nov\u00fd nosn\u00fd z\u00e1v\u011bs je zes\u00edlen\u00fd...<\/p>","protected":false},"featured_media":33090,"template":"","meta":[],"product_brand":[],"product_cat":[3447,16],"product_tag":[1943,3448,3452,3451,3450,142,1344,2388,34,3449,2386,3454,1698,3453],"class_list":{"0":"post-33077","1":"product","2":"type-product","3":"status-publish","4":"has-post-thumbnail","6":"product_cat-crg","7":"product_cat-motokary","8":"product_tag-crg","9":"product_tag-crg-kart","10":"product_tag-crg-karting","11":"product_tag-crg-podvozky","12":"product_tag-crg-podvozok","13":"product_tag-karting","14":"product_tag-karting-shop","15":"product_tag-minikart","16":"product_tag-motokara","17":"product_tag-motokara-crg","18":"product_tag-nova-motokara-na-predaj","19":"product_tag-predaj-podvozkov-crg","20":"product_tag-predajna-motokar","21":"product_tag-ram-crg","23":"first","24":"onbackorder","25":"sale","26":"taxable","27":"shipping-taxable","28":"purchasable","29":"product-type-variable","30":"customify-col","31":"product-has-gallery"},"aioseo_notices":[],"_links":{"self":[{"href":"https:\/\/motokary-karting.sk\/cz\/wp-json\/wp\/v2\/product\/33077","targetHints":{"allow":["GET"]}}],"collection":[{"href":"https:\/\/motokary-karting.sk\/cz\/wp-json\/wp\/v2\/product"}],"about":[{"href":"https:\/\/motokary-karting.sk\/cz\/wp-json\/wp\/v2\/types\/product"}],"wp:featuredmedia":[{"embeddable":true,"href":"https:\/\/motokary-karting.sk\/cz\/wp-json\/wp\/v2\/media\/33090"}],"wp:attachment":[{"href":"https:\/\/motokary-karting.sk\/cz\/wp-json\/wp\/v2\/media?parent=33077"}],"wp:term":[{"taxonomy":"product_brand","embeddable":true,"href":"https:\/\/motokary-karting.sk\/cz\/wp-json\/wp\/v2\/product_brand?post=33077"},{"taxonomy":"product_cat","embeddable":true,"href":"https:\/\/motokary-karting.sk\/cz\/wp-json\/wp\/v2\/product_cat?post=33077"},{"taxonomy":"product_tag","embeddable":true,"href":"https:\/\/motokary-karting.sk\/cz\/wp-json\/wp\/v2\/product_tag?post=33077"}],"curies":[{"name":"wp","href":"https:\/\/api.w.org\/{rel}","templated":true}]}}