{"id":33157,"date":"2026-03-02T16:20:04","date_gmt":"2026-03-02T16:20:04","guid":{"rendered":"https:\/\/motokary-karting.sk\/?post_type=product&#038;p=33157"},"modified":"2026-03-02T16:27:28","modified_gmt":"2026-03-02T16:27:28","slug":"podvozek-motokary-kali-kart-kk4","status":"publish","type":"product","link":"https:\/\/motokary-karting.sk\/cz\/produkt\/motokara-podvozok-kali-kart-kk4\/","title":{"rendered":"Podvozek motok\u00e1ry Kal\u00ec Kart KK4"},"content":{"rendered":"<p>R\u00e1m tohoto modelu je vyroben z 32 mm chrom-molybdenov\u00fdch ocelov\u00fdch trubek a je vhodn\u00fd zejm\u00e9na pro kategorie s \u0159azen\u00edm, mezin\u00e1rodn\u00ed (KZ - KZ2) a tak\u00e9 pro kategorie s p\u0159evodovkami v\u00fdznamn\u00fdch zna\u010dek, jako jsou Rotax, Iame X30 a ROK. Podvozek KK4 je n\u011bkolikan\u00e1sobn\u00fdm mistrem sv\u011bta a mezi jeho siln\u00e9 str\u00e1nky v\u017edy pat\u0159ily brzd\u011bn\u00ed, trakce a bo\u010dn\u00ed p\u0159ilnavost, co\u017e jsou prioritn\u00ed technick\u00e9 vlastnosti ve v\u00fdkonn\u00fdch kategori\u00edch, jako je KZ. Stejn\u00fd podvozek lze v zim\u011b a ve v\u0161ech p\u0159\u00edpadech, kdy je v provozn\u00edm \u201eokn\u011b\u201c vy\u017eadov\u00e1na p\u0159ilnavost nebo snadn\u011bj\u0161\u00ed nastaven\u00ed pneumatik, \u00fasp\u011b\u0161n\u011b pou\u017e\u00edt i s motory s p\u0159\u00edm\u00fdm pohonem, pokud po\u017eadujete nastaven\u00ed DD, kter\u00e9 nezahrnuje p\u0159edn\u00ed brzdy a p\u0159ehazova\u010dky. P\u0159\u00edslu\u0161enstv\u00ed je \u0161pi\u010dkov\u00e9 a zahrnuje ho\u0159\u010d\u00edkov\u00e1 kola a p\u0159\u00edslu\u0161enstv\u00ed, brzdov\u00fd syst\u00e9m VEN 11b a nov\u00e9 kapot\u00e1\u017ee 507\/509. Model KK4 je tak\u00e9 schv\u00e1len pro kategorii ROTAX DD2, kter\u00e1 pou\u017e\u00edv\u00e1 specifick\u00fd syst\u00e9m p\u0159evodovky.<\/p>","protected":false},"excerpt":{"rendered":"<p>R\u00e1m tohoto modelu je vyroben z 32 mm chrom-molybdenov\u00fdch ocelov\u00fdch trubek a je vhodn\u00fd zejm\u00e9na pro kategorie \u0159azen\u00ed, mezin\u00e1rodn\u00ed (KZ - KZ2) a pro...<\/p>","protected":false},"featured_media":33169,"template":"","meta":[],"product_brand":[],"product_cat":[3465,16],"product_tag":[1943,3448,3452,3451,3450,142,1344,2388,34,3449,2386,3454,1698,3453],"class_list":{"0":"post-33157","1":"product","2":"type-product","3":"status-publish","4":"has-post-thumbnail","6":"product_cat-kali-kart","7":"product_cat-motokary","8":"product_tag-crg","9":"product_tag-crg-kart","10":"product_tag-crg-karting","11":"product_tag-crg-podvozky","12":"product_tag-crg-podvozok","13":"product_tag-karting","14":"product_tag-karting-shop","15":"product_tag-minikart","16":"product_tag-motokara","17":"product_tag-motokara-crg","18":"product_tag-nova-motokara-na-predaj","19":"product_tag-predaj-podvozkov-crg","20":"product_tag-predajna-motokar","21":"product_tag-ram-crg","23":"first","24":"onbackorder","25":"sale","26":"taxable","27":"shipping-taxable","28":"purchasable","29":"product-type-variable","30":"customify-col","31":"product-has-gallery"},"aioseo_notices":[],"_links":{"self":[{"href":"https:\/\/motokary-karting.sk\/cz\/wp-json\/wp\/v2\/product\/33157","targetHints":{"allow":["GET"]}}],"collection":[{"href":"https:\/\/motokary-karting.sk\/cz\/wp-json\/wp\/v2\/product"}],"about":[{"href":"https:\/\/motokary-karting.sk\/cz\/wp-json\/wp\/v2\/types\/product"}],"wp:featuredmedia":[{"embeddable":true,"href":"https:\/\/motokary-karting.sk\/cz\/wp-json\/wp\/v2\/media\/33169"}],"wp:attachment":[{"href":"https:\/\/motokary-karting.sk\/cz\/wp-json\/wp\/v2\/media?parent=33157"}],"wp:term":[{"taxonomy":"product_brand","embeddable":true,"href":"https:\/\/motokary-karting.sk\/cz\/wp-json\/wp\/v2\/product_brand?post=33157"},{"taxonomy":"product_cat","embeddable":true,"href":"https:\/\/motokary-karting.sk\/cz\/wp-json\/wp\/v2\/product_cat?post=33157"},{"taxonomy":"product_tag","embeddable":true,"href":"https:\/\/motokary-karting.sk\/cz\/wp-json\/wp\/v2\/product_tag?post=33157"}],"curies":[{"name":"wp","href":"https:\/\/api.w.org\/{rel}","templated":true}]}}