{"id":33210,"date":"2026-03-04T10:17:09","date_gmt":"2026-03-04T10:17:09","guid":{"rendered":"https:\/\/motokary-karting.sk\/?post_type=product&#038;p=33210"},"modified":"2026-04-20T08:54:43","modified_gmt":"2026-04-20T08:54:43","slug":"organizer-a-drzak-trysek-karburatoru","status":"publish","type":"product","link":"https:\/\/motokary-karting.sk\/cz\/produkt\/organizer-a-drziak-na-trysky-karburatora\/","title":{"rendered":"Organiz\u00e9r a dr\u017e\u00e1k trysek karbur\u00e1toru"},"content":{"rendered":"<p>Vyrobeno pro 10 trysek<\/p>","protected":false},"excerpt":{"rendered":"<p>Vyrobeno pro 10 trysek<\/p>","protected":false},"featured_media":33211,"template":"","meta":[],"product_brand":[],"product_cat":[1642,2755,2756,2332,2331,2333,645,3360,2686,58],"product_tag":[1625,2944,391,1633,1628,1629,1728,142,1344,2943,2945,81,392,2946,1632,1630,1631],"class_list":{"0":"post-33210","1":"product","2":"type-product","3":"status-publish","4":"has-post-thumbnail","6":"product_cat-karburatory-prislusenstvo","7":"product_cat-model-tm-k10","8":"product_cat-model-tm-k10b","9":"product_cat-model-tm-k10c","10":"product_cat-model-tm-k9c","11":"product_cat-model-tm-kz-r1","12":"product_cat-nahradne-diely-na-motory","13":"product_cat-ostatne-vybava-do-garaze","14":"product_cat-sekcia-karburator","15":"product_cat-vybava-do-garaze","16":"product_tag-aktivny-vzduchovy-filter","17":"product_tag-filter-kg","18":"product_tag-filter-vzduchu","19":"product_tag-filter-vzduchu-125cm","20":"product_tag-filter-vzduchu-ok","21":"product_tag-fioter-vzduchu-okj","22":"product_tag-kart-shop","23":"product_tag-karting","24":"product_tag-karting-shop","25":"product_tag-kg-nitro","26":"product_tag-kg-vzduchovy-filter","27":"product_tag-motokary","28":"product_tag-vzduchovy-filter","29":"product_tag-vzduchovy-filter-kg-nitro","30":"product_tag-vzduchovy-filter-kz","31":"product_tag-vzduchovy-filter-ok","32":"product_tag-vzduchovy-filter-okj","34":"first","35":"onbackorder","36":"taxable","37":"shipping-taxable","38":"purchasable","39":"product-type-simple","40":"customify-col"},"aioseo_notices":[],"_links":{"self":[{"href":"https:\/\/motokary-karting.sk\/cz\/wp-json\/wp\/v2\/product\/33210","targetHints":{"allow":["GET"]}}],"collection":[{"href":"https:\/\/motokary-karting.sk\/cz\/wp-json\/wp\/v2\/product"}],"about":[{"href":"https:\/\/motokary-karting.sk\/cz\/wp-json\/wp\/v2\/types\/product"}],"wp:featuredmedia":[{"embeddable":true,"href":"https:\/\/motokary-karting.sk\/cz\/wp-json\/wp\/v2\/media\/33211"}],"wp:attachment":[{"href":"https:\/\/motokary-karting.sk\/cz\/wp-json\/wp\/v2\/media?parent=33210"}],"wp:term":[{"taxonomy":"product_brand","embeddable":true,"href":"https:\/\/motokary-karting.sk\/cz\/wp-json\/wp\/v2\/product_brand?post=33210"},{"taxonomy":"product_cat","embeddable":true,"href":"https:\/\/motokary-karting.sk\/cz\/wp-json\/wp\/v2\/product_cat?post=33210"},{"taxonomy":"product_tag","embeddable":true,"href":"https:\/\/motokary-karting.sk\/cz\/wp-json\/wp\/v2\/product_tag?post=33210"}],"curies":[{"name":"wp","href":"https:\/\/api.w.org\/{rel}","templated":true}]}}