{"id":33302,"date":"2026-03-08T13:21:58","date_gmt":"2026-03-08T13:21:58","guid":{"rendered":"https:\/\/motokary-karting.sk\/?post_type=product&#038;p=33302"},"modified":"2026-03-11T17:33:06","modified_gmt":"2026-03-11T17:33:06","slug":"jecko-jk1-chranic-zeber","status":"publish","type":"product","link":"https:\/\/motokary-karting.sk\/cz\/produkt\/jecko-jk1-rebrovy-chranic\/","title":{"rendered":"Chr\u00e1ni\u010d \u017eeber Jecko JK1"},"content":{"rendered":"<p>Chr\u00e1ni\u010d \u017eeber JK1 je chr\u00e1ni\u010d hrudn\u00edku ur\u010den\u00fd pro pou\u017eit\u00ed v motok\u00e1r\u00e1ch,<br \/>\nkter\u00fd je navr\u017een tak, aby chr\u00e1nil hrudn\u00edk jezdce p\u0159ed rizikem mechanick\u00e9ho n\u00e1razu zp\u016fsoben\u00e9ho gravita\u010dn\u00ed silou.<br \/>\nJe charakterizov\u00e1na jako ochrana proti n\u00e1razu, kter\u00e1 chr\u00e1n\u00ed jezdce jak p\u0159ed povrchov\u00fdmi mechanick\u00fdmi poran\u011bn\u00edmi, tak p\u0159ed<br \/>\nzran\u011bn\u00ed zp\u016fsoben\u00e1 energi\u00ed n\u00e1razu t\u00edm, \u017ee ji pohlt\u00ed a\/nebo sn\u00ed\u017e\u00ed.<br \/>\nJK1 je n\u00e1razov\u00fd chr\u00e1ni\u010d ur\u010den\u00fd k ochran\u011b hrudn\u00edku u\u017eivatele.<br \/>\npohlcen\u00edm a\/nebo rozlo\u017een\u00edm energie n\u00e1razu.<br \/>\nJedn\u00e1 se o osobn\u00ed ochrann\u00e9 prost\u0159edky (OOP) kategorie II.<\/p>\n<p>V\u00ddB\u011aR VELIKOSTI<br \/>\nModel JK1 byl navr\u017een tak, aby se co nejl\u00e9pe p\u0159izp\u016fsobil t\u011blu jezdce.<br \/>\nVelikosti chr\u00e1ni\u010d\u016f \u017eeber JK1 podle p\u0159edpisu 4.4 normy FIA 8870-2018 se ur\u010duj\u00ed podle.<br \/>\np\u0159edev\u0161\u00edm podle v\u00fd\u0161ky u\u017eivatele a jako druhou mo\u017enost podle obvodu hrudn\u00edku.<br \/>\nPro ka\u017edou v\u00fd\u0161ku si jezdec m\u016f\u017ee vybrat jednu nebo v\u00edce velikost\u00ed podle obvodu hrudn\u00edku.<\/p>\n<p>OZN\u00c1MEN\u00cd<br \/>\nChr\u00e1ni\u010d \u017eeber JK1 pou\u017e\u00edvejte pouze v p\u0159\u00edpad\u011b, \u017ee jsou v\u0161echny d\u00edly neporu\u0161en\u00e9 a p\u0159ipojen\u00e9 jako nov\u00e9 z v\u00fdroby.<br \/>\nPokud n\u011bkter\u00e1 z \u010d\u00e1st\u00ed chyb\u00ed nebo je po\u0161kozen\u00e1, nelze osobn\u00ed ochrann\u00fd prost\u0159edek v \u017e\u00e1dn\u00e9m p\u0159\u00edpad\u011b pou\u017e\u00edt. Osobn\u00ed ochrann\u00e9 prost\u0159edky noste s chr\u00e1ni\u010dem hrudn\u00edku p\u0159il\u00e9haj\u00edc\u00edm k hrudn\u00edku. Chr\u00e1ni\u010d hrudn\u00edku mus\u00ed p\u0159ekr\u00fdvat bo\u010dn\u00ed popruhy nejm\u00e9n\u011b o 10 mm.<br \/>\nV \u017e\u00e1dn\u00e9m p\u0159\u00edpad\u011b neodstra\u0148ujte logo p\u0159ipevn\u011bn\u00e9 k elastick\u00e9mu p\u00e1sku hrudn\u00edho chr\u00e1ni\u010de.<br \/>\nPokud je odstran\u011bn, JK1 ji\u017e nelze pou\u017e\u00edt.<br \/>\nP\u0159i no\u0161en\u00ed OOP a j\u00edzd\u011b na motok\u00e1\u0159e nesm\u00ed b\u00fdt horn\u00ed \u010d\u00e1st chr\u00e1ni\u010de hrudn\u00edku v\u00edce ne\u017e 25 mm pod horn\u00ed \u010d\u00e1st\u00ed hrudn\u00ed kosti.<\/p>\n<p>N\u00c1VOD K POU\u017dIT\u00cd<br \/>\nPo nasazen\u00ed JK1 mus\u00ed jezdec provl\u00e9knout popruh p\u0159\u00edslu\u0161n\u00fdmi poutky a vp\u0159edu jej zapnout,<br \/>\nzat\u00edmco dr\u017e\u00e1k \u0161t\u00edtov\u00e9ho p\u00e1su mus\u00ed b\u00fdt zarovn\u00e1n s hrudn\u00ed kost\u00ed.<br \/>\nPo dokon\u010den\u00ed operace v kroku 1 m\u016f\u017ee jezdec pro snadn\u011bj\u0161\u00ed pou\u017eit\u00ed pou\u017e\u00edt.<br \/>\npouze spr\u00e1vn\u00fd popruh pro nasazen\u00ed nebo sejmut\u00ed chr\u00e1ni\u010de \u017eeber, p\u0159i\u010dem\u017e v\u017edy zkontrolujte, zda je dr\u017e\u00e1k popruhu \u0161t\u00edtu v po\u0159\u00e1dku.<br \/>\nzarovnan\u00e1 s hrudn\u00ed kost\u00ed. Pokud tomu tak nen\u00ed, opakujte operaci podle kroku 1.<br \/>\n\u0160t\u00edt mus\u00ed t\u011bsn\u011b p\u0159il\u00e9hat k hrudn\u00edku jezdce; z tohoto d\u016fvodu jej lze nosit uvnit\u0159 nebo na z\u00e1dech.<br \/>\nvn\u011b pl\u00e1\u0161t\u011b, co\u017e jezdci umo\u017e\u0148uje zvolit nejlep\u0161\u00ed \u0159e\u0161en\u00ed pro dosa\u017een\u00ed tohoto c\u00edle.<br \/>\nStav.<\/p>\n<p>Podle p\u0159edpisu FIA 4.4 mus\u00ed b\u00fdt mezi \u0161t\u00edtem a pl\u00e1\u0161t\u011bm v\u017edy 10 mm p\u0159esah.<br \/>\nNorma 8870-2018. Toto p\u0159ekryt\u00ed je zaru\u010deno d\u00e9lkou popruhu a um\u00edst\u011bn\u00edm.<br \/>\nZap\u00edn\u00e1n\u00ed na such\u00fd zip.<br \/>\nVAROV\u00c1N\u00cd: V\u017edy zkontrolujte, zda je dr\u017e\u00e1k \u0161t\u00edtov\u00e9ho p\u00e1su v jedn\u00e9 rovin\u011b s hrudn\u00ed kost\u00ed.<br \/>\nNastavte ramenn\u00ed popruhy tak, aby bylo ochrann\u00e9 za\u0159\u00edzen\u00ed ve spr\u00e1vn\u00e9 v\u00fd\u0161ce. P\u0159i sezen\u00ed v motok\u00e1\u0159e by horn\u00ed \u010d\u00e1st \u0161t\u00edtu nem\u011bla b\u00fdt n\u00ed\u017ee ne\u017e 25 mm od horn\u00ed \u010d\u00e1sti hrudn\u00ed kosti.<br \/>\nPOKYNY PRO \u010cI\u0160T\u011aN\u00cd A \u00daDR\u017dBU<br \/>\nJK1 by se m\u011bl \u010distit pouze m\u011bkk\u00fdm, vlhk\u00fdm had\u0159\u00edkem a vodou o teplot\u011b do 40 \u00b0C a neagresivn\u00edmi m\u00fddly s neutr\u00e1ln\u00edm pH. Nepou\u017e\u00edvejte rozpou\u0161t\u011bdla nebo alkohol, kter\u00e9 by mohly po\u0161kodit osobn\u00ed ochrann\u00e9 prost\u0159edky.<br \/>\nPo vy\u010di\u0161t\u011bn\u00ed osu\u0161te such\u00fdm had\u0159\u00edkem mimo dosah p\u0159\u00edm\u00e9ho slune\u010dn\u00edho z\u00e1\u0159en\u00ed nebo zdroj\u016f tepla.<\/p>","protected":false},"excerpt":{"rendered":"<p>Chr\u00e1ni\u010d \u017eeber JK1 je chr\u00e1ni\u010d hrudn\u00edku ur\u010den\u00fd pro pou\u017eit\u00ed v motok\u00e1r\u00e1ch, jeho\u017e c\u00edlem je chr\u00e1nit hrudn\u00edk jezdce p\u0159ed rizikem mechanick\u00e9ho n\u00e1razu zp\u016fsoben\u00e9ho gravita\u010dn\u00edm...<\/p>","protected":false},"featured_media":33319,"template":"","meta":[],"product_brand":[],"product_cat":[88,158,18],"product_tag":[2888,3218,3220,3219,142,1344,81,720,1285,1203],"class_list":{"0":"post-33302","1":"product","2":"type-product","3":"status-publish","4":"has-post-thumbnail","6":"product_cat-ochrana-rebier","7":"product_cat-tip-na-darcek","8":"product_cat-vybava-pretekara","9":"product_tag-bengio","10":"product_tag-bengio-ab7","11":"product_tag-bengio-chranic-rebier","12":"product_tag-chranic-rebier-bengio","13":"product_tag-karting","14":"product_tag-karting-shop","15":"product_tag-motokary","16":"product_tag-ochrana-rebier","17":"product_tag-rebrovy-chranic-alpinestars","18":"product_tag-rebrovy-chranic-na-motokary","20":"first","21":"onbackorder","22":"sale","23":"taxable","24":"shipping-taxable","25":"purchasable","26":"product-type-variable","27":"customify-col","28":"product-has-gallery"},"aioseo_notices":[],"_links":{"self":[{"href":"https:\/\/motokary-karting.sk\/cz\/wp-json\/wp\/v2\/product\/33302","targetHints":{"allow":["GET"]}}],"collection":[{"href":"https:\/\/motokary-karting.sk\/cz\/wp-json\/wp\/v2\/product"}],"about":[{"href":"https:\/\/motokary-karting.sk\/cz\/wp-json\/wp\/v2\/types\/product"}],"wp:featuredmedia":[{"embeddable":true,"href":"https:\/\/motokary-karting.sk\/cz\/wp-json\/wp\/v2\/media\/33319"}],"wp:attachment":[{"href":"https:\/\/motokary-karting.sk\/cz\/wp-json\/wp\/v2\/media?parent=33302"}],"wp:term":[{"taxonomy":"product_brand","embeddable":true,"href":"https:\/\/motokary-karting.sk\/cz\/wp-json\/wp\/v2\/product_brand?post=33302"},{"taxonomy":"product_cat","embeddable":true,"href":"https:\/\/motokary-karting.sk\/cz\/wp-json\/wp\/v2\/product_cat?post=33302"},{"taxonomy":"product_tag","embeddable":true,"href":"https:\/\/motokary-karting.sk\/cz\/wp-json\/wp\/v2\/product_tag?post=33302"}],"curies":[{"name":"wp","href":"https:\/\/api.w.org\/{rel}","templated":true}]}}