{"id":33404,"date":"2026-03-11T17:37:41","date_gmt":"2026-03-11T17:37:41","guid":{"rendered":"https:\/\/motokary-karting.sk\/?post_type=product&#038;p=33404"},"modified":"2026-03-11T17:46:14","modified_gmt":"2026-03-11T17:46:14","slug":"kralici-chranic-zeber","status":"publish","type":"product","link":"https:\/\/motokary-karting.sk\/cz\/produkt\/jecko-jrib-rebrovy-chranic\/","title":{"rendered":"Chr\u00e1ni\u010d \u017eeber Jecko JRIB"},"content":{"rendered":"<p>Nov\u00e1 produktov\u00e1 \u0159ada RIB-PROTECTOR spole\u010dnosti JECKO je vyrobena novou technologi\u00ed J-FLEX a pou\u017e\u00edv\u00e1 se ve sv\u011bt\u011b motok\u00e1r k ochran\u011b jezdc\u016f b\u011bhem z\u00e1vod\u016f.<\/p>","protected":false},"excerpt":{"rendered":"<p>Nov\u00e1 produktov\u00e1 \u0159ada RIB-PROTECTOR spole\u010dnosti JECKO je vyrobena novou technologi\u00ed J-FLEX a pou\u017e\u00edv\u00e1 se ve sv\u011bt\u011b motok\u00e1r k ochran\u011b jezdc\u016f b\u011bhem z\u00e1vod\u016f.<\/p>","protected":false},"featured_media":33416,"template":"","meta":[],"product_brand":[],"product_cat":[88,158,18],"product_tag":[2888,3218,3220,3219,142,1344,81,720,1285,1203],"class_list":{"0":"post-33404","1":"product","2":"type-product","3":"status-publish","4":"has-post-thumbnail","6":"product_cat-ochrana-rebier","7":"product_cat-tip-na-darcek","8":"product_cat-vybava-pretekara","9":"product_tag-bengio","10":"product_tag-bengio-ab7","11":"product_tag-bengio-chranic-rebier","12":"product_tag-chranic-rebier-bengio","13":"product_tag-karting","14":"product_tag-karting-shop","15":"product_tag-motokary","16":"product_tag-ochrana-rebier","17":"product_tag-rebrovy-chranic-alpinestars","18":"product_tag-rebrovy-chranic-na-motokary","20":"first","21":"onbackorder","22":"taxable","23":"shipping-taxable","24":"purchasable","25":"product-type-variable","26":"customify-col","27":"product-has-gallery"},"aioseo_notices":[],"_links":{"self":[{"href":"https:\/\/motokary-karting.sk\/cz\/wp-json\/wp\/v2\/product\/33404","targetHints":{"allow":["GET"]}}],"collection":[{"href":"https:\/\/motokary-karting.sk\/cz\/wp-json\/wp\/v2\/product"}],"about":[{"href":"https:\/\/motokary-karting.sk\/cz\/wp-json\/wp\/v2\/types\/product"}],"wp:featuredmedia":[{"embeddable":true,"href":"https:\/\/motokary-karting.sk\/cz\/wp-json\/wp\/v2\/media\/33416"}],"wp:attachment":[{"href":"https:\/\/motokary-karting.sk\/cz\/wp-json\/wp\/v2\/media?parent=33404"}],"wp:term":[{"taxonomy":"product_brand","embeddable":true,"href":"https:\/\/motokary-karting.sk\/cz\/wp-json\/wp\/v2\/product_brand?post=33404"},{"taxonomy":"product_cat","embeddable":true,"href":"https:\/\/motokary-karting.sk\/cz\/wp-json\/wp\/v2\/product_cat?post=33404"},{"taxonomy":"product_tag","embeddable":true,"href":"https:\/\/motokary-karting.sk\/cz\/wp-json\/wp\/v2\/product_tag?post=33404"}],"curies":[{"name":"wp","href":"https:\/\/api.w.org\/{rel}","templated":true}]}}