{"id":33461,"date":"2026-03-15T09:48:08","date_gmt":"2026-03-15T09:48:08","guid":{"rendered":"https:\/\/motokary-karting.sk\/?post_type=product&#038;p=33461"},"modified":"2026-04-11T15:49:37","modified_gmt":"2026-04-11T15:49:37","slug":"sada-4-hlinikovych-vodnich-kotoucu-crg-predni-130mm-zadni-180mm","status":"publish","type":"product","link":"https:\/\/motokary-karting.sk\/cz\/produkt\/crg-hlinikove-disky-na-vodu-sada-4ks-predne-130mm-zadne-180mm\/","title":{"rendered":"Hlin\u00edkov\u00e9 vodn\u00ed kotou\u010de CRG - sada 4 p\u0159edn\u00edch 130 mm | zadn\u00ed 180 mm"},"content":{"rendered":"<p>P\u016fvodn\u00ed epizoda<\/p>","protected":false},"excerpt":{"rendered":"<p>P\u016fvodn\u00ed epizoda<\/p>","protected":false},"featured_media":33463,"template":"","meta":[],"product_brand":[],"product_cat":[1549,302,3466,3472,271],"product_tag":[3474,3476,3473,142,3475,81],"class_list":{"0":"post-33461","1":"product","2":"type-product","3":"status-publish","4":"has-post-thumbnail","6":"product_cat-brzdove-platnicky","7":"product_cat-brzdy-prislusenstvo","8":"product_cat-crg-kali-kart","9":"product_cat-disky-prislusenstvo-crg-kali-kart","10":"product_cat-nahradne-diely-na-podvozky","11":"product_tag-crg-disky","12":"product_tag-crg-magnesium-rims","13":"product_tag-disky-crg","14":"product_tag-karting","15":"product_tag-magneziove-disky-crg","16":"product_tag-motokary","18":"first","19":"instock","20":"taxable","21":"shipping-taxable","22":"purchasable","23":"product-type-simple","24":"customify-col"},"aioseo_notices":[],"_links":{"self":[{"href":"https:\/\/motokary-karting.sk\/cz\/wp-json\/wp\/v2\/product\/33461","targetHints":{"allow":["GET"]}}],"collection":[{"href":"https:\/\/motokary-karting.sk\/cz\/wp-json\/wp\/v2\/product"}],"about":[{"href":"https:\/\/motokary-karting.sk\/cz\/wp-json\/wp\/v2\/types\/product"}],"wp:featuredmedia":[{"embeddable":true,"href":"https:\/\/motokary-karting.sk\/cz\/wp-json\/wp\/v2\/media\/33463"}],"wp:attachment":[{"href":"https:\/\/motokary-karting.sk\/cz\/wp-json\/wp\/v2\/media?parent=33461"}],"wp:term":[{"taxonomy":"product_brand","embeddable":true,"href":"https:\/\/motokary-karting.sk\/cz\/wp-json\/wp\/v2\/product_brand?post=33461"},{"taxonomy":"product_cat","embeddable":true,"href":"https:\/\/motokary-karting.sk\/cz\/wp-json\/wp\/v2\/product_cat?post=33461"},{"taxonomy":"product_tag","embeddable":true,"href":"https:\/\/motokary-karting.sk\/cz\/wp-json\/wp\/v2\/product_tag?post=33461"}],"curies":[{"name":"wp","href":"https:\/\/api.w.org\/{rel}","templated":true}]}}