{"id":33504,"date":"2026-03-18T06:25:44","date_gmt":"2026-03-18T06:25:44","guid":{"rendered":"https:\/\/motokary-karting.sk\/?post_type=product&#038;p=33504"},"modified":"2026-03-18T06:28:00","modified_gmt":"2026-03-18T06:28:00","slug":"extra-uchyt-sedadla-tvarovany-nastavitelny-260-mm-310-mm","status":"publish","type":"product","link":"https:\/\/motokary-karting.sk\/cz\/produkt\/extra-drziak-sedadla-tvarovana-nastavitelna-260mm-310mm\/","title":{"rendered":"P\u0159\u00eddavn\u00fd dr\u017e\u00e1k sedadla - tvarovan\u00fd - nastaviteln\u00fd \/ 260 mm - 310 mm"},"content":{"rendered":"","protected":false},"excerpt":{"rendered":"","protected":false},"featured_media":33503,"template":"","meta":[],"product_brand":[],"product_cat":[271,366,279],"product_tag":[1880,1728,142,1344,1881,81,1882,363,365,364],"class_list":{"0":"post-33504","1":"product","2":"type-product","3":"status-publish","4":"has-post-thumbnail","6":"product_cat-nahradne-diely-na-podvozky","7":"product_cat-prislusenstvo-k-sedadlam","8":"product_cat-sedadla-prislusenstvo","9":"product_tag-extra-drziak-sedadla","10":"product_tag-kart-shop","11":"product_tag-karting","12":"product_tag-karting-shop","13":"product_tag-motokarovy-drziak-sedacky","14":"product_tag-motokary","15":"product_tag-predajca-sparco","16":"product_tag-tyc-sedadla","17":"product_tag-vzpera-sedacky","18":"product_tag-vzpera-sedadla","20":"first","21":"onbackorder","22":"taxable","23":"shipping-taxable","24":"purchasable","25":"product-type-simple","26":"customify-col"},"aioseo_notices":[],"_links":{"self":[{"href":"https:\/\/motokary-karting.sk\/cz\/wp-json\/wp\/v2\/product\/33504","targetHints":{"allow":["GET"]}}],"collection":[{"href":"https:\/\/motokary-karting.sk\/cz\/wp-json\/wp\/v2\/product"}],"about":[{"href":"https:\/\/motokary-karting.sk\/cz\/wp-json\/wp\/v2\/types\/product"}],"wp:featuredmedia":[{"embeddable":true,"href":"https:\/\/motokary-karting.sk\/cz\/wp-json\/wp\/v2\/media\/33503"}],"wp:attachment":[{"href":"https:\/\/motokary-karting.sk\/cz\/wp-json\/wp\/v2\/media?parent=33504"}],"wp:term":[{"taxonomy":"product_brand","embeddable":true,"href":"https:\/\/motokary-karting.sk\/cz\/wp-json\/wp\/v2\/product_brand?post=33504"},{"taxonomy":"product_cat","embeddable":true,"href":"https:\/\/motokary-karting.sk\/cz\/wp-json\/wp\/v2\/product_cat?post=33504"},{"taxonomy":"product_tag","embeddable":true,"href":"https:\/\/motokary-karting.sk\/cz\/wp-json\/wp\/v2\/product_tag?post=33504"}],"curies":[{"name":"wp","href":"https:\/\/api.w.org\/{rel}","templated":true}]}}