{"id":33514,"date":"2026-03-18T07:18:14","date_gmt":"2026-03-18T07:18:14","guid":{"rendered":"https:\/\/motokary-karting.sk\/?post_type=product&#038;p=33514"},"modified":"2026-03-18T08:09:14","modified_gmt":"2026-03-18T08:09:14","slug":"vzduchovy-filtr-kg-booster-30mm-kz","status":"publish","type":"product","link":"https:\/\/motokary-karting.sk\/cz\/produkt\/vzduchovy-filter-kg-booster-30mm-kz\/","title":{"rendered":"Vzduchov\u00fd filtr - KG Booster 30mm (KZ)"},"content":{"rendered":"<p>Tlumi\u010d s\u00e1n\u00ed BOOSTER KG je nov\u00fd vzduchov\u00fd filtr vyvinut\u00fd spole\u010dnost\u00ed KG ve spolupr\u00e1ci s firmou SPRINT FILTER, kter\u00fd je navr\u017een tak, aby poskytoval maxim\u00e1ln\u00ed v\u00fdkon, stabiln\u00ed karburaci a spolehlivost ve vysoce v\u00fdkonn\u00fdch z\u00e1vodn\u00edch aplikac\u00edch. Je homologov\u00e1n CIK-FIA a je evoluc\u00ed p\u0159edchoz\u00edch model\u016f POWER a NITRO, p\u0159i\u010dem\u017e zahrnuje pokro\u010dil\u00e9 studie CFD proud\u011bn\u00ed vzduchu pro optimalizaci proud\u011bn\u00ed vzduchu za v\u0161ech provozn\u00edch podm\u00ednek.<\/p>\n<p>V\u00fdsledkem je sac\u00ed syst\u00e9m, kter\u00fd poskytuje rychlou odezvu na plyn, lep\u0161\u00ed \u00fa\u010dinnost motoru a stabiln\u011bj\u0161\u00ed karburaci i v t\u011bch nejn\u00e1ro\u010dn\u011bj\u0161\u00edch z\u00e1vodn\u00edch podm\u00ednk\u00e1ch.<\/p>\n<p>BOOSTER KG je dod\u00e1v\u00e1n se v\u0161emi pot\u0159ebn\u00fdmi mont\u00e1\u017en\u00edmi komponenty, co\u017e zaji\u0161\u0165uje snadnou a v\u0161estrannou instalaci na r\u016fzn\u00e9 konfigurace podvozk\u016f a karbur\u00e1tor\u016f.<\/p>\n<p>Obsah balen\u00ed<br \/>\nDvojit\u00e9 pry\u017eov\u00e9 konektory: rovn\u00fd a \u00fahlov\u00fd<br \/>\nMont\u00e1\u017en\u00ed svorka karbur\u00e1toru<br \/>\nMont\u00e1\u017en\u00ed dr\u017e\u00e1k podvozku<br \/>\nSada kryt\u016f de\u0161\u0165ov\u00fdch filtr\u016f<\/p>\n<p>BOOSTER KG je speci\u00e1ln\u011b navr\u017een pro motory s p\u0159evodovkou KZ.<\/p>","protected":false},"excerpt":{"rendered":"<p>Tlumi\u010d s\u00e1n\u00ed BOOSTER KG je nov\u00fd vzduchov\u00fd filtr vyvinut\u00fd spole\u010dnost\u00ed KG ve spolupr\u00e1ci s firmou SPRINT FILTER, kter\u00fd je navr\u017een tak, aby poskytoval maxim\u00e1ln\u00ed v\u00fdkon, stabiln\u00ed karburaci...<\/p>","protected":false},"featured_media":33520,"template":"","meta":[],"product_brand":[],"product_cat":[390,2333,645,858],"product_tag":[1625,2944,391,1633,1628,1629,1728,142,1344,2943,2945,81,392,2946,1632,1630,1631],"class_list":{"0":"post-33514","1":"product","2":"type-product","3":"status-publish","4":"has-post-thumbnail","6":"product_cat-filtre-vzduchu","7":"product_cat-model-tm-kz-r1","8":"product_cat-nahradne-diely-na-motory","9":"product_cat-tm-racing-nahradne-diely-na-motory","10":"product_tag-aktivny-vzduchovy-filter","11":"product_tag-filter-kg","12":"product_tag-filter-vzduchu","13":"product_tag-filter-vzduchu-125cm","14":"product_tag-filter-vzduchu-ok","15":"product_tag-fioter-vzduchu-okj","16":"product_tag-kart-shop","17":"product_tag-karting","18":"product_tag-karting-shop","19":"product_tag-kg-nitro","20":"product_tag-kg-vzduchovy-filter","21":"product_tag-motokary","22":"product_tag-vzduchovy-filter","23":"product_tag-vzduchovy-filter-kg-nitro","24":"product_tag-vzduchovy-filter-kz","25":"product_tag-vzduchovy-filter-ok","26":"product_tag-vzduchovy-filter-okj","28":"first","29":"onbackorder","30":"taxable","31":"shipping-taxable","32":"purchasable","33":"product-type-simple","34":"customify-col","35":"product-has-gallery"},"aioseo_notices":[],"_links":{"self":[{"href":"https:\/\/motokary-karting.sk\/cz\/wp-json\/wp\/v2\/product\/33514","targetHints":{"allow":["GET"]}}],"collection":[{"href":"https:\/\/motokary-karting.sk\/cz\/wp-json\/wp\/v2\/product"}],"about":[{"href":"https:\/\/motokary-karting.sk\/cz\/wp-json\/wp\/v2\/types\/product"}],"wp:featuredmedia":[{"embeddable":true,"href":"https:\/\/motokary-karting.sk\/cz\/wp-json\/wp\/v2\/media\/33520"}],"wp:attachment":[{"href":"https:\/\/motokary-karting.sk\/cz\/wp-json\/wp\/v2\/media?parent=33514"}],"wp:term":[{"taxonomy":"product_brand","embeddable":true,"href":"https:\/\/motokary-karting.sk\/cz\/wp-json\/wp\/v2\/product_brand?post=33514"},{"taxonomy":"product_cat","embeddable":true,"href":"https:\/\/motokary-karting.sk\/cz\/wp-json\/wp\/v2\/product_cat?post=33514"},{"taxonomy":"product_tag","embeddable":true,"href":"https:\/\/motokary-karting.sk\/cz\/wp-json\/wp\/v2\/product_tag?post=33514"}],"curies":[{"name":"wp","href":"https:\/\/api.w.org\/{rel}","templated":true}]}}