{"id":33538,"date":"2026-03-19T16:17:01","date_gmt":"2026-03-19T16:17:01","guid":{"rendered":"https:\/\/motokary-karting.sk\/?post_type=product&#038;p=33538"},"modified":"2026-03-22T08:46:48","modified_gmt":"2026-03-22T08:46:48","slug":"motul-c2-chain-lube-road-plus-chain-lube-spray","status":"publish","type":"product","link":"https:\/\/motokary-karting.sk\/cz\/produkt\/motul-c2-chain-lube-road-plus-sprej-na-retaz\/","title":{"rendered":"Motul C2 chain lube ROAD plus - sprej na \u0159et\u011bz"},"content":{"rendered":"<p>Nep\u0159ilnav\u00e9 mazivo pro \u0159et\u011bzy s rychl\u00fdm \u0159et\u011bzem.<\/p>","protected":false},"excerpt":{"rendered":"<p>Nep\u0159ilnav\u00e9 mazivo pro \u0159et\u011bzy s rychl\u00fdm \u0159et\u011bzem.<\/p>","protected":false},"featured_media":33539,"template":"","meta":[],"product_brand":[],"product_cat":[2673,53],"product_tag":[142,1344,2625,81,928,2270],"class_list":{"0":"post-33538","1":"product","2":"type-product","3":"status-publish","4":"has-post-thumbnail","6":"product_cat-motul","7":"product_cat-olejeamaziva","8":"product_tag-karting","9":"product_tag-karting-shop","10":"product_tag-motokarovy-sprej-na-retaz","11":"product_tag-motokary","12":"product_tag-sprej-na-retaz","13":"product_tag-xeramic","15":"first","16":"instock","17":"sale","18":"taxable","19":"shipping-taxable","20":"purchasable","21":"product-type-simple","22":"customify-col"},"aioseo_notices":[],"_links":{"self":[{"href":"https:\/\/motokary-karting.sk\/cz\/wp-json\/wp\/v2\/product\/33538","targetHints":{"allow":["GET"]}}],"collection":[{"href":"https:\/\/motokary-karting.sk\/cz\/wp-json\/wp\/v2\/product"}],"about":[{"href":"https:\/\/motokary-karting.sk\/cz\/wp-json\/wp\/v2\/types\/product"}],"wp:featuredmedia":[{"embeddable":true,"href":"https:\/\/motokary-karting.sk\/cz\/wp-json\/wp\/v2\/media\/33539"}],"wp:attachment":[{"href":"https:\/\/motokary-karting.sk\/cz\/wp-json\/wp\/v2\/media?parent=33538"}],"wp:term":[{"taxonomy":"product_brand","embeddable":true,"href":"https:\/\/motokary-karting.sk\/cz\/wp-json\/wp\/v2\/product_brand?post=33538"},{"taxonomy":"product_cat","embeddable":true,"href":"https:\/\/motokary-karting.sk\/cz\/wp-json\/wp\/v2\/product_cat?post=33538"},{"taxonomy":"product_tag","embeddable":true,"href":"https:\/\/motokary-karting.sk\/cz\/wp-json\/wp\/v2\/product_tag?post=33538"}],"curies":[{"name":"wp","href":"https:\/\/api.w.org\/{rel}","templated":true}]}}