{"id":33666,"date":"2026-04-01T08:07:16","date_gmt":"2026-04-01T08:07:16","guid":{"rendered":"https:\/\/motokary-karting.sk\/?post_type=product&#038;p=33666"},"modified":"2026-04-21T07:17:54","modified_gmt":"2026-04-21T07:17:54","slug":"bengio-naraznik-chranic-zeber","status":"publish","type":"product","link":"https:\/\/motokary-karting.sk\/cz\/produkt\/bengio-bumper-rebrovy-chranic\/","title":{"rendered":"Chr\u00e1ni\u010d \u017eeber Bengio BUMPER"},"content":{"rendered":"<p>P\u0159edstavujeme chr\u00e1ni\u010de hrudn\u00edku Bengio Bumper STD s nov\u00fdm elastick\u00fdm up\u00ednac\u00edm p\u00e1skem!<\/p>\n<p>Bo\u010dn\u00ed ochrana: trojit\u00e1 vrstva skeln\u00e9 prysky\u0159ice s ochranou proti od\u0161t\u011bpk\u016fm dod\u00e1v\u00e1 p\u0159ilb\u011b vysokou odolnost a absorbuje vysok\u00e9 zat\u00ed\u017een\u00ed p\u0159i n\u00edzk\u00fdch frekvenc\u00edch; zat\u00edmco 8 mm siln\u00e1 v\u00fdpl\u0148 z pry\u017eov\u00e9 p\u011bny s uzav\u0159en\u00fdmi bu\u0148kami a hustotou 100 kg\/m3 poskytuje pohodl\u00ed t\u00edm, \u017ee izoluje \u0159idi\u010de od vibrac\u00ed p\u0159i vysok\u00fdch frekvenc\u00edch.<\/p>\n<p>&nbsp;<\/p>","protected":false},"excerpt":{"rendered":"<p>P\u0159edstavujeme chr\u00e1ni\u010de hrudn\u00edku Bengio Bumper STD s nov\u00fdm elastick\u00fdm up\u00ednac\u00edm p\u00e1skem! Bo\u010dn\u00ed ochrana: trojit\u00e1 vrstva skeln\u00e9 prysky\u0159ice s ochranou proti od\u0161t\u00edpnut\u00ed dod\u00e1v\u00e1 p\u0159ilb\u011b vysokou odolnost proti...<\/p>","protected":false},"featured_media":33732,"template":"","meta":[],"product_brand":[],"product_cat":[88,158,18],"product_tag":[2888,3479,3220,3480,3219,142,1344,81,720,2891,3481,1203],"class_list":{"0":"post-33666","1":"product","2":"type-product","3":"status-publish","4":"has-post-thumbnail","6":"product_cat-ochrana-rebier","7":"product_cat-tip-na-darcek","8":"product_cat-vybava-pretekara","9":"product_tag-bengio","10":"product_tag-bengio-bumper","11":"product_tag-bengio-chranic-rebier","12":"product_tag-chranic-bengio-bumper","13":"product_tag-chranic-rebier-bengio","14":"product_tag-karting","15":"product_tag-karting-shop","16":"product_tag-motokary","17":"product_tag-ochrana-rebier","18":"product_tag-rebrovy-chranic-bengio","19":"product_tag-rebrovy-chranic-bengio-bumper","20":"product_tag-rebrovy-chranic-na-motokary","22":"first","23":"onbackorder","24":"taxable","25":"shipping-taxable","26":"purchasable","27":"product-type-variable","28":"customify-col","29":"product-has-gallery"},"aioseo_notices":[],"_links":{"self":[{"href":"https:\/\/motokary-karting.sk\/cz\/wp-json\/wp\/v2\/product\/33666","targetHints":{"allow":["GET"]}}],"collection":[{"href":"https:\/\/motokary-karting.sk\/cz\/wp-json\/wp\/v2\/product"}],"about":[{"href":"https:\/\/motokary-karting.sk\/cz\/wp-json\/wp\/v2\/types\/product"}],"wp:featuredmedia":[{"embeddable":true,"href":"https:\/\/motokary-karting.sk\/cz\/wp-json\/wp\/v2\/media\/33732"}],"wp:attachment":[{"href":"https:\/\/motokary-karting.sk\/cz\/wp-json\/wp\/v2\/media?parent=33666"}],"wp:term":[{"taxonomy":"product_brand","embeddable":true,"href":"https:\/\/motokary-karting.sk\/cz\/wp-json\/wp\/v2\/product_brand?post=33666"},{"taxonomy":"product_cat","embeddable":true,"href":"https:\/\/motokary-karting.sk\/cz\/wp-json\/wp\/v2\/product_cat?post=33666"},{"taxonomy":"product_tag","embeddable":true,"href":"https:\/\/motokary-karting.sk\/cz\/wp-json\/wp\/v2\/product_tag?post=33666"}],"curies":[{"name":"wp","href":"https:\/\/api.w.org\/{rel}","templated":true}]}}