{"id":33738,"date":"2026-04-02T10:21:55","date_gmt":"2026-04-02T10:21:55","guid":{"rendered":"https:\/\/motokary-karting.sk\/?post_type=product&#038;p=33738"},"modified":"2026-04-02T10:24:03","modified_gmt":"2026-04-02T10:24:03","slug":"rozdelovac-brzdne-sily","status":"publish","type":"product","link":"https:\/\/motokary-karting.sk\/cz\/produkt\/rozdelovac-brzdneho-ucinku\/","title":{"rendered":"Rozd\u011blova\u010d brzdn\u00e9 s\u00edly"},"content":{"rendered":"<p>Se\u0159izova\u010d pro p\u0159esn\u00e9 ovl\u00e1d\u00e1n\u00ed rozlo\u017een\u00ed brzdn\u00e9 s\u00edly v motok\u00e1r\u00e1ch. Umo\u017e\u0148uje individu\u00e1ln\u00ed nastaven\u00ed mezi p\u0159edn\u00ed a zadn\u00ed n\u00e1pravou pro optim\u00e1ln\u00ed a kontrolovan\u00fd brzdn\u00fd v\u00fdkon. Ide\u00e1ln\u00ed pro jemn\u00e9 dolad\u011bn\u00ed v z\u00e1vislosti na podm\u00ednk\u00e1ch na trati a stylu j\u00edzdy.<\/p>","protected":false},"excerpt":{"rendered":"<p>Dod\u00e1n\u00ed zbo\u017e\u00ed na objedn\u00e1vku do 7 dn\u016f<\/p>","protected":false},"featured_media":33739,"template":"","meta":[],"product_brand":[],"product_cat":[1559,302,1239,271,1550,173,77],"product_tag":[596,824,303,1560,142,81],"class_list":{"0":"post-33738","1":"product","2":"type-product","3":"status-publish","4":"has-post-thumbnail","6":"product_cat-brzdove-pumpy","7":"product_cat-brzdy-prislusenstvo","8":"product_cat-brzdy-prislusenstvo-pozicovna","9":"product_cat-nahradne-diely-na-podvozky","10":"product_cat-ostatne-brzdy-prislusenstvo","11":"product_cat-podvozky-nahradne-diely","12":"product_cat-rental-karting","13":"product_tag-brake","14":"product_tag-brake-pump","15":"product_tag-brzdova-pumpa","16":"product_tag-brzdovy-valec","17":"product_tag-karting","18":"product_tag-motokary","20":"first","21":"onbackorder","22":"taxable","23":"shipping-taxable","24":"purchasable","25":"product-type-simple","26":"customify-col"},"aioseo_notices":[],"_links":{"self":[{"href":"https:\/\/motokary-karting.sk\/cz\/wp-json\/wp\/v2\/product\/33738","targetHints":{"allow":["GET"]}}],"collection":[{"href":"https:\/\/motokary-karting.sk\/cz\/wp-json\/wp\/v2\/product"}],"about":[{"href":"https:\/\/motokary-karting.sk\/cz\/wp-json\/wp\/v2\/types\/product"}],"wp:featuredmedia":[{"embeddable":true,"href":"https:\/\/motokary-karting.sk\/cz\/wp-json\/wp\/v2\/media\/33739"}],"wp:attachment":[{"href":"https:\/\/motokary-karting.sk\/cz\/wp-json\/wp\/v2\/media?parent=33738"}],"wp:term":[{"taxonomy":"product_brand","embeddable":true,"href":"https:\/\/motokary-karting.sk\/cz\/wp-json\/wp\/v2\/product_brand?post=33738"},{"taxonomy":"product_cat","embeddable":true,"href":"https:\/\/motokary-karting.sk\/cz\/wp-json\/wp\/v2\/product_cat?post=33738"},{"taxonomy":"product_tag","embeddable":true,"href":"https:\/\/motokary-karting.sk\/cz\/wp-json\/wp\/v2\/product_tag?post=33738"}],"curies":[{"name":"wp","href":"https:\/\/api.w.org\/{rel}","templated":true}]}}