{"id":33752,"date":"2026-04-06T13:58:59","date_gmt":"2026-04-06T13:58:59","guid":{"rendered":"https:\/\/motokary-karting.sk\/?post_type=product&#038;p=33752"},"modified":"2026-04-06T14:01:01","modified_gmt":"2026-04-06T14:01:01","slug":"sada-pro-laserove-mereni-geometrie-kol-sniper-v2","status":"publish","type":"product","link":"https:\/\/motokary-karting.sk\/cz\/produkt\/laserova-sada-na-meranie-geometrie-kolies-sniper-v2\/","title":{"rendered":"Sada pro laserov\u00e9 se\u0159\u00edzen\u00ed kol SNIPER v2"},"content":{"rendered":"<p>Odst\u0159elova\u010d V2<\/p>\n<p>Sada pro nastaven\u00ed konvergence laseru s magnetick\u00fdm upevn\u011bn\u00edm.<\/p>\n<p>Tato laserov\u00e1 sada se velmi snadno a rychle pou\u017e\u00edv\u00e1 a umo\u017e\u0148uje nastavit sb\u00edhavost, odklon a \u00fahel nato\u010den\u00ed n\u00e1pravy.<\/p>\n<p>Skl\u00e1d\u00e1 se ze 2 kovov\u00fdch desek s laserov\u00fdm magnetem, baterie a n\u00e1vodu k pou\u017eit\u00ed.<\/p>\n<p>Nepostradateln\u00fd n\u00e1stroj pro ty, kte\u0159\u00ed cht\u011bj\u00ed co nejrychleji a nejp\u0159esn\u011bji nastavit p\u0159edn\u00ed li\u0161tu.<\/p>\n<p>Vhodn\u00e9 pro v\u0161echny komer\u010dn\u00ed motok\u00e1ry<\/p>","protected":false},"excerpt":{"rendered":"<p>Sada pro nastaven\u00ed konvergence laseru Sniper V2 s magnetick\u00fdm upevn\u011bn\u00edm. Tato laserov\u00e1 sada se velmi snadno a rychle pou\u017e\u00edv\u00e1 a umo\u017e\u0148uje nastavit konvergenci, divergenci (rozb\u00edhavost) a...<\/p>","protected":false},"featured_media":33753,"template":"","meta":[],"product_brand":[],"product_cat":[3360,58],"product_tag":[583,142,584,81],"class_list":{"0":"post-33752","1":"product","2":"type-product","3":"status-publish","4":"has-post-thumbnail","6":"product_cat-ostatne-vybava-do-garaze","7":"product_cat-vybava-do-garaze","8":"product_tag-geometria","9":"product_tag-karting","10":"product_tag-laserova-geometria","11":"product_tag-motokary","13":"first","14":"onbackorder","15":"taxable","16":"shipping-taxable","17":"purchasable","18":"product-type-simple","19":"customify-col"},"aioseo_notices":[],"_links":{"self":[{"href":"https:\/\/motokary-karting.sk\/cz\/wp-json\/wp\/v2\/product\/33752","targetHints":{"allow":["GET"]}}],"collection":[{"href":"https:\/\/motokary-karting.sk\/cz\/wp-json\/wp\/v2\/product"}],"about":[{"href":"https:\/\/motokary-karting.sk\/cz\/wp-json\/wp\/v2\/types\/product"}],"wp:featuredmedia":[{"embeddable":true,"href":"https:\/\/motokary-karting.sk\/cz\/wp-json\/wp\/v2\/media\/33753"}],"wp:attachment":[{"href":"https:\/\/motokary-karting.sk\/cz\/wp-json\/wp\/v2\/media?parent=33752"}],"wp:term":[{"taxonomy":"product_brand","embeddable":true,"href":"https:\/\/motokary-karting.sk\/cz\/wp-json\/wp\/v2\/product_brand?post=33752"},{"taxonomy":"product_cat","embeddable":true,"href":"https:\/\/motokary-karting.sk\/cz\/wp-json\/wp\/v2\/product_cat?post=33752"},{"taxonomy":"product_tag","embeddable":true,"href":"https:\/\/motokary-karting.sk\/cz\/wp-json\/wp\/v2\/product_tag?post=33752"}],"curies":[{"name":"wp","href":"https:\/\/api.w.org\/{rel}","templated":true}]}}