{"id":33853,"date":"2026-04-14T12:21:51","date_gmt":"2026-04-14T12:21:51","guid":{"rendered":"https:\/\/motokary-karting.sk\/?post_type=product&#038;p=33853"},"modified":"2026-04-14T12:31:23","modified_gmt":"2026-04-14T12:31:23","slug":"arai-nahradni-plexi-pro-arai-sk-6","status":"publish","type":"product","link":"https:\/\/motokary-karting.sk\/cz\/produkt\/arai-nahradne-plexi-na-arai-sk-6\/","title":{"rendered":"N\u00e1hradn\u00ed plexi Arai pro Arai SK-6"},"content":{"rendered":"<p>Nov\u00e9, vysoce kvalitn\u00ed zrcadlov\u00e9 hled\u00ed od japonsk\u00e9 spole\u010dnosti ARAI HELMET. I po povrchov\u00e9 \u00faprav\u011b spl\u0148uje toto hled\u00ed p\u0159\u00edsn\u00e9 bezpe\u010dnostn\u00ed testy SNELL pro motocyklov\u00e9 p\u0159ilby. Vysoce kvalitn\u00ed v\u00edcevrstv\u00e1 povrchov\u00e1 \u00faprava chr\u00e1n\u00ed p\u0159ed UV z\u00e1\u0159en\u00edm a sni\u017euje propustnost sv\u011btla.<\/p>\n<p>Hled\u00ed je kompatibiln\u00ed s p\u0159ilbami Arai GP-6RC, GP-6PED, GP-6S a SK-6.<\/p>\n<p>Skute\u010dn\u00e1 barva hled\u00ed se m\u016f\u017ee li\u0161it od obr\u00e1zku v z\u00e1vislosti na sv\u011bteln\u00fdch podm\u00ednk\u00e1ch.<\/p>\n<p>Pozn\u00e1mka: Jasn\u00fd v\u00fdhled je d\u016fle\u017eit\u00fd zejm\u00e9na v motorsportu. Za zhor\u0161en\u00e9 viditelnosti, nap\u0159\u00edklad za tmy a de\u0161t\u011b, se sv\u011btla na silnici siln\u011b odr\u00e1\u017eej\u00ed od po\u0161kr\u00e1ban\u00fdch hled\u00ed. Pro zachov\u00e1n\u00ed dobr\u00e9ho v\u00fdhledu, a t\u00edm i zv\u00fd\u0161en\u00ed bezpe\u010dnosti, se \u0159idi\u010d\u016fm doporu\u010duje pravideln\u011b vym\u011b\u0148ovat st\u00edn\u00edtka.<\/p>","protected":false},"excerpt":{"rendered":"<p>Nov\u00e9, vysoce kvalitn\u00ed zrcadlov\u00e9 hled\u00ed od japonsk\u00e9 spole\u010dnosti ARAI HELMET. I po povrchov\u00e9 \u00faprav\u011b spl\u0148uje toto hled\u00ed p\u0159\u00edsn\u00e9 bezpe\u010dnostn\u00ed testy SNELL pro motocyklov\u00e9 p\u0159ilby. Vysoce kvalitn\u00ed...<\/p>","protected":false},"featured_media":33858,"template":"","meta":[],"product_brand":[],"product_cat":[2767,21,18],"product_tag":[1681,1687,1697,1684,1774,1773,1683,1695,1696,142,984,81,1771,1772,1775,981,1680,1682,1675,1679,1776],"class_list":{"0":"post-33853","1":"product","2":"type-product","3":"status-publish","4":"has-post-thumbnail","6":"product_cat-arai-prislusenstvo","7":"product_cat-prilby","8":"product_cat-vybava-pretekara","9":"product_tag-arai","10":"product_tag-arai-helmet-ck-6","11":"product_tag-arai-helmet-sk-6","12":"product_tag-arai-karting-helmt","13":"product_tag-arai-nahradne-plexi","14":"product_tag-arai-plexi-stit","15":"product_tag-arai-prilba","16":"product_tag-arai-sk-6","17":"product_tag-arai-sk6","18":"product_tag-karting","19":"product_tag-motokarova-prilba","20":"product_tag-motokary","21":"product_tag-nahradne-diely-na-prilbu-arai","22":"product_tag-nahradne-sroby-na-arai","23":"product_tag-plexi-arai","24":"product_tag-prilba-bell-rs-k","25":"product_tag-prilba-na-motokaru","26":"product_tag-prilby-arai","27":"product_tag-prilby-bell","28":"product_tag-prilby-na-motokary","29":"product_tag-vymenitelne-plexi-arai","31":"first","32":"onbackorder","33":"taxable","34":"shipping-taxable","35":"purchasable","36":"product-type-variable","37":"customify-col","38":"product-has-gallery"},"aioseo_notices":[],"_links":{"self":[{"href":"https:\/\/motokary-karting.sk\/cz\/wp-json\/wp\/v2\/product\/33853","targetHints":{"allow":["GET"]}}],"collection":[{"href":"https:\/\/motokary-karting.sk\/cz\/wp-json\/wp\/v2\/product"}],"about":[{"href":"https:\/\/motokary-karting.sk\/cz\/wp-json\/wp\/v2\/types\/product"}],"wp:featuredmedia":[{"embeddable":true,"href":"https:\/\/motokary-karting.sk\/cz\/wp-json\/wp\/v2\/media\/33858"}],"wp:attachment":[{"href":"https:\/\/motokary-karting.sk\/cz\/wp-json\/wp\/v2\/media?parent=33853"}],"wp:term":[{"taxonomy":"product_brand","embeddable":true,"href":"https:\/\/motokary-karting.sk\/cz\/wp-json\/wp\/v2\/product_brand?post=33853"},{"taxonomy":"product_cat","embeddable":true,"href":"https:\/\/motokary-karting.sk\/cz\/wp-json\/wp\/v2\/product_cat?post=33853"},{"taxonomy":"product_tag","embeddable":true,"href":"https:\/\/motokary-karting.sk\/cz\/wp-json\/wp\/v2\/product_tag?post=33853"}],"curies":[{"name":"wp","href":"https:\/\/api.w.org\/{rel}","templated":true}]}}