{"id":33916,"date":"2026-01-20T11:08:20","date_gmt":"2026-01-20T11:08:20","guid":{"rendered":"https:\/\/motokary-karting.sk\/?post_type=product&#038;p=33916"},"modified":"2026-04-22T14:18:53","modified_gmt":"2026-04-22T14:18:53","slug":"gumovy-rotacni-tlumic-rotacni-vyfukovy-silentblok","status":"publish","type":"product","link":"https:\/\/motokary-karting.sk\/cz\/produkt\/gumeny-tlmic-rotax-silentblok-vyfuku\/","title":{"rendered":"Gumov\u00fd tlumi\u010d ROTAX - silentblok"},"content":{"rendered":"<p>Poloha na obr\u00e1zku 22<\/p>","protected":false},"excerpt":{"rendered":"<p>Poloha na obr\u00e1zku 22<\/p>","protected":false},"featured_media":11154,"template":"","meta":[],"product_brand":[],"product_cat":[645,744,2677],"product_tag":[2652,2429,142,1344,81,2650,618,754,2651],"class_list":{"0":"post-33916","1":"product","2":"type-product","3":"status-publish","4":"has-post-thumbnail","6":"product_cat-nahradne-diely-na-motory","7":"product_cat-rotax-max","8":"product_cat-sekce-vyfuk","9":"product_tag-blok-motora-komplet","10":"product_tag-diely-na-rotax","11":"product_tag-karting","12":"product_tag-karting-shop","13":"product_tag-motokary","14":"product_tag-nahradne-diely-na-rotax","15":"product_tag-rotax","16":"product_tag-rotax-diely","17":"product_tag-suciastky-na-rotax","19":"first","20":"instock","21":"taxable","22":"shipping-taxable","23":"purchasable","24":"product-type-simple","25":"customify-col"},"aioseo_notices":[],"_links":{"self":[{"href":"https:\/\/motokary-karting.sk\/cz\/wp-json\/wp\/v2\/product\/33916","targetHints":{"allow":["GET"]}}],"collection":[{"href":"https:\/\/motokary-karting.sk\/cz\/wp-json\/wp\/v2\/product"}],"about":[{"href":"https:\/\/motokary-karting.sk\/cz\/wp-json\/wp\/v2\/types\/product"}],"wp:featuredmedia":[{"embeddable":true,"href":"https:\/\/motokary-karting.sk\/cz\/wp-json\/wp\/v2\/media\/11154"}],"wp:attachment":[{"href":"https:\/\/motokary-karting.sk\/cz\/wp-json\/wp\/v2\/media?parent=33916"}],"wp:term":[{"taxonomy":"product_brand","embeddable":true,"href":"https:\/\/motokary-karting.sk\/cz\/wp-json\/wp\/v2\/product_brand?post=33916"},{"taxonomy":"product_cat","embeddable":true,"href":"https:\/\/motokary-karting.sk\/cz\/wp-json\/wp\/v2\/product_cat?post=33916"},{"taxonomy":"product_tag","embeddable":true,"href":"https:\/\/motokary-karting.sk\/cz\/wp-json\/wp\/v2\/product_tag?post=33916"}],"curies":[{"name":"wp","href":"https:\/\/api.w.org\/{rel}","templated":true}]}}