{"id":33940,"date":"2026-04-26T11:38:17","date_gmt":"2026-04-26T11:38:17","guid":{"rendered":"https:\/\/motokary-karting.sk\/?post_type=product&#038;p=33940"},"modified":"2026-04-26T15:06:20","modified_gmt":"2026-04-26T15:06:20","slug":"drziak-transpondera-mylaps","status":"publish","type":"product","link":"https:\/\/motokary-karting.sk\/cz\/produkt\/drziak-transpondera-mylaps\/","title":{"rendered":"Dr\u017e\u00e1k transpond\u00e9ru MYLAPS"},"content":{"rendered":"<p>Origin\u00e1ln\u00ed dr\u017e\u00e1k transpond\u00e9ru MYLAPS, kter\u00fd mus\u00ed m\u00edt ka\u017ed\u00fd z\u00e1vodn\u00edk a t\u00fdm.<\/p>","protected":false},"excerpt":{"rendered":"<p>Origin\u00e1ln\u00ed dr\u017e\u00e1k transpond\u00e9ru MYLAPS, kter\u00fd mus\u00ed m\u00edt ka\u017ed\u00fd z\u00e1vodn\u00edk a t\u00fdm.<\/p>","protected":false},"featured_media":33941,"template":"","meta":[],"product_brand":[],"product_cat":[3361,335,158],"product_tag":[2903,2904,2906,2905,2902,142,1344,81],"class_list":{"0":"post-33940","1":"product","2":"type-product","3":"status-publish","4":"has-post-thumbnail","6":"product_cat-ostatne-telemetrieapristroje","7":"product_cat-telemetrieapristroje","8":"product_cat-tip-na-darcek","9":"product_tag-hodinometer","10":"product_tag-hodinometer-2takt","11":"product_tag-hodinometer-4takt","12":"product_tag-hodinometer-4taktz","13":"product_tag-hoodimer","14":"product_tag-karting","15":"product_tag-karting-shop","16":"product_tag-motokary","18":"first","19":"onbackorder","20":"taxable","21":"shipping-taxable","22":"purchasable","23":"product-type-simple","24":"customify-col"},"aioseo_notices":[],"_links":{"self":[{"href":"https:\/\/motokary-karting.sk\/cz\/wp-json\/wp\/v2\/product\/33940","targetHints":{"allow":["GET"]}}],"collection":[{"href":"https:\/\/motokary-karting.sk\/cz\/wp-json\/wp\/v2\/product"}],"about":[{"href":"https:\/\/motokary-karting.sk\/cz\/wp-json\/wp\/v2\/types\/product"}],"wp:featuredmedia":[{"embeddable":true,"href":"https:\/\/motokary-karting.sk\/cz\/wp-json\/wp\/v2\/media\/33941"}],"wp:attachment":[{"href":"https:\/\/motokary-karting.sk\/cz\/wp-json\/wp\/v2\/media?parent=33940"}],"wp:term":[{"taxonomy":"product_brand","embeddable":true,"href":"https:\/\/motokary-karting.sk\/cz\/wp-json\/wp\/v2\/product_brand?post=33940"},{"taxonomy":"product_cat","embeddable":true,"href":"https:\/\/motokary-karting.sk\/cz\/wp-json\/wp\/v2\/product_cat?post=33940"},{"taxonomy":"product_tag","embeddable":true,"href":"https:\/\/motokary-karting.sk\/cz\/wp-json\/wp\/v2\/product_tag?post=33940"}],"curies":[{"name":"wp","href":"https:\/\/api.w.org\/{rel}","templated":true}]}}