{"id":33943,"date":"2026-04-26T11:44:31","date_gmt":"2026-04-26T11:44:31","guid":{"rendered":"https:\/\/motokary-karting.sk\/?post_type=product&#038;p=33943"},"modified":"2026-04-26T11:49:55","modified_gmt":"2026-04-26T11:49:55","slug":"castrol-vysokoteplotni-plasticke-mazivo-lmx-400g-pro-mazani-lozisek","status":"publish","type":"product","link":"https:\/\/motokary-karting.sk\/cz\/produkt\/castrol-high-temperature-grease-lmx-400g-na-mazanie-lozisk\/","title":{"rendered":"Castrol High Temperature Grease (LMX) 400g - pro maz\u00e1n\u00ed lo\u017eisek"},"content":{"rendered":"<p>Nen\u00ed to jen oby\u010dejn\u00e9 mazivo.\u00a0<strong>Vysokoteplotn\u00ed plastick\u00e9 mazivo Castrol<\/strong> je ur\u010den k maz\u00e1n\u00ed kluzn\u00fdch a valiv\u00fdch lo\u017eisek a je ide\u00e1ln\u00ed volbou pro z\u00e1vodn\u00ed automobily a dal\u0161\u00ed speci\u00e1ln\u00ed aplikace. Za svou v\u00fdjime\u010dnou kvalitu vd\u011b\u010d\u00ed <strong>Speci\u00e1ln\u00ed vysokoteplotn\u00ed plastick\u00e9 mazivo Castrol<\/strong>\u00a0pro aplikace, kter\u00e9 pracuj\u00ed p\u0159i vy\u0161\u0161\u00edch teplot\u00e1ch, ne\u017e dovoluj\u00ed limity b\u011b\u017en\u00fdch plastick\u00fdch maziv na b\u00e1zi lithn\u00e9ho m\u00fddla.<\/p>\n<p>Hled\u00e1te vysoce v\u00fdkonn\u00e9 mazivo, kter\u00e9 zvl\u00e1dne i ty nejextr\u00e9mn\u011bj\u0161\u00ed podm\u00ednky?\u00a0<strong>Vysokoteplotn\u00ed plastick\u00e9 mazivo Castrol<\/strong>\u00a0je v\u00fdjime\u010dn\u00e9 plastick\u00e9 mazivo, kter\u00e9 je navr\u017eeno tak, aby poskytovalo dokonal\u00e9 maz\u00e1n\u00ed v \u0161irok\u00e9m rozsahu teplot a provozn\u00edch zat\u00ed\u017een\u00ed. Jeho v\u00fdjime\u010dn\u00e9 slo\u017een\u00ed je zalo\u017eeno na vysoce kvalitn\u00edm miner\u00e1ln\u00edm oleji, patentovan\u00e9 technologii plniva a syst\u00e9mu speci\u00e1ln\u011b vybran\u00fdch aditiv.<\/p>","protected":false},"excerpt":{"rendered":"<p>Nen\u00ed to jen oby\u010dejn\u00e9 mazivo. Vysokoteplotn\u00ed plastick\u00e9 mazivo Castrol je ur\u010deno k maz\u00e1n\u00ed kluzn\u00fdch a valiv\u00fdch lo\u017eisek a je ide\u00e1ln\u00ed volbou pro z\u00e1vodn\u00ed automobily a...<\/p>","protected":false},"featured_media":33944,"template":"","meta":[],"product_brand":[],"product_cat":[2673,53],"product_tag":[142,1344,2625,81,928,2270],"class_list":{"0":"post-33943","1":"product","2":"type-product","3":"status-publish","4":"has-post-thumbnail","6":"product_cat-motul","7":"product_cat-olejeamaziva","8":"product_tag-karting","9":"product_tag-karting-shop","10":"product_tag-motokarovy-sprej-na-retaz","11":"product_tag-motokary","12":"product_tag-sprej-na-retaz","13":"product_tag-xeramic","15":"first","16":"onbackorder","17":"taxable","18":"shipping-taxable","19":"purchasable","20":"product-type-simple","21":"customify-col"},"aioseo_notices":[],"_links":{"self":[{"href":"https:\/\/motokary-karting.sk\/cz\/wp-json\/wp\/v2\/product\/33943","targetHints":{"allow":["GET"]}}],"collection":[{"href":"https:\/\/motokary-karting.sk\/cz\/wp-json\/wp\/v2\/product"}],"about":[{"href":"https:\/\/motokary-karting.sk\/cz\/wp-json\/wp\/v2\/types\/product"}],"wp:featuredmedia":[{"embeddable":true,"href":"https:\/\/motokary-karting.sk\/cz\/wp-json\/wp\/v2\/media\/33944"}],"wp:attachment":[{"href":"https:\/\/motokary-karting.sk\/cz\/wp-json\/wp\/v2\/media?parent=33943"}],"wp:term":[{"taxonomy":"product_brand","embeddable":true,"href":"https:\/\/motokary-karting.sk\/cz\/wp-json\/wp\/v2\/product_brand?post=33943"},{"taxonomy":"product_cat","embeddable":true,"href":"https:\/\/motokary-karting.sk\/cz\/wp-json\/wp\/v2\/product_cat?post=33943"},{"taxonomy":"product_tag","embeddable":true,"href":"https:\/\/motokary-karting.sk\/cz\/wp-json\/wp\/v2\/product_tag?post=33943"}],"curies":[{"name":"wp","href":"https:\/\/api.w.org\/{rel}","templated":true}]}}