{"id":33946,"date":"2026-04-26T13:19:24","date_gmt":"2026-04-26T13:19:24","guid":{"rendered":"https:\/\/motokary-karting.sk\/?post_type=product&#038;p=33946"},"modified":"2026-04-26T13:32:31","modified_gmt":"2026-04-26T13:32:31","slug":"sada-transponderu-mylaps-tr2-s-nabijeckou-a-drzakem","status":"publish","type":"product","link":"https:\/\/motokary-karting.sk\/cz\/produkt\/transponder-mylaps-tr2-sada-s-nabijackou-a-drziakom\/","title":{"rendered":"Transpond\u00e9r MYLAPS TR2 - sada s nab\u00edje\u010dkou a dr\u017e\u00e1kem"},"content":{"rendered":"<p>Transpond\u00e9ry MYLAPS nab\u00edzej\u00ed 4 mo\u017enosti n\u00e1kupu a pou\u017e\u00edv\u00e1n\u00ed transpond\u00e9ru:<\/p>\n<ol>\n<li>Licence na 1 rok<\/li>\n<li>Licence na 2 roky<\/li>\n<li>P\u011btilet\u00e1 licence<\/li>\n<li>neomezen\u00e1 licence \u201cGO\u201d<\/li>\n<\/ol>\n<p>P\u0159edplatn\u00e9 si samoz\u0159ejm\u011b m\u016f\u017eete kdykoli po vypr\u0161en\u00ed licence obnovit online.<\/p>","protected":false},"excerpt":{"rendered":"<p>Transpond\u00e9ry MYLAPS nab\u00edzej\u00ed 4 mo\u017enosti n\u00e1kupu a pou\u017e\u00edv\u00e1n\u00ed transpond\u00e9ru: licence na 1 rok licence na 2 roky licence na 5 let licence na neomezenou dobu licence \u201cGO\u201d...<\/p>","protected":false},"featured_media":33948,"template":"","meta":[],"product_brand":[],"product_cat":[3361,335,158],"product_tag":[2903,2904,2906,2905,2902,142,1344,81],"class_list":{"0":"post-33946","1":"product","2":"type-product","3":"status-publish","4":"has-post-thumbnail","6":"product_cat-ostatne-telemetrieapristroje","7":"product_cat-telemetrieapristroje","8":"product_cat-tip-na-darcek","9":"product_tag-hodinometer","10":"product_tag-hodinometer-2takt","11":"product_tag-hodinometer-4takt","12":"product_tag-hodinometer-4taktz","13":"product_tag-hoodimer","14":"product_tag-karting","15":"product_tag-karting-shop","16":"product_tag-motokary","18":"first","19":"onbackorder","20":"taxable","21":"shipping-taxable","22":"purchasable","23":"product-type-variable","24":"customify-col","25":"product-has-gallery"},"aioseo_notices":[],"_links":{"self":[{"href":"https:\/\/motokary-karting.sk\/cz\/wp-json\/wp\/v2\/product\/33946","targetHints":{"allow":["GET"]}}],"collection":[{"href":"https:\/\/motokary-karting.sk\/cz\/wp-json\/wp\/v2\/product"}],"about":[{"href":"https:\/\/motokary-karting.sk\/cz\/wp-json\/wp\/v2\/types\/product"}],"wp:featuredmedia":[{"embeddable":true,"href":"https:\/\/motokary-karting.sk\/cz\/wp-json\/wp\/v2\/media\/33948"}],"wp:attachment":[{"href":"https:\/\/motokary-karting.sk\/cz\/wp-json\/wp\/v2\/media?parent=33946"}],"wp:term":[{"taxonomy":"product_brand","embeddable":true,"href":"https:\/\/motokary-karting.sk\/cz\/wp-json\/wp\/v2\/product_brand?post=33946"},{"taxonomy":"product_cat","embeddable":true,"href":"https:\/\/motokary-karting.sk\/cz\/wp-json\/wp\/v2\/product_cat?post=33946"},{"taxonomy":"product_tag","embeddable":true,"href":"https:\/\/motokary-karting.sk\/cz\/wp-json\/wp\/v2\/product_tag?post=33946"}],"curies":[{"name":"wp","href":"https:\/\/api.w.org\/{rel}","templated":true}]}}