{"id":33968,"date":"2026-04-28T09:38:55","date_gmt":"2026-04-28T09:38:55","guid":{"rendered":"https:\/\/motokary-karting.sk\/?post_type=product&#038;p=33968"},"modified":"2026-04-28T09:43:48","modified_gmt":"2026-04-28T09:43:48","slug":"drzak-a-kryt-pro-meric-motohodin-pet-3200r","status":"publish","type":"product","link":"https:\/\/motokary-karting.sk\/cz\/produkt\/drziak-a-obal-pre-hodinometer-pet-3200r-merac-moto-hodin\/","title":{"rendered":"Dr\u017e\u00e1k a obal pro m\u011b\u0159i\u010d hodin PET-3200R PET-3200R - Moto m\u011b\u0159i\u010d hodin"},"content":{"rendered":"<p>Origin\u00e1ln\u00ed dr\u017e\u00e1k a obal pro m\u011b\u0159i\u010d hodin PET-3200R<\/p>","protected":false},"excerpt":{"rendered":"<p>Origin\u00e1ln\u00ed dr\u017e\u00e1k a obal pro m\u011b\u0159i\u010d hodin PET-3200R<\/p>","protected":false},"featured_media":33969,"template":"","meta":[],"product_brand":[],"product_cat":[371,3361,335,1311],"product_tag":[2903,2904,2906,2905,2902,142,1344,81],"class_list":{"0":"post-33968","1":"product","2":"type-product","3":"status-publish","4":"has-post-thumbnail","6":"product_cat-ostatne-prislusenstvokmotorom","7":"product_cat-ostatne-telemetrieapristroje","8":"product_cat-telemetrieapristroje","9":"product_cat-zapalovacie-sviecky","10":"product_tag-hodinometer","11":"product_tag-hodinometer-2takt","12":"product_tag-hodinometer-4takt","13":"product_tag-hodinometer-4taktz","14":"product_tag-hoodimer","15":"product_tag-karting","16":"product_tag-karting-shop","17":"product_tag-motokary","19":"first","20":"onbackorder","21":"taxable","22":"shipping-taxable","23":"purchasable","24":"product-type-simple","25":"customify-col"},"aioseo_notices":[],"_links":{"self":[{"href":"https:\/\/motokary-karting.sk\/cz\/wp-json\/wp\/v2\/product\/33968","targetHints":{"allow":["GET"]}}],"collection":[{"href":"https:\/\/motokary-karting.sk\/cz\/wp-json\/wp\/v2\/product"}],"about":[{"href":"https:\/\/motokary-karting.sk\/cz\/wp-json\/wp\/v2\/types\/product"}],"wp:featuredmedia":[{"embeddable":true,"href":"https:\/\/motokary-karting.sk\/cz\/wp-json\/wp\/v2\/media\/33969"}],"wp:attachment":[{"href":"https:\/\/motokary-karting.sk\/cz\/wp-json\/wp\/v2\/media?parent=33968"}],"wp:term":[{"taxonomy":"product_brand","embeddable":true,"href":"https:\/\/motokary-karting.sk\/cz\/wp-json\/wp\/v2\/product_brand?post=33968"},{"taxonomy":"product_cat","embeddable":true,"href":"https:\/\/motokary-karting.sk\/cz\/wp-json\/wp\/v2\/product_cat?post=33968"},{"taxonomy":"product_tag","embeddable":true,"href":"https:\/\/motokary-karting.sk\/cz\/wp-json\/wp\/v2\/product_tag?post=33968"}],"curies":[{"name":"wp","href":"https:\/\/api.w.org\/{rel}","templated":true}]}}