{"id":33993,"date":"2026-04-29T09:13:02","date_gmt":"2026-04-29T09:13:02","guid":{"rendered":"https:\/\/motokary-karting.sk\/?post_type=product&#038;p=33993"},"modified":"2026-04-29T09:37:14","modified_gmt":"2026-04-29T09:37:14","slug":"arai-srobovacia-sada-pre-sk6","status":"publish","type":"product","link":"https:\/\/motokary-karting.sk\/cz\/produkt\/arai-srobovacia-sada-pre-sk6\/","title":{"rendered":"Mont\u00e1\u017en\u00ed sada Arai pro SK6"},"content":{"rendered":"<p>Vhodn\u00e9 pro n\u00e1sleduj\u00edc\u00ed p\u0159ilby: GP-6, GP-6RC, GP-6S, SK-6<\/p>","protected":false},"excerpt":{"rendered":"<p>Vhodn\u00e9 pro n\u00e1sleduj\u00edc\u00ed p\u0159ilby: GP-6, GP-6RC, GP-6S, SK-6<\/p>","protected":false},"featured_media":34008,"template":"","meta":[],"product_brand":[],"product_cat":[2767,21,18],"product_tag":[1681,1687,1697,1684,1774,1773,1683,1695,1696,142,984,81,1771,1772,1775,981,1680,1682,1675,1679,1776],"class_list":{"0":"post-33993","1":"product","2":"type-product","3":"status-publish","4":"has-post-thumbnail","6":"product_cat-arai-prislusenstvo","7":"product_cat-prilby","8":"product_cat-vybava-pretekara","9":"product_tag-arai","10":"product_tag-arai-helmet-ck-6","11":"product_tag-arai-helmet-sk-6","12":"product_tag-arai-karting-helmt","13":"product_tag-arai-nahradne-plexi","14":"product_tag-arai-plexi-stit","15":"product_tag-arai-prilba","16":"product_tag-arai-sk-6","17":"product_tag-arai-sk6","18":"product_tag-karting","19":"product_tag-motokarova-prilba","20":"product_tag-motokary","21":"product_tag-nahradne-diely-na-prilbu-arai","22":"product_tag-nahradne-sroby-na-arai","23":"product_tag-plexi-arai","24":"product_tag-prilba-bell-rs-k","25":"product_tag-prilba-na-motokaru","26":"product_tag-prilby-arai","27":"product_tag-prilby-bell","28":"product_tag-prilby-na-motokary","29":"product_tag-vymenitelne-plexi-arai","31":"first","32":"onbackorder","33":"taxable","34":"shipping-taxable","35":"purchasable","36":"product-type-variable","37":"customify-col","38":"product-has-gallery"},"aioseo_notices":[],"_links":{"self":[{"href":"https:\/\/motokary-karting.sk\/cz\/wp-json\/wp\/v2\/product\/33993","targetHints":{"allow":["GET"]}}],"collection":[{"href":"https:\/\/motokary-karting.sk\/cz\/wp-json\/wp\/v2\/product"}],"about":[{"href":"https:\/\/motokary-karting.sk\/cz\/wp-json\/wp\/v2\/types\/product"}],"wp:featuredmedia":[{"embeddable":true,"href":"https:\/\/motokary-karting.sk\/cz\/wp-json\/wp\/v2\/media\/34008"}],"wp:attachment":[{"href":"https:\/\/motokary-karting.sk\/cz\/wp-json\/wp\/v2\/media?parent=33993"}],"wp:term":[{"taxonomy":"product_brand","embeddable":true,"href":"https:\/\/motokary-karting.sk\/cz\/wp-json\/wp\/v2\/product_brand?post=33993"},{"taxonomy":"product_cat","embeddable":true,"href":"https:\/\/motokary-karting.sk\/cz\/wp-json\/wp\/v2\/product_cat?post=33993"},{"taxonomy":"product_tag","embeddable":true,"href":"https:\/\/motokary-karting.sk\/cz\/wp-json\/wp\/v2\/product_tag?post=33993"}],"curies":[{"name":"wp","href":"https:\/\/api.w.org\/{rel}","templated":true}]}}