{"id":34047,"date":"2026-04-29T10:33:16","date_gmt":"2026-04-29T10:33:16","guid":{"rendered":"https:\/\/motokary-karting.sk\/?post_type=product&#038;p=34047"},"modified":"2026-04-29T10:37:14","modified_gmt":"2026-04-29T10:37:14","slug":"crg-lozisko-do-predneho-naboja-25mm","status":"publish","type":"product","link":"https:\/\/motokary-karting.sk\/cz\/produkt\/crg-lozisko-do-predneho-naboja-25mm\/","title":{"rendered":"CRG Lo\u017eisko p\u0159edn\u00edho n\u00e1boje 25mm"},"content":{"rendered":"","protected":false},"excerpt":{"rendered":"","protected":false},"featured_media":34048,"template":"","meta":[],"product_brand":[],"product_cat":[3466,209,3486,399,271,650,1464],"product_tag":[142,410,411,81,297,408,409],"class_list":{"0":"post-34047","1":"product","2":"type-product","3":"status-publish","4":"has-post-thumbnail","6":"product_cat-crg-kali-kart","7":"product_cat-disky-prislusenstvo","8":"product_cat-naboje-unasace","9":"product_cat-naboje-a-unasace","10":"product_cat-nahradne-diely-na-podvozky","11":"product_cat-o-17mm","12":"product_cat-predne","13":"product_tag-karting","14":"product_tag-lozisko","15":"product_tag-lozisko-naboja","16":"product_tag-motokary","17":"product_tag-naboj","18":"product_tag-naboj-kolesa","19":"product_tag-predny-naboj","21":"first","22":"onbackorder","23":"taxable","24":"shipping-taxable","25":"purchasable","26":"product-type-simple","27":"customify-col"},"aioseo_notices":[],"_links":{"self":[{"href":"https:\/\/motokary-karting.sk\/cz\/wp-json\/wp\/v2\/product\/34047","targetHints":{"allow":["GET"]}}],"collection":[{"href":"https:\/\/motokary-karting.sk\/cz\/wp-json\/wp\/v2\/product"}],"about":[{"href":"https:\/\/motokary-karting.sk\/cz\/wp-json\/wp\/v2\/types\/product"}],"wp:featuredmedia":[{"embeddable":true,"href":"https:\/\/motokary-karting.sk\/cz\/wp-json\/wp\/v2\/media\/34048"}],"wp:attachment":[{"href":"https:\/\/motokary-karting.sk\/cz\/wp-json\/wp\/v2\/media?parent=34047"}],"wp:term":[{"taxonomy":"product_brand","embeddable":true,"href":"https:\/\/motokary-karting.sk\/cz\/wp-json\/wp\/v2\/product_brand?post=34047"},{"taxonomy":"product_cat","embeddable":true,"href":"https:\/\/motokary-karting.sk\/cz\/wp-json\/wp\/v2\/product_cat?post=34047"},{"taxonomy":"product_tag","embeddable":true,"href":"https:\/\/motokary-karting.sk\/cz\/wp-json\/wp\/v2\/product_tag?post=34047"}],"curies":[{"name":"wp","href":"https:\/\/api.w.org\/{rel}","templated":true}]}}