{"id":34063,"date":"2026-04-29T13:57:05","date_gmt":"2026-04-29T13:57:05","guid":{"rendered":"https:\/\/motokary-karting.sk\/?post_type=product&#038;p=34063"},"modified":"2026-04-29T14:02:54","modified_gmt":"2026-04-29T14:02:54","slug":"ozubene-kolecko-hlinik-exclusive-rozeta-pre-retaz-219-super-race","status":"publish","type":"product","link":"https:\/\/motokary-karting.sk\/cz\/produkt\/ozubene-kolecko-hlinik-exclusive-rozeta-pre-retaz-219-super-race\/","title":{"rendered":"Hlin\u00edkov\u00e9 \u0159et\u011bzov\u00e9 kolo Exclusive - \u0159et\u011bzov\u00e9 kolo 219 | SUPER RACE"},"content":{"rendered":"<p>NOVINKA &#8211; pretek\u00e1rske rozety so <strong>zn\u00ed\u017een\u00fdm odporom a extra mazan\u00edm !<\/strong><br \/>\nStrojov\u00e1 v\u00fdroba, extra tvrden\u00fd kvalitn\u00fd materi\u00e1l (iba na pretek\u00e1rske \u00fa\u010dely)<\/p>","protected":false},"excerpt":{"rendered":"<p>NOVINKA - z\u00e1vodn\u00ed rozety se sn\u00ed\u017een\u00fdm odporem a dodate\u010dn\u00fdm maz\u00e1n\u00edm ! Strojov\u011b vyroben\u00fd, extra tvrzen\u00fd kvalitn\u00ed materi\u00e1l (pouze pro z\u00e1vodn\u00ed \u00fa\u010dely)<\/p>","protected":false},"featured_media":34094,"template":"","meta":[],"product_brand":[],"product_cat":[271,341],"product_tag":[389,142,1344,81,1290,1291,343,896,1292,388,342,1289,1293,2471],"class_list":{"0":"post-34063","1":"product","2":"type-product","3":"status-publish","4":"has-post-thumbnail","6":"product_cat-nahradne-diely-na-podvozky","7":"product_cat-retaze-rozety-kryty-na-retaz","8":"product_tag-389","9":"product_tag-karting","10":"product_tag-karting-shop","11":"product_tag-motokary","12":"product_tag-ocelova-rozeta","13":"product_tag-ocelove-ozubene-kolecko","14":"product_tag-ozubene-kolecko","15":"product_tag-ozubene-kolecko-rotax","16":"product_tag-ozubene-kolecko-zadne","17":"product_tag-ozubene-koleso","18":"product_tag-rozeta","19":"product_tag-rozeta-ocelova-pre-retaz-219","20":"product_tag-zadna-rozeta","21":"product_tag-zadne-ozubene-rotax-kolecko","23":"first","24":"outofstock","25":"taxable","26":"shipping-taxable","27":"product-type-variable","28":"customify-col","29":"product-has-gallery"},"aioseo_notices":[],"_links":{"self":[{"href":"https:\/\/motokary-karting.sk\/cz\/wp-json\/wp\/v2\/product\/34063","targetHints":{"allow":["GET"]}}],"collection":[{"href":"https:\/\/motokary-karting.sk\/cz\/wp-json\/wp\/v2\/product"}],"about":[{"href":"https:\/\/motokary-karting.sk\/cz\/wp-json\/wp\/v2\/types\/product"}],"wp:featuredmedia":[{"embeddable":true,"href":"https:\/\/motokary-karting.sk\/cz\/wp-json\/wp\/v2\/media\/34094"}],"wp:attachment":[{"href":"https:\/\/motokary-karting.sk\/cz\/wp-json\/wp\/v2\/media?parent=34063"}],"wp:term":[{"taxonomy":"product_brand","embeddable":true,"href":"https:\/\/motokary-karting.sk\/cz\/wp-json\/wp\/v2\/product_brand?post=34063"},{"taxonomy":"product_cat","embeddable":true,"href":"https:\/\/motokary-karting.sk\/cz\/wp-json\/wp\/v2\/product_cat?post=34063"},{"taxonomy":"product_tag","embeddable":true,"href":"https:\/\/motokary-karting.sk\/cz\/wp-json\/wp\/v2\/product_tag?post=34063"}],"curies":[{"name":"wp","href":"https:\/\/api.w.org\/{rel}","templated":true}]}}