{"id":34131,"date":"2026-05-05T08:24:15","date_gmt":"2026-05-05T08:24:15","guid":{"rendered":"https:\/\/motokary-karting.sk\/?post_type=product&#038;p=34131"},"modified":"2026-05-05T08:29:30","modified_gmt":"2026-05-05T08:29:30","slug":"czchain-retaz-428-mxg-pre-kz-125cc","status":"publish","type":"product","link":"https:\/\/motokary-karting.sk\/cz\/produkt\/czchain-retaz-428-mxg-pre-kz-125cc\/","title":{"rendered":"\u0158et\u011bz CZchain 428 MXG \u2013 pro KZ 125 ccm"},"content":{"rendered":"<p><strong>Doporu\u010den\u00ed KARTING SHOP<\/strong>: Spolehliv\u00fd \u0159et\u011bz, kter\u00fd se nevytahuje, m\u00e1 dlouhou \u017eivotnost a stoj\u00ed za to.<\/p>\n<p>&nbsp;<\/p>\n<p>Spole\u010dnost \u010cZ \u0158et\u011bzy je jedn\u00edm z m\u00e1la v\u00fdrobc\u016f, kte\u0159\u00ed nab\u00edzej\u00ed produkty sv\u011btov\u00e9 t\u0159\u00eddy pou\u017e\u00edvan\u00e9 i v odv\u011btv\u00ed motok\u00e1r. Specifick\u00e9 odv\u011btv\u00ed motok\u00e1r vy\u017eaduje \u0159et\u011bzy s vysokou odolnost\u00ed proti opot\u0159eben\u00ed, mechanick\u00e9mu nam\u00e1h\u00e1n\u00ed a vysok\u00fdm ot\u00e1\u010dk\u00e1m.<\/p>\n<p>Pre motok\u00e1ry bola vyvinut\u00e1 \u0161peci\u00e1lna re\u0165az 428 \u2013 alfou a omegou je prenos maxim\u00e1lneho mo\u017en\u00e9ho v\u00fdkonu s minim\u00e1lnym oh\u013eaduplnos\u0165ou k \u017eivotn\u00e9mu cyklu re\u0165azov\u00e9ho prevodu. Re\u0165aze 219 sa vyr\u00e1baj\u00fa iba v pretek\u00e1rskych verzi\u00e1ch.<\/p>\n<p><em>Dod\u00e1van\u00e9 so spojkou na re\u0165az v balen\u00ed.<\/em><\/p>","protected":false},"excerpt":{"rendered":"<p>Doporu\u010den\u00ed KARTING SHOP: Spolehliv\u00fd \u0159et\u011bz, kter\u00fd se nevytahuje, m\u00e1 dlouhou \u017eivotnost a stoj\u00ed za to.   \u010cZ \u0158et\u011bzy jako jeden z m\u00e1la v\u00fdrobc\u016f nab\u00edz\u00ed produkty sv\u011btov\u00e9\u2026<\/p>","protected":false},"featured_media":34137,"template":"","meta":[],"product_brand":[],"product_cat":[271,173,1240,341],"product_tag":[537,538,536,1306,1308,1307,1310,1309,542,246,541,142,539,81,534,535,540],"class_list":{"0":"post-34131","1":"product","2":"type-product","3":"status-publish","4":"has-post-thumbnail","6":"product_cat-nahradne-diely-na-podvozky","7":"product_cat-podvozky-nahradne-diely","8":"product_cat-remene-retaze-rozety-pozicovna","9":"product_cat-retaze-rozety-kryty-na-retaz","10":"product_tag-125cc-chain","11":"product_tag-125cc-retaz","12":"product_tag-chain","13":"product_tag-did-428-chain","14":"product_tag-did-428-gold","15":"product_tag-did-428-retaz","16":"product_tag-did-428-retaz-zlata","17":"product_tag-did-retaz-zlata","18":"product_tag-go-kart-chain","19":"product_tag-kart","20":"product_tag-kart-chain","21":"product_tag-karting","22":"product_tag-motokarova-retaz","23":"product_tag-motokary","24":"product_tag-retaz","25":"product_tag-retaz-125cc","26":"product_tag-retaz-na-motokaru","28":"first","29":"onbackorder","30":"taxable","31":"shipping-taxable","32":"purchasable","33":"product-type-variable","34":"customify-col"},"aioseo_notices":[],"_links":{"self":[{"href":"https:\/\/motokary-karting.sk\/cz\/wp-json\/wp\/v2\/product\/34131","targetHints":{"allow":["GET"]}}],"collection":[{"href":"https:\/\/motokary-karting.sk\/cz\/wp-json\/wp\/v2\/product"}],"about":[{"href":"https:\/\/motokary-karting.sk\/cz\/wp-json\/wp\/v2\/types\/product"}],"wp:featuredmedia":[{"embeddable":true,"href":"https:\/\/motokary-karting.sk\/cz\/wp-json\/wp\/v2\/media\/34137"}],"wp:attachment":[{"href":"https:\/\/motokary-karting.sk\/cz\/wp-json\/wp\/v2\/media?parent=34131"}],"wp:term":[{"taxonomy":"product_brand","embeddable":true,"href":"https:\/\/motokary-karting.sk\/cz\/wp-json\/wp\/v2\/product_brand?post=34131"},{"taxonomy":"product_cat","embeddable":true,"href":"https:\/\/motokary-karting.sk\/cz\/wp-json\/wp\/v2\/product_cat?post=34131"},{"taxonomy":"product_tag","embeddable":true,"href":"https:\/\/motokary-karting.sk\/cz\/wp-json\/wp\/v2\/product_tag?post=34131"}],"curies":[{"name":"wp","href":"https:\/\/api.w.org\/{rel}","templated":true}]}}