{"id":34172,"date":"2026-05-09T13:33:48","date_gmt":"2026-05-09T13:33:48","guid":{"rendered":"https:\/\/motokary-karting.sk\/?post_type=product&#038;p=34172"},"modified":"2026-05-09T13:51:59","modified_gmt":"2026-05-09T13:51:59","slug":"crg-zadny-brzdovy-plavajuci-kotuc-v11-192mm-std","status":"publish","type":"product","link":"https:\/\/motokary-karting.sk\/cz\/produkt\/crg-zadny-brzdovy-plavajuci-kotuc-v11-192mm-std\/","title":{"rendered":"CRG Zadn\u00ed plovouc\u00ed brzdov\u00fd kotou\u010d V11 192 mm STD"},"content":{"rendered":"<p>P\u016fvodn\u00ed epizoda<\/p>","protected":false},"excerpt":{"rendered":"<p>P\u016fvodn\u00ed epizoda<\/p>","protected":false},"featured_media":34173,"template":"","meta":[],"product_brand":[],"product_cat":[1549,3471,302,3466,271],"product_tag":[1231,1227,3470,3467,142,81,3468,1228,1230,3469],"class_list":{"0":"post-34172","1":"product","2":"type-product","3":"status-publish","4":"has-post-thumbnail","6":"product_cat-brzdove-platnicky","7":"product_cat-brzdy-prislusenstvo-crg-kali-kart","8":"product_cat-brzdy-prislusenstvo","9":"product_cat-crg-kali-kart","10":"product_cat-nahradne-diely-na-podvozky","11":"product_tag-brzdove-dosky-motokara","12":"product_tag-brzdove-platnicky","13":"product_tag-brzdove-platnicky-crg","14":"product_tag-crg-brzdove-platnicky","15":"product_tag-karting","16":"product_tag-motokary","17":"product_tag-platnicky-crg","18":"product_tag-platnicky-na-motokaru","19":"product_tag-zadne-brzdove-platnicky-motokara","20":"product_tag-zadne-platnicky-crg","22":"first","23":"onbackorder","24":"taxable","25":"shipping-taxable","26":"purchasable","27":"product-type-simple","28":"customify-col"},"aioseo_notices":[],"_links":{"self":[{"href":"https:\/\/motokary-karting.sk\/cz\/wp-json\/wp\/v2\/product\/34172","targetHints":{"allow":["GET"]}}],"collection":[{"href":"https:\/\/motokary-karting.sk\/cz\/wp-json\/wp\/v2\/product"}],"about":[{"href":"https:\/\/motokary-karting.sk\/cz\/wp-json\/wp\/v2\/types\/product"}],"wp:featuredmedia":[{"embeddable":true,"href":"https:\/\/motokary-karting.sk\/cz\/wp-json\/wp\/v2\/media\/34173"}],"wp:attachment":[{"href":"https:\/\/motokary-karting.sk\/cz\/wp-json\/wp\/v2\/media?parent=34172"}],"wp:term":[{"taxonomy":"product_brand","embeddable":true,"href":"https:\/\/motokary-karting.sk\/cz\/wp-json\/wp\/v2\/product_brand?post=34172"},{"taxonomy":"product_cat","embeddable":true,"href":"https:\/\/motokary-karting.sk\/cz\/wp-json\/wp\/v2\/product_cat?post=34172"},{"taxonomy":"product_tag","embeddable":true,"href":"https:\/\/motokary-karting.sk\/cz\/wp-json\/wp\/v2\/product_tag?post=34172"}],"curies":[{"name":"wp","href":"https:\/\/api.w.org\/{rel}","templated":true}]}}