{"id":3539,"date":"2020-09-03T10:17:56","date_gmt":"2020-09-03T10:17:56","guid":{"rendered":"https:\/\/motokary-karting.sk\/?post_type=product&#038;p=3539"},"modified":"2026-04-22T15:01:02","modified_gmt":"2026-04-22T15:01:02","slug":"kombinezy-sparco-rookie-2","status":"publish","type":"product","link":"https:\/\/motokary-karting.sk\/cz\/produkt\/sparco-rookie-kombineza\/","title":{"rendered":"Kombin\u00e9za Sparco ROOKIE"},"content":{"rendered":"<p>Speci\u00e1ln\u011b vyvinut\u00fd pro z\u00e1vody, kde nen\u00ed nutn\u00e1 homologace. Sportovn\u00ed design motok\u00e1rov\u00e9 kombin\u00e9zy Sparco ROOKIE byl inspirov\u00e1n homologovanou motok\u00e1rovou kombin\u00e9zou CIK-FIA THUNDER. Kontrastn\u00ed aplikace - v kombinaci s barevn\u011b kontrastn\u00edmi n\u00e1ramen\u00edky - dod\u00e1vaj\u00ed kombin\u00e9ze modern\u00ed a sportovn\u00ed vzhled. Man\u017eety na rukou a nohou, kter\u00e9 jsou typick\u00e9 pro motorsport, zaji\u0161\u0165uj\u00ed stylov\u00e9 zakon\u010den\u00ed. Perforovan\u00e1 vnit\u0159n\u00ed vrstva zaji\u0161\u0165uje optim\u00e1ln\u00ed v\u011btr\u00e1n\u00ed a zvy\u0161uje pohodl\u00ed p\u0159i no\u0161en\u00ed.<\/p>","protected":false},"excerpt":{"rendered":"<p>Speci\u00e1ln\u011b vyvinut\u00fd pro z\u00e1vody, kde nen\u00ed nutn\u00e1 homologace. Sportovn\u00ed design motok\u00e1rov\u00e9 kombin\u00e9zy Sparco ROOKIE byl inspirov\u00e1n homologovanou motok\u00e1rovou kombin\u00e9zou CIK-FIA THUNDER. Kontrastn\u00ed aplikace...<\/p>","protected":false},"featured_media":3540,"template":"","meta":[],"product_brand":[],"product_cat":[22,98,18],"product_tag":[1728,142,1344,482,1042,81,1044,26,1043,1833,1041,1755],"class_list":{"0":"post-3539","1":"product","2":"type-product","3":"status-publish","4":"has-post-thumbnail","6":"product_cat-kombinezy","7":"product_cat-sparco-kombinezy","8":"product_cat-vybava-pretekara","9":"product_tag-kart-shop","10":"product_tag-karting","11":"product_tag-karting-shop","12":"product_tag-kombineza-na-motokary","13":"product_tag-kombineza-sparco","14":"product_tag-motokary","15":"product_tag-rookie","16":"product_tag-sparco","17":"product_tag-sparco-kombineza","18":"product_tag-sparco-kombineza-rookie","19":"product_tag-sparco-rookie","20":"product_tag-sparco-shop","22":"first","23":"instock","24":"taxable","25":"shipping-taxable","26":"purchasable","27":"product-type-variable","28":"customify-col","29":"product-has-gallery"},"aioseo_notices":[],"_links":{"self":[{"href":"https:\/\/motokary-karting.sk\/cz\/wp-json\/wp\/v2\/product\/3539","targetHints":{"allow":["GET"]}}],"collection":[{"href":"https:\/\/motokary-karting.sk\/cz\/wp-json\/wp\/v2\/product"}],"about":[{"href":"https:\/\/motokary-karting.sk\/cz\/wp-json\/wp\/v2\/types\/product"}],"wp:featuredmedia":[{"embeddable":true,"href":"https:\/\/motokary-karting.sk\/cz\/wp-json\/wp\/v2\/media\/3540"}],"wp:attachment":[{"href":"https:\/\/motokary-karting.sk\/cz\/wp-json\/wp\/v2\/media?parent=3539"}],"wp:term":[{"taxonomy":"product_brand","embeddable":true,"href":"https:\/\/motokary-karting.sk\/cz\/wp-json\/wp\/v2\/product_brand?post=3539"},{"taxonomy":"product_cat","embeddable":true,"href":"https:\/\/motokary-karting.sk\/cz\/wp-json\/wp\/v2\/product_cat?post=3539"},{"taxonomy":"product_tag","embeddable":true,"href":"https:\/\/motokary-karting.sk\/cz\/wp-json\/wp\/v2\/product_tag?post=3539"}],"curies":[{"name":"wp","href":"https:\/\/api.w.org\/{rel}","templated":true}]}}